{"id":4008,"date":"2024-01-16T10:41:26","date_gmt":"2024-01-16T09:41:26","guid":{"rendered":"https:\/\/progresser-aux-echecs.com\/?page_id=4008"},"modified":"2024-03-05T10:47:43","modified_gmt":"2024-03-05T09:47:43","slug":"colo-echecs-a-lathus-86-juillet-2024","status":"publish","type":"page","link":"https:\/\/progresser-aux-echecs.com\/?page_id=4008","title":{"rendered":"Colo \u00e9checs \u00e0 Lathus (86) &#8211; juillet 2024"},"content":{"rendered":"\n<p>Avec l\u2019\u00c9chiquier Poitevin et Formation \u00e9chec et mat j\u2019organise la 5<sup>e<\/sup> \u00e9dition de notre s\u00e9jour de vacances, avec <strong>deux semaines<\/strong> au choix ou cumulables :<br>&#8211; <strong>Semaine 1 :<\/strong> du dimanche 07 au samedi 13 juillet 2024<br>&#8211; <strong>Semaine 2 :<\/strong> du dimanche 14 au samedi 20 juillet 2024<br>Pour les 8-17 ans.<br>Toujours dans la Vienne <strong>\u00e0 Lathus<\/strong>.<\/p>\n\n\n\n<p>Diff\u00e9rents <strong>transports<\/strong> :<br>\u2013 un <strong>accompagnement en train<\/strong> est propos\u00e9 pour les aller-retour <strong>Bordeaux &#8211; Lathus<\/strong> et <strong>Paris-Montparnasse \u2013 Lathus<\/strong>  (nombre de places limit\u00e9)<br>\u2013 <strong>covoiturage<\/strong> : les parents int\u00e9ress\u00e9s sont mis en lien.<\/p>\n\n\n\n<p><strong>L&rsquo;\u00e9quipe d&rsquo;animation<\/strong> est nombreuse et exp\u00e9riment\u00e9e. C&rsquo;est les habitu\u00e9s : Soha, Lo\u00efc, Ma\u00e9va, Nicolas, Anatole, Sim\u00e9on, les deux Julien, Pascal, Simon et F\u00e9lix. \ud83d\ude42<\/p>\n\n\n<div class=\"wp-block-image\">\n<figure class=\"aligncenter size-full is-resized\"><a href=\"https:\/\/progresser-aux-echecs.com\/wp-content\/uploads\/2021\/07\/IMG_20210715_172032-scaled.jpg\"><img loading=\"lazy\" decoding=\"async\" width=\"2560\" height=\"1920\" src=\"https:\/\/progresser-aux-echecs.com\/wp-content\/uploads\/2021\/07\/IMG_20210715_172032-scaled.jpg\" alt=\"\" class=\"wp-image-2926\" style=\"object-fit:cover;width:450px;height:254px\" srcset=\"https:\/\/progresser-aux-echecs.com\/wp-content\/uploads\/2021\/07\/IMG_20210715_172032-scaled.jpg 2560w, https:\/\/progresser-aux-echecs.com\/wp-content\/uploads\/2021\/07\/IMG_20210715_172032-300x225.jpg 300w, https:\/\/progresser-aux-echecs.com\/wp-content\/uploads\/2021\/07\/IMG_20210715_172032-1024x768.jpg 1024w, https:\/\/progresser-aux-echecs.com\/wp-content\/uploads\/2021\/07\/IMG_20210715_172032-768x576.jpg 768w, https:\/\/progresser-aux-echecs.com\/wp-content\/uploads\/2021\/07\/IMG_20210715_172032-1536x1152.jpg 1536w, https:\/\/progresser-aux-echecs.com\/wp-content\/uploads\/2021\/07\/IMG_20210715_172032-2048x1536.jpg 2048w\" sizes=\"auto, (max-width: 2560px) 100vw, 2560px\" \/><\/a><figcaption class=\"wp-element-caption\">Lathus juillet 2021<\/figcaption><\/figure>\n<\/div>\n\n\n<p>Les joueurs se perfectionnent en <strong>petits groupes de niveau<\/strong> chaque matin, avec un entra\u00eeneur qualifi\u00e9.<br><strong>Les d\u00e9butants aux \u00e9checs sont les bienvenus !<\/strong> Ils ont leur propre groupe d&rsquo;entra\u00eenement : une initiation ludique \u00e0 l\u2019univers de la comp\u00e9tition.<\/p>\n\n\n\n<p>Les <strong>animations \u00e9checs<\/strong> sont vari\u00e9es : parties simultan\u00e9es, tournoi rapide homologu\u00e9, cross \u00e9checs, etc.<br>Et les journ\u00e9es sont \u00e9quilibr\u00e9es chaque apr\u00e8s-midi par <strong>du sport en niveau loisir<\/strong> par groupes d&rsquo;\u00e2ge : accrobranche, kayak, grands jeux d&rsquo;ext\u00e9rieur par \u00e9quipes, etc.<\/p>\n\n\n\n<p><a href=\"https:\/\/progresser-aux-echecs.com\/wp-content\/uploads\/2024\/02\/Programme_et_prix_colo_Lathus-2024.pdf\">Programme et tarifs de la colo<\/a> (avec Modalit\u00e9s d&rsquo;inscription)<\/p>\n\n\n\n<p><a href=\"https:\/\/progresser-aux-echecs.com\/wp-content\/uploads\/2024\/01\/Affiche_colo_Lathus_juillet-2024.pdf\">Affiche de la colo<\/a><\/p>\n\n\n\n<figure class=\"wp-block-gallery has-nested-images columns-default is-cropped wp-block-gallery-1 is-layout-flex wp-block-gallery-is-layout-flex\">\n<figure class=\"wp-block-image size-large\"><a href=\"https:\/\/progresser-aux-echecs.com\/wp-content\/uploads\/2023\/08\/IMG-20230723-WA0022.jpg\"><img loading=\"lazy\" decoding=\"async\" width=\"1024\" height=\"768\" data-id=\"3808\" src=\"https:\/\/progresser-aux-echecs.com\/wp-content\/uploads\/2023\/08\/IMG-20230723-WA0022-1024x768.jpg\" alt=\"\" class=\"wp-image-3808\" srcset=\"https:\/\/progresser-aux-echecs.com\/wp-content\/uploads\/2023\/08\/IMG-20230723-WA0022-1024x768.jpg 1024w, https:\/\/progresser-aux-echecs.com\/wp-content\/uploads\/2023\/08\/IMG-20230723-WA0022-300x225.jpg 300w, https:\/\/progresser-aux-echecs.com\/wp-content\/uploads\/2023\/08\/IMG-20230723-WA0022-768x576.jpg 768w, https:\/\/progresser-aux-echecs.com\/wp-content\/uploads\/2023\/08\/IMG-20230723-WA0022-1536x1152.jpg 1536w, https:\/\/progresser-aux-echecs.com\/wp-content\/uploads\/2023\/08\/IMG-20230723-WA0022.jpg 2000w\" sizes=\"auto, (max-width: 1024px) 100vw, 1024px\" \/><\/a><\/figure>\n\n\n\n<figure class=\"wp-block-image size-large\"><a href=\"https:\/\/progresser-aux-echecs.com\/wp-content\/uploads\/2023\/08\/IMG-20230815-WA0304-1.jpg\"><img loading=\"lazy\" decoding=\"async\" width=\"1024\" height=\"768\" data-id=\"3813\" src=\"https:\/\/progresser-aux-echecs.com\/wp-content\/uploads\/2023\/08\/IMG-20230815-WA0304-1-1024x768.jpg\" alt=\"\" class=\"wp-image-3813\" srcset=\"https:\/\/progresser-aux-echecs.com\/wp-content\/uploads\/2023\/08\/IMG-20230815-WA0304-1-1024x768.jpg 1024w, https:\/\/progresser-aux-echecs.com\/wp-content\/uploads\/2023\/08\/IMG-20230815-WA0304-1-300x225.jpg 300w, https:\/\/progresser-aux-echecs.com\/wp-content\/uploads\/2023\/08\/IMG-20230815-WA0304-1-768x576.jpg 768w, https:\/\/progresser-aux-echecs.com\/wp-content\/uploads\/2023\/08\/IMG-20230815-WA0304-1-1536x1153.jpg 1536w, https:\/\/progresser-aux-echecs.com\/wp-content\/uploads\/2023\/08\/IMG-20230815-WA0304-1.jpg 1599w\" sizes=\"auto, (max-width: 1024px) 100vw, 1024px\" \/><\/a><\/figure>\n\n\n\n<figure class=\"wp-block-image size-large\"><a href=\"https:\/\/progresser-aux-echecs.com\/wp-content\/uploads\/2023\/08\/WhatsApp-Image-2023-07-11-a-18.36.01.jpg\"><img loading=\"lazy\" decoding=\"async\" width=\"768\" height=\"1024\" data-id=\"3814\" src=\"https:\/\/progresser-aux-echecs.com\/wp-content\/uploads\/2023\/08\/WhatsApp-Image-2023-07-11-a-18.36.01-768x1024.jpg\" alt=\"\" class=\"wp-image-3814\" srcset=\"https:\/\/progresser-aux-echecs.com\/wp-content\/uploads\/2023\/08\/WhatsApp-Image-2023-07-11-a-18.36.01-768x1024.jpg 768w, https:\/\/progresser-aux-echecs.com\/wp-content\/uploads\/2023\/08\/WhatsApp-Image-2023-07-11-a-18.36.01-225x300.jpg 225w, https:\/\/progresser-aux-echecs.com\/wp-content\/uploads\/2023\/08\/WhatsApp-Image-2023-07-11-a-18.36.01-1152x1536.jpg 1152w, https:\/\/progresser-aux-echecs.com\/wp-content\/uploads\/2023\/08\/WhatsApp-Image-2023-07-11-a-18.36.01.jpg 1200w\" sizes=\"auto, (max-width: 768px) 100vw, 768px\" \/><\/a><\/figure>\n\n\n\n<figure class=\"wp-block-image size-large\"><a href=\"https:\/\/progresser-aux-echecs.com\/wp-content\/uploads\/2023\/08\/IMG-20230815-WA0298.jpg\"><img loading=\"lazy\" decoding=\"async\" width=\"1024\" height=\"768\" data-id=\"3811\" src=\"https:\/\/progresser-aux-echecs.com\/wp-content\/uploads\/2023\/08\/IMG-20230815-WA0298-1024x768.jpg\" alt=\"\" class=\"wp-image-3811\" srcset=\"https:\/\/progresser-aux-echecs.com\/wp-content\/uploads\/2023\/08\/IMG-20230815-WA0298-1024x768.jpg 1024w, https:\/\/progresser-aux-echecs.com\/wp-content\/uploads\/2023\/08\/IMG-20230815-WA0298-300x225.jpg 300w, https:\/\/progresser-aux-echecs.com\/wp-content\/uploads\/2023\/08\/IMG-20230815-WA0298-768x576.jpg 768w, https:\/\/progresser-aux-echecs.com\/wp-content\/uploads\/2023\/08\/IMG-20230815-WA0298-1536x1153.jpg 1536w, https:\/\/progresser-aux-echecs.com\/wp-content\/uploads\/2023\/08\/IMG-20230815-WA0298.jpg 1599w\" sizes=\"auto, (max-width: 1024px) 100vw, 1024px\" \/><\/a><\/figure>\n\n\n\n<figure class=\"wp-block-image size-large\"><a href=\"https:\/\/progresser-aux-echecs.com\/wp-content\/uploads\/2023\/08\/IMG-20230803-WA0014.jpg\"><img loading=\"lazy\" decoding=\"async\" width=\"768\" height=\"1024\" data-id=\"3809\" src=\"https:\/\/progresser-aux-echecs.com\/wp-content\/uploads\/2023\/08\/IMG-20230803-WA0014-768x1024.jpg\" alt=\"\" class=\"wp-image-3809\" srcset=\"https:\/\/progresser-aux-echecs.com\/wp-content\/uploads\/2023\/08\/IMG-20230803-WA0014-768x1024.jpg 768w, https:\/\/progresser-aux-echecs.com\/wp-content\/uploads\/2023\/08\/IMG-20230803-WA0014-225x300.jpg 225w, https:\/\/progresser-aux-echecs.com\/wp-content\/uploads\/2023\/08\/IMG-20230803-WA0014-1152x1536.jpg 1152w, https:\/\/progresser-aux-echecs.com\/wp-content\/uploads\/2023\/08\/IMG-20230803-WA0014.jpg 1200w\" sizes=\"auto, (max-width: 768px) 100vw, 768px\" \/><\/a><\/figure>\n\n\n\n<figure class=\"wp-block-image size-large\"><a href=\"https:\/\/progresser-aux-echecs.com\/wp-content\/uploads\/2023\/08\/IMG-20230815-WA0545.jpg\"><img loading=\"lazy\" decoding=\"async\" width=\"1024\" height=\"768\" data-id=\"3816\" src=\"https:\/\/progresser-aux-echecs.com\/wp-content\/uploads\/2023\/08\/IMG-20230815-WA0545-1024x768.jpg\" alt=\"\" class=\"wp-image-3816\" srcset=\"https:\/\/progresser-aux-echecs.com\/wp-content\/uploads\/2023\/08\/IMG-20230815-WA0545-1024x768.jpg 1024w, https:\/\/progresser-aux-echecs.com\/wp-content\/uploads\/2023\/08\/IMG-20230815-WA0545-300x225.jpg 300w, https:\/\/progresser-aux-echecs.com\/wp-content\/uploads\/2023\/08\/IMG-20230815-WA0545-768x576.jpg 768w, https:\/\/progresser-aux-echecs.com\/wp-content\/uploads\/2023\/08\/IMG-20230815-WA0545-1536x1153.jpg 1536w, https:\/\/progresser-aux-echecs.com\/wp-content\/uploads\/2023\/08\/IMG-20230815-WA0545.jpg 1599w\" sizes=\"auto, (max-width: 1024px) 100vw, 1024px\" \/><\/a><\/figure>\n<\/figure>\n","protected":false},"excerpt":{"rendered":"<p>Avec l\u2019\u00c9chiquier Poitevin et Formation \u00e9chec et mat j\u2019organise la 5e \u00e9dition de notre s\u00e9jour de vacances, avec deux semaines au choix ou cumulables :&#8211; Semaine 1 : du dimanche 07 au samedi 13 juillet 2024&#8211; Semaine 2 : du dimanche 14 au samedi 20 juillet 2024Pour les 8-17 ans.Toujours dans la Vienne \u00e0 Lathus.&hellip; <a class=\"more-link\" href=\"https:\/\/progresser-aux-echecs.com\/?page_id=4008\">Poursuivre la lecture <span class=\"screen-reader-text\">Colo \u00e9checs \u00e0 Lathus (86) &#8211; juillet 2024<\/span><\/a><\/p>\n","protected":false},"author":1,"featured_media":3815,"parent":0,"menu_order":0,"comment_status":"closed","ping_status":"closed","template":"","meta":{"footnotes":""},"class_list":["post-4008","page","type-page","status-publish","has-post-thumbnail","hentry","entry"],"_links":{"self":[{"href":"https:\/\/progresser-aux-echecs.com\/index.php?rest_route=\/wp\/v2\/pages\/4008","targetHints":{"allow":["GET"]}}],"collection":[{"href":"https:\/\/progresser-aux-echecs.com\/index.php?rest_route=\/wp\/v2\/pages"}],"about":[{"href":"https:\/\/progresser-aux-echecs.com\/index.php?rest_route=\/wp\/v2\/types\/page"}],"author":[{"embeddable":true,"href":"https:\/\/progresser-aux-echecs.com\/index.php?rest_route=\/wp\/v2\/users\/1"}],"replies":[{"embeddable":true,"href":"https:\/\/progresser-aux-echecs.com\/index.php?rest_route=%2Fwp%2Fv2%2Fcomments&post=4008"}],"version-history":[{"count":7,"href":"https:\/\/progresser-aux-echecs.com\/index.php?rest_route=\/wp\/v2\/pages\/4008\/revisions"}],"predecessor-version":[{"id":4053,"href":"https:\/\/progresser-aux-echecs.com\/index.php?rest_route=\/wp\/v2\/pages\/4008\/revisions\/4053"}],"wp:featuredmedia":[{"embeddable":true,"href":"https:\/\/progresser-aux-echecs.com\/index.php?rest_route=\/wp\/v2\/media\/3815"}],"wp:attachment":[{"href":"https:\/\/progresser-aux-echecs.com\/index.php?rest_route=%2Fwp%2Fv2%2Fmedia&parent=4008"}],"curies":[{"name":"wp","href":"https:\/\/api.w.org\/{rel}","templated":true}]}}