{"id":3418,"date":"2022-10-06T19:22:09","date_gmt":"2022-10-06T17:22:09","guid":{"rendered":"https:\/\/progresser-aux-echecs.com\/?page_id=3418"},"modified":"2023-10-17T05:49:34","modified_gmt":"2023-10-17T03:49:34","slug":"accompagnement-de-jeunes-au-festival-international-de-tours-du-26-au-30-12-2022","status":"publish","type":"page","link":"https:\/\/progresser-aux-echecs.com\/?page_id=3418","title":{"rendered":"S\u00e9jour d&rsquo;accompagnement en comp\u00e9tition \u00e0 Tours du 26 au 30\/12\/2022"},"content":{"rendered":"\n<p>Les jeunes de 8 \u00e0 17 ans jouent le Festival international de Tours :<br>&#8211; <strong>Open A<\/strong> pour les plus forts<br>&#8211; <strong>Open B<\/strong> moins de 1500 elo, adapt\u00e9 pour les jeunes joueurs ou pour d\u00e9couvrir la comp\u00e9tition<\/p>\n\n\n\n<p>L&rsquo;\u00e9quipe d&rsquo;animation se charge d&rsquo;<strong>entra\u00eener <\/strong>les enfants et ados pour leurs parties, de les <strong>encadrer<\/strong> et d&rsquo;<strong>animer<\/strong> le s\u00e9jour.<br>Chaque entra\u00eeneur fait le <strong>suivi individualis\u00e9<\/strong> de 4 \u00e9l\u00e8ves au maximum.<br>C&rsquo;est \u00e0 dire pr\u00e9paration technique et psychologique des parties, et analyse des parties.<br>Des conditions d&rsquo;entra\u00eenement id\u00e9ales !<\/p>\n\n\n<div class=\"wp-block-image\">\n<figure class=\"aligncenter size-full is-resized\"><a href=\"https:\/\/progresser-aux-echecs.com\/wp-content\/uploads\/2022\/07\/IMG-20220719-WA0023-1.jpg\"><img loading=\"lazy\" decoding=\"async\" src=\"https:\/\/progresser-aux-echecs.com\/wp-content\/uploads\/2022\/07\/IMG-20220719-WA0023-1.jpg\" alt=\"\" class=\"wp-image-3334\" width=\"350\" height=\"263\" srcset=\"https:\/\/progresser-aux-echecs.com\/wp-content\/uploads\/2022\/07\/IMG-20220719-WA0023-1.jpg 700w, https:\/\/progresser-aux-echecs.com\/wp-content\/uploads\/2022\/07\/IMG-20220719-WA0023-1-300x225.jpg 300w\" sizes=\"auto, (max-width: 350px) 100vw, 350px\" \/><\/a><figcaption class=\"wp-element-caption\">Le s\u00e9jour pr\u00e9c\u00e9dent \u00e0 Lathus (86) en juillet 2022<\/figcaption><\/figure>\n<\/div>\n\n\n<p><strong>Les entra\u00eeneurs :<\/strong><br>Pascal Souevamanien, \u00e9lo 1913, DAFFE1<br>Anatole Grundman, \u00e9lo 2137, BAFA<br>Sim\u00e9on Pottier, \u00e9lo 2177, DEFFE1<br>Xavier B\u00e9douin, Ma\u00eetre International, DEFFE3<br><strong>Les animateurs :<\/strong><br>Machaela Proudley, enseignante d&rsquo;anglais<br>Nicolas Fournier, \u00e9lo 1622, BAFA<\/p>\n\n\n<div class=\"wp-block-image\">\n<figure class=\"alignright size-full\"><a href=\"https:\/\/progresser-aux-echecs.com\/wp-content\/uploads\/2022\/10\/Logo-ET_v6.png\"><img loading=\"lazy\" decoding=\"async\" width=\"156\" height=\"219\" src=\"https:\/\/progresser-aux-echecs.com\/wp-content\/uploads\/2022\/10\/Logo-ET_v6.png\" alt=\"\" class=\"wp-image-3429\"\/><\/a><\/figure>\n<\/div>\n\n\n<p>Les jeunes sont en <strong>pension compl\u00e8te<\/strong> \u00e0 l&rsquo;auberge de jeunesse ThePeopleHostel, \u00e0 10 min \u00e0 pied de la salle de jeu.<\/p>\n\n\n\n<p>Diff\u00e9rents <strong>transports<\/strong> :<br>&#8211; <strong>la gare TGV<\/strong> de Tours est \u00e0 5 min \u00e0 pied de la salle de jeu.<br>Un <strong>accompagnement<\/strong> est propos\u00e9 pour l&rsquo;aller-retour <strong>Paris-Montparnasse &#8211; Tours<\/strong>.<br>&#8211; <strong>covoiturage<\/strong> : les parents volontaires sont mis en lien.<\/p>\n\n\n\n<p><a href=\"https:\/\/progresser-aux-echecs.com\/wp-content\/uploads\/2022\/11\/Programme_du_sejour_Tours_2022.pdf\">Programme du s\u00e9jour d&rsquo;accompagnement en comp\u00e9tition<\/a> (avec Modalit\u00e9s d&rsquo;inscription et Prix)<\/p>\n\n\n\n<p><a href=\"https:\/\/progresser-aux-echecs.com\/wp-content\/uploads\/2022\/10\/Affiche_du_sejour_Tours_2022.pdf\">Affiche du s\u00e9jour<\/a><\/p>\n\n\n\n<p>Nombre de places limit\u00e9 : au 17\/11 il reste <strong>4 places<\/strong>.<\/p>\n\n\n\n<p><a href=\"https:\/\/www.echiquiertourangeau.org\/?page_id=29624\">La page du Festival international de Tours<\/a><\/p>\n\n\n\n<p><a href=\"https:\/\/www.helloasso.com\/associations\/echiquier-tourangeau\/evenements\/2eme-festival-international-d-echecs-de-tours\">Paiement de l&rsquo;inscription au tournoi via HelloAsso<\/a><\/p>\n\n\n<div class=\"wp-block-image\">\n<figure class=\"aligncenter size-full is-resized\"><a href=\"https:\/\/progresser-aux-echecs.com\/wp-content\/uploads\/2022\/11\/salle_des_fetes.jpg\"><img loading=\"lazy\" decoding=\"async\" src=\"https:\/\/progresser-aux-echecs.com\/wp-content\/uploads\/2022\/11\/salle_des_fetes.jpg\" alt=\"\" class=\"wp-image-3538\" width=\"320\" height=\"214\" srcset=\"https:\/\/progresser-aux-echecs.com\/wp-content\/uploads\/2022\/11\/salle_des_fetes.jpg 640w, https:\/\/progresser-aux-echecs.com\/wp-content\/uploads\/2022\/11\/salle_des_fetes-300x200.jpg 300w\" sizes=\"auto, (max-width: 320px) 100vw, 320px\" \/><\/a><figcaption class=\"wp-element-caption\">La salle de jeu<\/figcaption><\/figure>\n<\/div>","protected":false},"excerpt":{"rendered":"<p>Les jeunes de 8 \u00e0 17 ans jouent le Festival international de Tours :&#8211; Open A pour les plus forts&#8211; Open B moins de 1500 elo, adapt\u00e9 pour les jeunes joueurs ou pour d\u00e9couvrir la comp\u00e9tition L&rsquo;\u00e9quipe d&rsquo;animation se charge d&rsquo;entra\u00eener les enfants et ados pour leurs parties, de les encadrer et d&rsquo;animer le s\u00e9jour.Chaque&hellip; <a class=\"more-link\" href=\"https:\/\/progresser-aux-echecs.com\/?page_id=3418\">Poursuivre la lecture <span class=\"screen-reader-text\">S\u00e9jour d&rsquo;accompagnement en comp\u00e9tition \u00e0 Tours du 26 au 30\/12\/2022<\/span><\/a><\/p>\n","protected":false},"author":1,"featured_media":3431,"parent":0,"menu_order":0,"comment_status":"closed","ping_status":"closed","template":"","meta":{"footnotes":""},"class_list":["post-3418","page","type-page","status-publish","has-post-thumbnail","hentry","entry"],"_links":{"self":[{"href":"https:\/\/progresser-aux-echecs.com\/index.php?rest_route=\/wp\/v2\/pages\/3418","targetHints":{"allow":["GET"]}}],"collection":[{"href":"https:\/\/progresser-aux-echecs.com\/index.php?rest_route=\/wp\/v2\/pages"}],"about":[{"href":"https:\/\/progresser-aux-echecs.com\/index.php?rest_route=\/wp\/v2\/types\/page"}],"author":[{"embeddable":true,"href":"https:\/\/progresser-aux-echecs.com\/index.php?rest_route=\/wp\/v2\/users\/1"}],"replies":[{"embeddable":true,"href":"https:\/\/progresser-aux-echecs.com\/index.php?rest_route=%2Fwp%2Fv2%2Fcomments&post=3418"}],"version-history":[{"count":37,"href":"https:\/\/progresser-aux-echecs.com\/index.php?rest_route=\/wp\/v2\/pages\/3418\/revisions"}],"predecessor-version":[{"id":3919,"href":"https:\/\/progresser-aux-echecs.com\/index.php?rest_route=\/wp\/v2\/pages\/3418\/revisions\/3919"}],"wp:featuredmedia":[{"embeddable":true,"href":"https:\/\/progresser-aux-echecs.com\/index.php?rest_route=\/wp\/v2\/media\/3431"}],"wp:attachment":[{"href":"https:\/\/progresser-aux-echecs.com\/index.php?rest_route=%2Fwp%2Fv2%2Fmedia&parent=3418"}],"curies":[{"name":"wp","href":"https:\/\/api.w.org\/{rel}","templated":true}]}}