{"id":33,"date":"2014-01-02T23:20:13","date_gmt":"2014-01-02T22:20:13","guid":{"rendered":"http:\/\/www.progresser-aux-echecs.com\/?page_id=33"},"modified":"2025-03-23T21:50:47","modified_gmt":"2025-03-23T20:50:47","slug":"parcours","status":"publish","type":"page","link":"https:\/\/progresser-aux-echecs.com\/?page_id=33","title":{"rendered":"Mon parcours"},"content":{"rendered":"<p style=\"text-align: justify;\">J&rsquo;ai 43 ans, je vis \u00e0 Poitiers et je joue pour <a href=\"https:\/\/www.echiquierpoitevin.fr\/\">l\u2019\u00c9chiquier Poitevin<\/a>.<\/p>\n<figure id=\"attachment_552\" aria-describedby=\"caption-attachment-552\" style=\"width: 206px\" class=\"wp-caption alignright\"><a href=\"https:\/\/www.progresser-aux-echecs.com\/wp-content\/uploads\/2014\/01\/xavier-bedouin.jpg\"><img loading=\"lazy\" decoding=\"async\" class=\"wp-image-552 size-full\" src=\"https:\/\/progresser-aux-echecs.com\/wp-content\/uploads\/2014\/01\/xavier-bedouin.jpg\" alt=\"xavier-bedouin\" width=\"206\" height=\"239\" \/><\/a><figcaption id=\"caption-attachment-552\" class=\"wp-caption-text\">photo par John Cappon<\/figcaption><\/figure>\n<p style=\"text-align: justify;\">J&rsquo;enseigne les \u00e9checs aux joueurs de club depuis le d\u00e9but des ann\u00e9es 2000, et j&rsquo;ai d\u00e9cid\u00e9 en 2006 d&rsquo;en faire mon <strong>m\u00e9tier<\/strong>. Ainsi je concilie ma passion pour les \u00e9checs et mon go\u00fbt pour l&rsquo;enseignement et la p\u00e9dagogie.<br \/>J&rsquo;ai opt\u00e9 pour le statut d&rsquo;<strong>auto-entrepreneur<\/strong>, qui me permet de travailler pour diff\u00e9rentes structures.<\/p>\n<p style=\"text-align: justify;\">Je suis <strong>autodidacte<\/strong> : je me suis form\u00e9 en lisant les meilleurs auteurs, en tenant compte des conseils de mes amis joueurs, et en analysant r\u00e9guli\u00e8rement mes propres parties. Ce travail accompli sur moi-m\u00eame et <strong>les m\u00e9thodes<\/strong> utilis\u00e9es me servent beaucoup aujourd&rsquo;hui en tant qu&rsquo;enseignant.<\/p>\n<p style=\"text-align: justify;\">Si vous voulez en savoir plus, consultez mon CV et mon exp\u00e9rience professionnelle\u00a0:<\/p>\n<h2>CV et palmar\u00e8s<\/h2>\n<table style=\"border: 0px none; height: 30px;\" width=\"23\">\n<tbody>\n<tr>\n<td style=\"border: 1px solid white;\"><a href=\"https:\/\/www.progresser-aux-echecs.com\/wp-content\/uploads\/2014\/01\/deffe.jpg\"><img loading=\"lazy\" decoding=\"async\" class=\"aligncenter wp-image-553 size-medium\" src=\"https:\/\/progresser-aux-echecs.com\/wp-content\/uploads\/2014\/01\/deffe-300x213.jpg\" alt=\"deffe\" width=\"300\" height=\"213\" srcset=\"https:\/\/progresser-aux-echecs.com\/wp-content\/uploads\/2014\/01\/deffe-300x213.jpg 300w, https:\/\/progresser-aux-echecs.com\/wp-content\/uploads\/2014\/01\/deffe.jpg 420w\" sizes=\"auto, (max-width: 300px) 100vw, 300px\" \/><\/a><a href=\"https:\/\/www.progresser-aux-echecs.com\/wp-content\/uploads\/2015\/03\/DAFFE2.jpg\"><img loading=\"lazy\" decoding=\"async\" class=\"aligncenter wp-image-849 size-medium\" src=\"https:\/\/progresser-aux-echecs.com\/wp-content\/uploads\/2015\/03\/DAFFE2-300x218.jpg\" alt=\"DAFFE2\" width=\"300\" height=\"218\" srcset=\"https:\/\/progresser-aux-echecs.com\/wp-content\/uploads\/2015\/03\/DAFFE2-300x218.jpg 300w, https:\/\/progresser-aux-echecs.com\/wp-content\/uploads\/2015\/03\/DAFFE2.jpg 800w\" sizes=\"auto, (max-width: 300px) 100vw, 300px\" \/><\/a><\/td>\n<td style=\"border: 1px solid white;\"><a href=\"https:\/\/www.progresser-aux-echecs.com\/wp-content\/uploads\/2021\/06\/bafa-scaled.jpg\"><img loading=\"lazy\" decoding=\"async\" class=\"aligncenter wp-image-2880 size-medium\" src=\"https:\/\/progresser-aux-echecs.com\/wp-content\/uploads\/2021\/06\/bafa-212x300.jpg\" alt=\"\" width=\"212\" height=\"300\" srcset=\"https:\/\/progresser-aux-echecs.com\/wp-content\/uploads\/2021\/06\/bafa-212x300.jpg 212w, https:\/\/progresser-aux-echecs.com\/wp-content\/uploads\/2021\/06\/bafa-724x1024.jpg 724w, https:\/\/progresser-aux-echecs.com\/wp-content\/uploads\/2021\/06\/bafa-768x1087.jpg 768w, https:\/\/progresser-aux-echecs.com\/wp-content\/uploads\/2021\/06\/bafa-1085x1536.jpg 1085w, https:\/\/progresser-aux-echecs.com\/wp-content\/uploads\/2021\/06\/bafa-1447x2048.jpg 1447w, https:\/\/progresser-aux-echecs.com\/wp-content\/uploads\/2021\/06\/bafa-scaled.jpg 1809w\" sizes=\"auto, (max-width: 212px) 100vw, 212px\" \/><\/a><a href=\"https:\/\/www.progresser-aux-echecs.com\/wp-content\/uploads\/2014\/01\/mi1.jpg\"><img loading=\"lazy\" decoding=\"async\" class=\"aligncenter wp-image-554 size-medium\" src=\"https:\/\/progresser-aux-echecs.com\/wp-content\/uploads\/2014\/01\/mi1-210x300.jpg\" alt=\"mi\" width=\"210\" height=\"300\" srcset=\"https:\/\/progresser-aux-echecs.com\/wp-content\/uploads\/2014\/01\/mi1-210x300.jpg 210w, https:\/\/progresser-aux-echecs.com\/wp-content\/uploads\/2014\/01\/mi1.jpg 300w\" sizes=\"auto, (max-width: 210px) 100vw, 210px\" \/><\/a><\/td>\n<td style=\"border: 1px solid white;\">\u00a0<\/td>\n<td style=\"border: 1px solid white;\" data-wp-editing=\"1\">\u00a0<\/td>\n<\/tr>\n<\/tbody>\n<\/table>\n<table border=\"0\" width=\"605\" cellspacing=\"0\" cellpadding=\"2\"><colgroup> <col width=\"46\" \/> <col width=\"80\" \/> <col width=\"479\" \/> <\/colgroup>\n<tbody>\n<tr>\n<td width=\"46\">2024<\/td>\n<td width=\"80\">d\u00e9cembre<\/td>\n<td width=\"479\">Certificat de Qualification Professionnelle Animateur d&rsquo;\u00e9checs<\/td>\n<\/tr>\n<tr>\n<td width=\"46\">2021<\/td>\n<td width=\"80\">juin<\/td>\n<td width=\"479\">Dipl\u00f4me de Ma\u00eetre-Entra\u00eeneur de la FFE (DEFFE 3)<\/td>\n<\/tr>\n<tr>\n<td width=\"46\">2021<\/td>\n<td width=\"80\">f\u00e9vrier<\/td>\n<td width=\"479\">Brevet d&rsquo;Aptitude aux Fonctions d&rsquo;Animateur (BAFA)<\/td>\n<\/tr>\n<tr>\n<td width=\"46\">2019<\/td>\n<td width=\"80\">d\u00e9cembre<\/td>\n<td width=\"479\">Dipl\u00f4me de Professeur de la FFE (DAFFE 3)<\/td>\n<\/tr>\n<tr>\n<td width=\"46\">2017<\/td>\n<td width=\"80\">septembre<\/td>\n<td width=\"479\">1<sup>er<\/sup> de l&rsquo;Open de rentr\u00e9e de Sautron<\/td>\n<\/tr>\n<tr>\n<td width=\"46\">2015<\/td>\n<td width=\"80\">mars<\/td>\n<td width=\"479\">Dipl\u00f4me d&rsquo;Educateur de la FFE (DAFFE 2)<\/td>\n<\/tr>\n<tr>\n<td width=\"46\">2014<\/td>\n<td width=\"80\">juin<\/td>\n<td width=\"479\">Finale de Coupe de France avec Poitiers-Mign\u00e9<\/td>\n<\/tr>\n<tr>\n<td width=\"46\">2014<\/td>\n<td width=\"80\">avril<\/td>\n<td width=\"479\">Remont\u00e9e en Top 12 avec Poitiers-Mign\u00e9<\/td>\n<\/tr>\n<tr>\n<td width=\"46\">2012<\/td>\n<td width=\"80\">avril<\/td>\n<td width=\"479\">Mont\u00e9e en Top 12 avec Poitiers-Mign\u00e9<br \/>Meilleur buteur de l&rsquo;\u00e9quipe avec 8,5\/11 (perf 2467)<\/td>\n<\/tr>\n<tr>\n<td width=\"46\">2011<\/td>\n<td width=\"80\">mai<\/td>\n<td width=\"479\">Demi-finale de Coupe de France avec Poitiers-Mign\u00e9<br \/>Meilleur buteur de l&rsquo;\u00e9quipe avec 5,5\/6<\/td>\n<\/tr>\n<tr>\n<td rowspan=\"3\" width=\"46\">2010<\/td>\n<td width=\"80\">juin<\/td>\n<td width=\"479\">Titre de Ma\u00eetre International<\/td>\n<\/tr>\n<tr>\n<td width=\"80\">mai<\/td>\n<td width=\"479\">1<sup>er<\/sup> avec 8,5 sur 9 de l&rsquo;Open de Saint-Quentin-en-Yvelines, devant Van Dongen et Guliyev<\/td>\n<\/tr>\n<tr>\n<td width=\"80\">f\u00e9vrier<\/td>\n<td width=\"479\">3<sup>e<\/sup> norme de MI au Festival de Nancy<\/td>\n<\/tr>\n<tr>\n<td width=\"46\">2009<\/td>\n<td width=\"80\">d\u00e9cembre<\/td>\n<td width=\"479\">2<sup>e<\/sup> norme de MI \u00e0 l&rsquo;Open de Vandoeuvre<\/td>\n<\/tr>\n<tr>\n<td rowspan=\"3\" width=\"46\">2008<\/td>\n<td width=\"80\">ao\u00fbt<\/td>\n<td width=\"479\">1<sup>er<\/sup> ex-\u00e6quo (2<sup>e<\/sup> au d\u00e9partage) de l&rsquo;Accession du Championnat de France \u00e0 Pau<\/td>\n<\/tr>\n<tr>\n<td width=\"80\">juin<\/td>\n<td width=\"479\">1<sup>re<\/sup> norme de MI au tournoi ferm\u00e9 de Groningen, Pays-Bas<\/td>\n<\/tr>\n<tr>\n<td width=\"80\">f\u00e9vrier<\/td>\n<td width=\"489\">2<sup>e<\/sup> de l&rsquo;Open de Rochefort<\/td>\n<\/tr>\n<tr>\n<td width=\"46\">2007<\/td>\n<td width=\"80\">avril<\/td>\n<td width=\"479\">1<sup>er<\/sup> avec 9 sur 9 de l&rsquo;Open de Saint-Quentin-en-Yvelines<\/td>\n<\/tr>\n<tr>\n<td rowspan=\"2\" width=\"46\">2005<\/td>\n<td width=\"80\">juin<\/td>\n<td width=\"479\">Ma\u00eetrise d&rsquo;\u00e9conomie, gestion, communication \u00e0 Poitiers<br \/>Option int\u00e9gration \u00e9conomique et financi\u00e8re<\/td>\n<\/tr>\n<tr>\n<td width=\"80\">janvier<\/td>\n<td width=\"479\">Titre de Ma\u00eetre FIDE<\/td>\n<\/tr>\n<tr>\n<td width=\"46\">2004<\/td>\n<td width=\"80\">juin<\/td>\n<td width=\"479\">Licence d&rsquo;analyse et politique \u00e9conomique \u00e0 Poitiers<\/td>\n<\/tr>\n<tr>\n<td width=\"46\">2002<\/td>\n<td width=\"80\">mai<\/td>\n<td width=\"479\">Vainqueur du Troph\u00e9e Andersen <span style=\"color: #000000;\">(Championnat de France par \u00e9quipes des Universit\u00e9s et Grandes \u00e9coles)<\/span><\/td>\n<\/tr>\n<tr>\n<td width=\"46\">2002<\/td>\n<td width=\"80\">f\u00e9vrier<\/td>\n<td width=\"479\">Dipl\u00f4me d&rsquo;Entra\u00eeneur de la FFE (DEFFE1)<\/td>\n<\/tr>\n<tr>\n<td width=\"46\">2001<\/td>\n<td width=\"80\">avril<\/td>\n<td width=\"479\">Vainqueur du Troph\u00e9e Andersen (Championnat de France par \u00e9quipes des <span style=\"color: #000000;\">Universit\u00e9s et Grandes \u00e9coles)<\/span><\/td>\n<\/tr>\n<tr>\n<td width=\"46\">1998<\/td>\n<td width=\"80\">janvier<\/td>\n<td width=\"479\">1<sup>er<\/sup> \u00e9lo FIDE : 2160<\/td>\n<\/tr>\n<tr>\n<td rowspan=\"3\" width=\"46\">1997<\/td>\n<td width=\"80\">septembre<\/td>\n<td width=\"479\">3<sup>e<\/sup> \u00e9lo FFE : 1940<\/td>\n<\/tr>\n<tr>\n<td width=\"80\">mai<\/td>\n<td width=\"479\">2<sup>e<\/sup> \u00e9lo FFE : 1730<\/td>\n<\/tr>\n<tr>\n<td width=\"80\">janvier<\/td>\n<td width=\"479\">1<sup>er<\/sup> \u00e9lo FFE : 1600<\/td>\n<\/tr>\n<tr>\n<td width=\"46\">1996<\/td>\n<td width=\"80\">\u00a0<\/td>\n<td width=\"479\">D\u00e9buts en club<\/td>\n<\/tr>\n<tr>\n<td width=\"46\">1988<\/td>\n<td width=\"80\">\u00a0<\/td>\n<td width=\"479\">Apprentissage des r\u00e8gles du jeu avec mon p\u00e8re \u00e0 l&rsquo;\u00e2ge de 7 ans<\/td>\n<\/tr>\n<\/tbody>\n<\/table>\n<h2>\u00a0<\/h2>\n<h2>Exp\u00e9rience professionnelle et associative<\/h2>\n<ul>\n<li>2001 &#8211; 2025 : <strong>cours de perfectionnement<\/strong> et analyses de parties au club de <a href=\"http:\/\/www.echecsmarennes.fr\/\">Marennes<\/a><\/li>\n<li>2010 &#8211; 2025 : <strong>cours de perfectionnement<\/strong> \u00e0 <a href=\"https:\/\/www.echiquierpoitevin.fr\/\">l&rsquo;Echiquier Poitevin<\/a><\/li>\n<li>2008 &#8211; 2018 : Responsable des <strong>stages de perfectionnement<\/strong> adultes pour la Ligue Poitou-Charentes<abbr title=\"Poitou-Charentes\"><br \/><\/abbr><\/li>\n<li>2012 &#8211; 2021 : Responsable du <strong>P\u00f4le Espoirs<\/strong> de la Ligue Poitou-Charentes : stages pour les meilleurs jeunes de la r\u00e9gion<\/li>\n<li>2018-2023 : Directeur de l&rsquo;<strong>\u00e9cole d&rsquo;\u00e9checs<\/strong> et responsable de l&rsquo;\u00e9quipe de N2 jeunes au club de <a href=\"http:\/\/echiquierniortais.blogspot.com\/\">Niort<\/a><\/li>\n<\/ul>\n<p><a href=\"https:\/\/www.progresser-aux-echecs.com\/wp-content\/uploads\/2014\/01\/st-paul_2013.jpg\"><img loading=\"lazy\" decoding=\"async\" class=\"aligncenter wp-image-555 size-full\" src=\"https:\/\/progresser-aux-echecs.com\/wp-content\/uploads\/2014\/01\/st-paul_2013.jpg\" alt=\"OLYMPUS DIGITAL CAMERA\" width=\"800\" height=\"530\" srcset=\"https:\/\/progresser-aux-echecs.com\/wp-content\/uploads\/2014\/01\/st-paul_2013.jpg 800w, https:\/\/progresser-aux-echecs.com\/wp-content\/uploads\/2014\/01\/st-paul_2013-300x198.jpg 300w\" sizes=\"auto, (max-width: 800px) 100vw, 800px\" \/><\/a><\/p>\n<ul>\n<li>2009 &#8211; 2025 : <strong>Entra\u00eeneur<\/strong> de la Ligue <abbr>Poitou-Charentes<\/abbr> puis Ligue Nouvelle-Aquitaine \u00e0 chaque \u00e9dition des <strong>Championnats de France Jeunes<\/strong><\/li>\n<li>2016 &#8211; 2025 : <strong>Formateur<\/strong> pour la <a href=\"https:\/\/www.echecs.asso.fr\/\">F\u00e9d\u00e9ration Fran\u00e7aise des Echecs<\/a> de dipl\u00f4m\u00e9s DIFFE (Initiateur), DAFFE 1 (Animateur) et DEFFE 1 (Entra\u00eeneur)<\/li>\n<li>2024 &#8211; 2025 : R\u00e9f\u00e9rent <strong>Plan de Performance<\/strong> de la <a href=\"https:\/\/echecs-naq.fr\/\">Ligue Nouvelle-Aquitaine des \u00e9checs<\/a><\/li>\n<\/ul>\n<p>Merci \u00e0 tous ces clubs et associations pour leur confiance !<\/p>\n\n\n<p><\/p>\n","protected":false},"excerpt":{"rendered":"<p>J&rsquo;ai 43 ans, je vis \u00e0 Poitiers et je joue pour l\u2019\u00c9chiquier Poitevin. J&rsquo;enseigne les \u00e9checs aux joueurs de club depuis le d\u00e9but des ann\u00e9es 2000, et j&rsquo;ai d\u00e9cid\u00e9 en 2006 d&rsquo;en faire mon m\u00e9tier. Ainsi je concilie ma passion pour les \u00e9checs et mon go\u00fbt pour l&rsquo;enseignement et la p\u00e9dagogie.J&rsquo;ai opt\u00e9 pour le statut&hellip; <a class=\"more-link\" href=\"https:\/\/progresser-aux-echecs.com\/?page_id=33\">Poursuivre la lecture <span class=\"screen-reader-text\">Mon parcours<\/span><\/a><\/p>\n","protected":false},"author":1,"featured_media":0,"parent":0,"menu_order":0,"comment_status":"closed","ping_status":"closed","template":"","meta":{"footnotes":""},"class_list":["post-33","page","type-page","status-publish","hentry","entry"],"_links":{"self":[{"href":"https:\/\/progresser-aux-echecs.com\/index.php?rest_route=\/wp\/v2\/pages\/33","targetHints":{"allow":["GET"]}}],"collection":[{"href":"https:\/\/progresser-aux-echecs.com\/index.php?rest_route=\/wp\/v2\/pages"}],"about":[{"href":"https:\/\/progresser-aux-echecs.com\/index.php?rest_route=\/wp\/v2\/types\/page"}],"author":[{"embeddable":true,"href":"https:\/\/progresser-aux-echecs.com\/index.php?rest_route=\/wp\/v2\/users\/1"}],"replies":[{"embeddable":true,"href":"https:\/\/progresser-aux-echecs.com\/index.php?rest_route=%2Fwp%2Fv2%2Fcomments&post=33"}],"version-history":[{"count":82,"href":"https:\/\/progresser-aux-echecs.com\/index.php?rest_route=\/wp\/v2\/pages\/33\/revisions"}],"predecessor-version":[{"id":4234,"href":"https:\/\/progresser-aux-echecs.com\/index.php?rest_route=\/wp\/v2\/pages\/33\/revisions\/4234"}],"wp:attachment":[{"href":"https:\/\/progresser-aux-echecs.com\/index.php?rest_route=%2Fwp%2Fv2%2Fmedia&parent=33"}],"curies":[{"name":"wp","href":"https:\/\/api.w.org\/{rel}","templated":true}]}}