{"id":31,"date":"2014-01-02T23:18:36","date_gmt":"2014-01-02T22:18:36","guid":{"rendered":"http:\/\/www.progresser-aux-echecs.com\/?page_id=31"},"modified":"2024-08-25T16:53:19","modified_gmt":"2024-08-25T14:53:19","slug":"liens","status":"publish","type":"page","link":"https:\/\/progresser-aux-echecs.com\/?page_id=31","title":{"rendered":"Liens"},"content":{"rendered":"<p>Voici quelques-uns de mes sites favoris :<\/p>\n<h2 style=\"text-align: center;\">Jeu en ligne<\/h2>\n<ul>\n<li><a href=\"https:\/\/lichess.org\/\">Lichess<\/a> : un site open source et <strong>enti\u00e8rement gratuit<\/strong>.\u00a0 Simple d&rsquo;utilisation. De nombreuses possibilit\u00e9s d&rsquo;entra\u00eenement. Ce site fran\u00e7ais remporte un grand succ\u00e8s dans le monde entier, toujours <strong>beaucoup de monde !<br \/>\n<\/strong>Le mod\u00e8le \u00e9conomique de lichess : on peut faire des dons si on le souhaite.<\/li>\n<\/ul>\n<ul>\n<li><a href=\"http:\/\/www.chess.com\/\">Chess.com<\/a> : un site de grande qualit\u00e9, avec beaucoup de monde, et des adversaires de <strong>tous niveaux<\/strong>. En plus du jeu en ligne ce site am\u00e9ricain propose des vid\u00e9os, blogs, etc.<br \/>\nLe mod\u00e8le \u00e9conomique est diff\u00e9rent de celui de lichess : l&rsquo;acc\u00e8s et le jeu sont gratuits, mais pour acc\u00e9der \u00e0 l&rsquo;ensemble des services on vous sugg\u00e8re r\u00e9guli\u00e8rement de prendre un abonnement payant.<\/li>\n<\/ul>\n<ul>\n<li><a href=\"http:\/\/www.playok.com\/\">PlayOK<\/a> : gratuit, <strong>tr\u00e8s simple<\/strong> (pas de son, \u00e7a peut d\u00e9concerter). Et beaucoup <strong>d&rsquo;autres jeux<\/strong> que les \u00e9checs : go, shogi, backgammon, etc.<\/li>\n<\/ul>\n<h2 style=\"text-align: center;\">Entra\u00eenement tactique<\/h2>\n<ul>\n<li><a href=\"http:\/\/chesstempo.com\">ChessTempo<\/a> : un excellent site d&rsquo;<strong>entra\u00eenement tactique<\/strong>. Inscrivez vous gratuitement et vous aurez un classement \u00e9lo de r\u00e9solution tactique, qui vous permet ensuite d&rsquo;obtenir des exercices adapt\u00e9s \u00e0 votre niveau.<br \/>\nConcernant les finales choisissez l&rsquo;option \u00ab\u00a0pratique\u00a0\u00bb, et vous n&rsquo;aurez pas faux si vous trouvez un gain qui n&rsquo;est pas le plus rapide.<\/li>\n<\/ul>\n<ul>\n<li><a href=\"https:\/\/listudy.org\/fr\">Listudy<\/a> : un petit site qui permet de s\u2019entra\u00eener \u00e0 calculer en n\u2019ayant pas la position actuelle sous les yeux. Ce qui permet d&rsquo;approfondir nos calculs.<br \/>\nJ&rsquo;ai \u00e9crit un article concernant ce site : <a href=\"https:\/\/progresser-aux-echecs.com\/?p=3596\">https:\/\/progresser-aux-echecs.com\/?p=3596<\/a><\/li>\n<\/ul>\n<h2 style=\"text-align: center;\">Parties et bases de donn\u00e9es<\/h2>\n<ul>\n<li><a href=\"https:\/\/www.yottachess.com\/\">YottaBase<\/a> : une <strong>base de donn\u00e9es online<\/strong> de plus de 13 millions de parties, bien <strong>class\u00e9e par joueurs<\/strong> gr\u00e2ce \u00e0 des fiches pour chaque joueur.<\/li>\n<\/ul>\n<ul>\n<li style=\"text-align: justify;\"><a href=\"http:\/\/www.theweekinchess.com\">TWIC<\/a> : fournit chaque lundi soir une <strong>base de donn\u00e9es<\/strong> regroupant <strong>les derni\u00e8res parties<\/strong> collect\u00e9es sur internet. Utile pour mettre \u00e0 jour sa base de donn\u00e9es de r\u00e9f\u00e9rence.<\/li>\n<\/ul>\n<ul>\n<li style=\"text-align: justify;\"><a href=\"https:\/\/www.openingtree.com\/\">OpeningTree<\/a> : Un site sp\u00e9cialis\u00e9 dans <strong>l&rsquo;aspiration des donn\u00e9es et l&rsquo;analyse du r\u00e9pertoire<\/strong> d&rsquo;un adversaire dont on a r\u00e9cup\u00e9r\u00e9 le pseudo chess.com ou lichess. Un v\u00e9ritable <strong>outil d&rsquo;espionnage<\/strong> tr\u00e8s utilis\u00e9 par les entra\u00eeneurs pendant les championnats.<br \/>\nA nous les entra\u00eeneurs d&rsquo;apprendre \u00e0 nos \u00e9l\u00e8ves \u00e0 g\u00e9rer leurs traces num\u00e9riques, comme dans la vie hors jeu d&rsquo;\u00e9checs.<\/li>\n<\/ul>\n<h2 style=\"text-align: center;\">Information<\/h2>\n<ul>\n<li><a href=\"http:\/\/www.chessbase.com\">Chessbase<\/a> : un site de <strong>news \u00e9chiqu\u00e9ennes<\/strong> id\u00e9al pour obtenir quelques analyses des tournois top niveau du moment.<\/li>\n<\/ul>\n<h2 style=\"text-align: center;\">Logiciels libres \u00e0 t\u00e9l\u00e9charger<\/h2>\n<ul>\n<li><a href=\"http:\/\/scid.sourceforge.net\/\">Scid<\/a> :\u00a0<strong>gestion de bases de donn\u00e9es<\/strong> de parties d&rsquo;\u00e9checs<\/li>\n<\/ul>\n<ul>\n<li><a href=\"http:\/\/stockfishchess.org\/\">Stockfish<\/a> : <strong>module d&rsquo;analyse<\/strong> utilisable avec n&rsquo;importe quelle interface graphique, Scid par exemple.<\/li>\n<\/ul>\n<ul>\n<li><a href=\"https:\/\/rpb-chessboard.yo35.org\/\">RPB Chessboard<\/a> : si vous g\u00e9rez un site internet wordpress, je vous conseille ce <strong>chessviewer<\/strong>. C&rsquo;est un des seuls \u00e0 retranscrire convenablement les \u00e9valuations et la ponctuation d&rsquo;une partie, il est facile \u00e0 utiliser et beaucoup de d\u00e9tails sont param\u00e9trables (diagrammes ou pas, taille des diagrammes). C&rsquo;est l\u2019\u0153uvre d&rsquo;un joueur fran\u00e7ais, Yoann Le Montagner.<\/li>\n<\/ul>\n<h2 style=\"text-align: center;\">Divers<\/h2>\n<ul>\n<li><a href=\"http:\/\/www.alainmoal-echecs.fr\/monblog\/index.html\">Regard sur les \u00e9checs<\/a> : par Alain Moal, un Ma\u00eetre FIDE qui analyse souvent les derniers tournois, et qui raconte aussi ses propres opens. C&rsquo;est bien \u00e9crit, et \u00e7a donne toujours \u00e0 r\u00e9fl\u00e9chir.\u00a0 Il s&rsquo;int\u00e9resse particuli\u00e8rement aux <strong>finales<\/strong>, ainsi qu&rsquo;\u00e0 la <strong>psychologie<\/strong>.<\/li>\n<\/ul>\n<ul>\n<li><a href=\"http:\/\/www.melk-echecs.com\/\">Melk-\u00e9checs<\/a> : par le MI Melkior Cotonnec, qui donne des cours en r\u00e9gion parisienne. Vous trouverez sur son site quelques-unes de ses <strong>parties comment\u00e9es<\/strong> avec son autod\u00e9rision caract\u00e9ristique. Un prof que je vous recommande !<\/li>\n<\/ul>\n<ul>\n<li><a href=\"https:\/\/aajbechecs.over-blog.com\/\">AAJ Blois \u00e9checs<\/a> : sur le site du club de Blois on trouve des rubriques int\u00e9ressantes pour les joueurs ou entra\u00eeneurs, comme les <strong>parties c\u00e9l\u00e8bres analys\u00e9es<\/strong>, et une copieuse <strong>bibliographie<\/strong>.<\/li>\n<\/ul>\n<h2 style=\"text-align: center;\">Institutionnel<\/h2>\n<ul>\n<li><a href=\"http:\/\/www.fide.com\">FIDE<\/a> : on y trouve le <strong>classement \u00e9lo international<\/strong> et le d\u00e9tail de son calcul avant m\u00eame la parution officielle, un bon <strong>calendrier des tournois<\/strong> et bien plus encore.<\/li>\n<\/ul>\n<ul>\n<li><a href=\"http:\/\/www.echecs.asso.fr\">FFE<\/a> : incontournable pour se tenir au courant des r\u00e9sultats du <strong>championnat<\/strong>, mais aussi pour les <strong>annonces de tournois<\/strong>, etc&#8230;<\/li>\n<\/ul>\n<ul>\n<li><a href=\"https:\/\/echecs-naq.fr\/\">Ligue NAQ<\/a> : annonces de tournois, r\u00e9sultats, annonces de stages, etc&#8230;<br \/>\nJe suis le webmaster de ce site.<\/li>\n<\/ul>\n<h2 style=\"text-align: center;\">Quelques clubs amis<\/h2>\n<ul>\n<li><a href=\"http:\/\/echiquierniortais.blogspot.fr\/\">Echiquier Niortais<\/a><\/li>\n<\/ul>\n<ul>\n<li><a href=\"http:\/\/www.echecsmarennes.fr\">Marennes<\/a><\/li>\n<\/ul>\n<ul>\n<li><a href=\"http:\/\/echiquierrochefortais.com\/\">Rochefort<\/a><\/li>\n<\/ul>\n<ul>\n<li><a href=\"https:\/\/www.echiquierpoitevin.fr\/\">Echiquier Poitevin<\/a><\/li>\n<\/ul>\n<ul>\n<li><a href=\"http:\/\/www.echecscognac.sitew.com\/#Accueil.A\">Club d&rsquo;\u00e9checs de Cognac<\/a><\/li>\n<\/ul>\n","protected":false},"excerpt":{"rendered":"<p>Voici quelques-uns de mes sites favoris : Jeu en ligne Lichess : un site open source et enti\u00e8rement gratuit.\u00a0 Simple d&rsquo;utilisation. De nombreuses possibilit\u00e9s d&rsquo;entra\u00eenement. Ce site fran\u00e7ais remporte un grand succ\u00e8s dans le monde entier, toujours beaucoup de monde ! Le mod\u00e8le \u00e9conomique de lichess : on peut faire des dons si on le&hellip; <a class=\"more-link\" href=\"https:\/\/progresser-aux-echecs.com\/?page_id=31\">Poursuivre la lecture <span class=\"screen-reader-text\">Liens<\/span><\/a><\/p>\n","protected":false},"author":1,"featured_media":0,"parent":0,"menu_order":0,"comment_status":"closed","ping_status":"open","template":"","meta":{"footnotes":""},"class_list":["post-31","page","type-page","status-publish","hentry","entry"],"_links":{"self":[{"href":"https:\/\/progresser-aux-echecs.com\/index.php?rest_route=\/wp\/v2\/pages\/31","targetHints":{"allow":["GET"]}}],"collection":[{"href":"https:\/\/progresser-aux-echecs.com\/index.php?rest_route=\/wp\/v2\/pages"}],"about":[{"href":"https:\/\/progresser-aux-echecs.com\/index.php?rest_route=\/wp\/v2\/types\/page"}],"author":[{"embeddable":true,"href":"https:\/\/progresser-aux-echecs.com\/index.php?rest_route=\/wp\/v2\/users\/1"}],"replies":[{"embeddable":true,"href":"https:\/\/progresser-aux-echecs.com\/index.php?rest_route=%2Fwp%2Fv2%2Fcomments&post=31"}],"version-history":[{"count":52,"href":"https:\/\/progresser-aux-echecs.com\/index.php?rest_route=\/wp\/v2\/pages\/31\/revisions"}],"predecessor-version":[{"id":4118,"href":"https:\/\/progresser-aux-echecs.com\/index.php?rest_route=\/wp\/v2\/pages\/31\/revisions\/4118"}],"wp:attachment":[{"href":"https:\/\/progresser-aux-echecs.com\/index.php?rest_route=%2Fwp%2Fv2%2Fmedia&parent=31"}],"curies":[{"name":"wp","href":"https:\/\/api.w.org\/{rel}","templated":true}]}}