{"id":3080,"date":"2021-12-01T20:03:17","date_gmt":"2021-12-01T19:03:17","guid":{"rendered":"http:\/\/www.progresser-aux-echecs.com\/?page_id=3080"},"modified":"2022-07-27T12:16:01","modified_gmt":"2022-07-27T10:16:01","slug":"colo-juillet-2022","status":"publish","type":"page","link":"https:\/\/progresser-aux-echecs.com\/?page_id=3080","title":{"rendered":"Colo juillet 2022"},"content":{"rendered":"\n<p>Avec l\u2019\u00c9chiquier Poitevin j\u2019organise la 3<sup>e<\/sup> \u00e9dition de notre colo. \ud83d\ude42<br><strong>Du dimanche 10 au samedi 16 juillet 2022.<\/strong><br>Pour les 7-17 ans.<br>Toujours dans la Vienne \u00e0 Lathus.<br>Diff\u00e9rents <strong>transports<\/strong> : Lathus est desservi par la SNCF ; covoiturage possible depuis Poitiers<\/p>\n\n\n\n<p>Les joueurs de tous niveaux se perfectionneront en <strong>petits groupes d\u2019entra\u00eenement<\/strong>, et joueront <strong>des tournois<\/strong>.<\/p>\n\n\n\n<p><strong>Les sports sont vari\u00e9s<\/strong> (kayak, VTT, grands jeux d&rsquo;ext\u00e9rieur, etc.) et adapt\u00e9s \u00e0 un niveau <strong>loisir et d\u00e9couverte<\/strong>.<br><br><strong>Les d\u00e9butants aux \u00e9checs sont les bienvenus !<\/strong> Ils auront leurs propres entra\u00eenements chaque matin : une initiation ludique \u00e0 l\u2019univers de la comp\u00e9tition.<\/p>\n\n\n\n<div class=\"wp-block-file\"><a id=\"wp-block-file--media-e1dacc15-5c87-4699-8130-315cec8b164e\" href=\"https:\/\/www.progresser-aux-echecs.com\/wp-content\/uploads\/2022\/04\/Affiche_Lathus_2022_version_avril.pdf\">Affiche Lathus 2022<\/a><a href=\"https:\/\/www.progresser-aux-echecs.com\/wp-content\/uploads\/2022\/04\/Affiche_Lathus_2022_version_avril.pdf\" class=\"wp-block-file__button\" download aria-describedby=\"wp-block-file--media-e1dacc15-5c87-4699-8130-315cec8b164e\">T\u00e9l\u00e9charger<\/a><\/div>\n\n\n\n<div class=\"wp-block-file\"><a id=\"wp-block-file--media-e2a58deb-c669-401e-8766-baad64aea726\" href=\"https:\/\/www.progresser-aux-echecs.com\/wp-content\/uploads\/2021\/12\/Fiche_pre-inscription_Lathus_2022.pdf\">Fiche de pr\u00e9-inscription<\/a><a href=\"https:\/\/www.progresser-aux-echecs.com\/wp-content\/uploads\/2021\/12\/Fiche_pre-inscription_Lathus_2022.pdf\" class=\"wp-block-file__button\" download aria-describedby=\"wp-block-file--media-e2a58deb-c669-401e-8766-baad64aea726\">T\u00e9l\u00e9charger<\/a><\/div>\n\n\n\n<p><strong>En cas d\u2019annulation<\/strong> de la colonie pour raisons sanitaires, les sommes vers\u00e9es vous seront <strong>int\u00e9gralement rembours\u00e9es<\/strong>.<\/p>\n\n\n\n<figure class=\"wp-block-gallery has-nested-images columns-3 is-cropped wp-block-gallery-1 is-layout-flex wp-block-gallery-is-layout-flex\">\n<figure class=\"wp-block-image size-thumbnail\"><a href=\"https:\/\/progresser-aux-echecs.com\/wp-content\/uploads\/2021\/07\/IMG_20210716_134259-scaled.jpg\"><img loading=\"lazy\" decoding=\"async\" width=\"150\" height=\"150\" data-id=\"2921\" src=\"http:\/\/www.progresser-aux-echecs.com\/wp-content\/uploads\/2021\/07\/IMG_20210716_134259-150x150.jpg\" alt=\"\" class=\"wp-image-2921\"\/><\/a><\/figure>\n\n\n\n<figure class=\"wp-block-image size-thumbnail\"><a href=\"https:\/\/progresser-aux-echecs.com\/wp-content\/uploads\/2021\/07\/IMG_0398-scaled.jpg\"><img loading=\"lazy\" decoding=\"async\" width=\"150\" height=\"150\" data-id=\"2924\" src=\"http:\/\/www.progresser-aux-echecs.com\/wp-content\/uploads\/2021\/07\/IMG_0398-150x150.jpg\" alt=\"\" class=\"wp-image-2924\"\/><\/a><\/figure>\n\n\n\n<figure class=\"wp-block-image size-thumbnail\"><a href=\"https:\/\/progresser-aux-echecs.com\/wp-content\/uploads\/2021\/07\/IMG-20210712-WA0013.jpg\"><img loading=\"lazy\" decoding=\"async\" width=\"150\" height=\"150\" data-id=\"2925\" src=\"http:\/\/www.progresser-aux-echecs.com\/wp-content\/uploads\/2021\/07\/IMG-20210712-WA0013-150x150.jpg\" alt=\"\" class=\"wp-image-2925\"\/><\/a><\/figure>\n\n\n\n<figure class=\"wp-block-image size-thumbnail\"><a href=\"https:\/\/progresser-aux-echecs.com\/wp-content\/uploads\/2021\/07\/IMG_20210715_172032-scaled.jpg\"><img loading=\"lazy\" decoding=\"async\" width=\"150\" height=\"150\" data-id=\"2926\" src=\"http:\/\/www.progresser-aux-echecs.com\/wp-content\/uploads\/2021\/07\/IMG_20210715_172032-150x150.jpg\" alt=\"\" class=\"wp-image-2926\"\/><\/a><\/figure>\n\n\n\n<figure class=\"wp-block-image size-thumbnail\"><a href=\"https:\/\/progresser-aux-echecs.com\/wp-content\/uploads\/2021\/07\/IMG-20210714-WA0014.jpg\"><img loading=\"lazy\" decoding=\"async\" width=\"150\" height=\"150\" data-id=\"2929\" src=\"http:\/\/www.progresser-aux-echecs.com\/wp-content\/uploads\/2021\/07\/IMG-20210714-WA0014-150x150.jpg\" alt=\"\" class=\"wp-image-2929\"\/><\/a><\/figure>\n\n\n\n<figure class=\"wp-block-image size-thumbnail\"><a href=\"https:\/\/progresser-aux-echecs.com\/wp-content\/uploads\/2021\/07\/IMG_0289-scaled.jpg\"><img loading=\"lazy\" decoding=\"async\" width=\"150\" height=\"150\" data-id=\"2935\" src=\"http:\/\/www.progresser-aux-echecs.com\/wp-content\/uploads\/2021\/07\/IMG_0289-150x150.jpg\" alt=\"\" class=\"wp-image-2935\"\/><\/a><\/figure>\n<figcaption class=\"blocks-gallery-caption\">Lathus juillet 2021<\/figcaption><\/figure>\n","protected":false},"excerpt":{"rendered":"<p>Avec l\u2019\u00c9chiquier Poitevin j\u2019organise la 3e \u00e9dition de notre colo. \ud83d\ude42Du dimanche 10 au samedi 16 juillet 2022.Pour les 7-17 ans.Toujours dans la Vienne \u00e0 Lathus.Diff\u00e9rents transports : Lathus est desservi par la SNCF ; covoiturage possible depuis Poitiers Les joueurs de tous niveaux se perfectionneront en petits groupes d\u2019entra\u00eenement, et joueront des tournois. Les&hellip; <a class=\"more-link\" href=\"https:\/\/progresser-aux-echecs.com\/?page_id=3080\">Poursuivre la lecture <span class=\"screen-reader-text\">Colo juillet 2022<\/span><\/a><\/p>\n","protected":false},"author":1,"featured_media":0,"parent":0,"menu_order":0,"comment_status":"closed","ping_status":"closed","template":"","meta":{"footnotes":""},"class_list":["post-3080","page","type-page","status-publish","hentry","entry"],"_links":{"self":[{"href":"https:\/\/progresser-aux-echecs.com\/index.php?rest_route=\/wp\/v2\/pages\/3080","targetHints":{"allow":["GET"]}}],"collection":[{"href":"https:\/\/progresser-aux-echecs.com\/index.php?rest_route=\/wp\/v2\/pages"}],"about":[{"href":"https:\/\/progresser-aux-echecs.com\/index.php?rest_route=\/wp\/v2\/types\/page"}],"author":[{"embeddable":true,"href":"https:\/\/progresser-aux-echecs.com\/index.php?rest_route=\/wp\/v2\/users\/1"}],"replies":[{"embeddable":true,"href":"https:\/\/progresser-aux-echecs.com\/index.php?rest_route=%2Fwp%2Fv2%2Fcomments&post=3080"}],"version-history":[{"count":10,"href":"https:\/\/progresser-aux-echecs.com\/index.php?rest_route=\/wp\/v2\/pages\/3080\/revisions"}],"predecessor-version":[{"id":3299,"href":"https:\/\/progresser-aux-echecs.com\/index.php?rest_route=\/wp\/v2\/pages\/3080\/revisions\/3299"}],"wp:attachment":[{"href":"https:\/\/progresser-aux-echecs.com\/index.php?rest_route=%2Fwp%2Fv2%2Fmedia&parent=3080"}],"curies":[{"name":"wp","href":"https:\/\/api.w.org\/{rel}","templated":true}]}}