{"id":2630,"date":"2020-12-08T10:40:03","date_gmt":"2020-12-08T09:40:03","guid":{"rendered":"http:\/\/www.progresser-aux-echecs.com\/?page_id=2630"},"modified":"2022-07-27T13:50:30","modified_gmt":"2022-07-27T11:50:30","slug":"kallai-g-traite-moderne-des-ouvertures","status":"publish","type":"page","link":"https:\/\/progresser-aux-echecs.com\/?page_id=2630","title":{"rendered":"Kallai G., Trait\u00e9 moderne des ouvertures"},"content":{"rendered":"\n<p class=\"has-medium-font-size\"><strong>Caissa chess books, 1997<\/strong><\/p>\n\n\n<div class=\"wp-block-image\">\n<figure class=\"alignright size-medium is-resized\"><a href=\"https:\/\/progresser-aux-echecs.com\/wp-content\/uploads\/2020\/12\/kallai-traite-moderne-des-ouvertures-214x300.png\"><img loading=\"lazy\" decoding=\"async\" src=\"http:\/\/www.progresser-aux-echecs.com\/wp-content\/uploads\/2020\/12\/kallai-traite-moderne-des-ouvertures-214x300.png\" alt=\"\" class=\"wp-image-2635\" width=\"107\" height=\"150\" srcset=\"https:\/\/progresser-aux-echecs.com\/wp-content\/uploads\/2020\/12\/kallai-traite-moderne-des-ouvertures-214x300.png 214w, https:\/\/progresser-aux-echecs.com\/wp-content\/uploads\/2020\/12\/kallai-traite-moderne-des-ouvertures.png 427w\" sizes=\"auto, (max-width: 107px) 100vw, 107px\" \/><\/a><\/figure>\n<\/div>\n\n\n<p>En seulement deux petits tomes le GM Gabor Kallai traite toutes les ouvertures. C&rsquo;est donc n\u00e9cessairement concis.<br>La plupart des coups principaux sont <strong>expliqu\u00e9s avec du texte<\/strong>. C&rsquo;est ce qui rend ce livre tellement appr\u00e9ciable pour les joueurs qui d\u00e9butent leur \u00e9tude des ouvertures.<br>A la fin de chaque section il y a un diagramme de la position critique de l&rsquo;ouverture, et l&rsquo;auteur \u00e9tablit <strong>les \u00ab\u00a0plans r\u00e9ciproques\u00a0\u00bb<\/strong>. Par du texte et ensuite quelques variantes.<\/p>\n\n\n\n<p>Vu l&rsquo;ann\u00e9e de publication &#8211; 1997 &#8211; <strong>certaines variantes sont forc\u00e9ment dat\u00e9es<\/strong>. Mais l&rsquo;utilit\u00e9 d&rsquo;un livre comme celui-ci est d&rsquo;abord de nous faire comprendre les id\u00e9es de d\u00e9part de chaque ouverture, et celles-ci ont peu chang\u00e9 en 23 ans.<br>Si vous souhaitez conna\u00eetre les derni\u00e8res \u00e9volutions de la th\u00e9orie, vous pouvez comparer les variantes recommand\u00e9es dans le livre avec celles qui sont le plus jou\u00e9es aujourd&rsquo;hui gr\u00e2ce \u00e0 un outil comme l&rsquo;<em>explorateur d&rsquo;ouvertures<\/em> de lichess.<\/p>\n\n\n\n<p><strong>Le tome 1<\/strong> concerne 1.e4 et toutes les r\u00e9ponses possibles. Un petit chapitre sur le gambit du centre, un autre sur le gambit nordique, etc.<\/p>\n\n\n\n<p><strong>Le tome 2<\/strong> traite tout le reste : 1.d4, 1.c4, 1.Cf3 et les coups rares (ces derniers tr\u00e8s succinctement).<\/p>\n\n\n\n<p>En 2020 ce livre est \u00e9puis\u00e9, mais il s&rsquo;est tellement vendu depuis 20 ans que vous pourrez probablement le trouver d&rsquo;occasion, ou l&#8217;emprunter \u00e0 des camarades de club.<\/p>\n\n\n\n<p>Recommand\u00e9 <strong>entre 1200 et 1800 \u00e9lo<\/strong>. Id\u00e9al si vous d\u00e9butez votre \u00e9tude des ouvertures.<\/p>\n","protected":false},"excerpt":{"rendered":"<p>Caissa chess books, 1997 En seulement deux petits tomes le GM Gabor Kallai traite toutes les ouvertures. C&rsquo;est donc n\u00e9cessairement concis.La plupart des coups principaux sont expliqu\u00e9s avec du texte. C&rsquo;est ce qui rend ce livre tellement appr\u00e9ciable pour les joueurs qui d\u00e9butent leur \u00e9tude des ouvertures.A la fin de chaque section il y a&hellip; <a class=\"more-link\" href=\"https:\/\/progresser-aux-echecs.com\/?page_id=2630\">Poursuivre la lecture <span class=\"screen-reader-text\">Kallai G., Trait\u00e9 moderne des ouvertures<\/span><\/a><\/p>\n","protected":false},"author":1,"featured_media":0,"parent":0,"menu_order":0,"comment_status":"closed","ping_status":"closed","template":"","meta":{"footnotes":""},"class_list":["post-2630","page","type-page","status-publish","hentry","entry"],"_links":{"self":[{"href":"https:\/\/progresser-aux-echecs.com\/index.php?rest_route=\/wp\/v2\/pages\/2630","targetHints":{"allow":["GET"]}}],"collection":[{"href":"https:\/\/progresser-aux-echecs.com\/index.php?rest_route=\/wp\/v2\/pages"}],"about":[{"href":"https:\/\/progresser-aux-echecs.com\/index.php?rest_route=\/wp\/v2\/types\/page"}],"author":[{"embeddable":true,"href":"https:\/\/progresser-aux-echecs.com\/index.php?rest_route=\/wp\/v2\/users\/1"}],"replies":[{"embeddable":true,"href":"https:\/\/progresser-aux-echecs.com\/index.php?rest_route=%2Fwp%2Fv2%2Fcomments&post=2630"}],"version-history":[{"count":6,"href":"https:\/\/progresser-aux-echecs.com\/index.php?rest_route=\/wp\/v2\/pages\/2630\/revisions"}],"predecessor-version":[{"id":3319,"href":"https:\/\/progresser-aux-echecs.com\/index.php?rest_route=\/wp\/v2\/pages\/2630\/revisions\/3319"}],"wp:attachment":[{"href":"https:\/\/progresser-aux-echecs.com\/index.php?rest_route=%2Fwp%2Fv2%2Fmedia&parent=2630"}],"curies":[{"name":"wp","href":"https:\/\/api.w.org\/{rel}","templated":true}]}}