{"id":2571,"date":"2020-10-12T12:55:01","date_gmt":"2020-10-12T10:55:01","guid":{"rendered":"http:\/\/www.progresser-aux-echecs.com\/?page_id=2571"},"modified":"2022-07-27T13:54:41","modified_gmt":"2022-07-27T11:54:41","slug":"denis-v-manuel-de-survie-du-joueur-dechecs","status":"publish","type":"page","link":"https:\/\/progresser-aux-echecs.com\/?page_id=2571","title":{"rendered":"Denis V., Manuel de survie du joueur d&rsquo;\u00e9checs"},"content":{"rendered":"\n<h2 class=\"wp-block-heading\">Olibris, 2020<\/h2>\n\n\n<div class=\"wp-block-image\">\n<figure class=\"alignright size-large is-resized\"><a href=\"https:\/\/progresser-aux-echecs.com\/wp-content\/uploads\/2020\/10\/manuel-de-survie_Denis-236x300.png\"><img loading=\"lazy\" decoding=\"async\" src=\"http:\/\/www.progresser-aux-echecs.com\/wp-content\/uploads\/2020\/10\/manuel-de-survie_Denis.png\" alt=\"\" class=\"wp-image-2577\" width=\"140\" height=\"178\" srcset=\"https:\/\/progresser-aux-echecs.com\/wp-content\/uploads\/2020\/10\/manuel-de-survie_Denis.png 295w, https:\/\/progresser-aux-echecs.com\/wp-content\/uploads\/2020\/10\/manuel-de-survie_Denis-236x300.png 236w\" sizes=\"auto, (max-width: 140px) 100vw, 140px\" \/><\/a><\/figure>\n<\/div>\n\n\n<p>Ce livre original aurait pu s&rsquo;appeler \u00ab\u00a0comment annuler une position difficile\u00a0\u00bb. Mais le titre choisi est plus attrayant !<br>Un sujet passionnant et rarement trait\u00e9 \u00e0 sa juste valeur.<br>Je ne connaissais pas <strong>l&rsquo;auteur Vincent Denis<\/strong>. C&rsquo;est un entra\u00eeneur qui est tr\u00e8s suivi <a href=\"https:\/\/www.youtube.com\/channel\/UC0V5MvSxXiIYvMiXcVmjHqw\">sur sa page youtube chesstrainer 2000<\/a>. <br><br>Le livre est scind\u00e9 en trois grandes sections : survie tactique, survie th\u00e9orique et exercices.<\/p>\n\n\n\n<p>En survie tactique on \u00e9tudie <strong>l&rsquo;attaque perp\u00e9tuelle, le pat et les pi\u00e8ces folles<\/strong>. Avec \u00e0 chaque fois une \u00e9tude pr\u00e9cise de chacun des diff\u00e9rents motifs \u00e0 conna\u00eetre. Structur\u00e9 et complet.<\/p>\n\n\n\n<p>En survie th\u00e9orique il s&rsquo;agit surtout de <strong>finales th\u00e9oriques<\/strong>, qu&rsquo;on retrouve d\u00e9j\u00e0 dans tous les livres sp\u00e9cialis\u00e9s. Donc 85 pages qui ne sont pas vraiment originales.<br>Sauf le chapitre sur <strong>la difficile finale dame contre tour (sans pions)<\/strong> qui est tr\u00e8s clairement structur\u00e9e alors que la plupart des auteurs (Villeneuve, Dvoretsky) ont eu du mal \u00e0 d\u00e9gager des m\u00e9thodes claires. Du bel ouvrage ! Dommage que les exercices \u00e0 la fin du chapitre soient tous sur le simple th\u00e8me du pat&#8230; <\/p>\n\n\n\n<p>Le petit chapitre sur <strong>les forteresses<\/strong> est passionnant. Vu l&rsquo;importance de ce th\u00e8me &#8211; avez-vous vu la derni\u00e8re ronde d\u00e9cisive Nakamura-Carlsen du Magnus Carlsen Chess Tour cet \u00e9t\u00e9 ? &#8211; et sa raret\u00e9 dans la litt\u00e9rature \u00e9chiqu\u00e9enne j&rsquo;aurais aim\u00e9 qu&rsquo;une section enti\u00e8re lui soit consacr\u00e9e !<\/p>\n\n\n\n<p>La section exercices est scind\u00e9e en <strong>trois niveaux de difficult\u00e9<\/strong>. Les th\u00e8mes sont m\u00e9lang\u00e9s mais bien indiqu\u00e9s dans les solutions.<\/p>\n\n\n\n<p>Pas facile de dire \u00e0 quels joueurs ce livre s&rsquo;adresse. Parfois les sujets trait\u00e9s sont difficiles (surtout certaines finales th\u00e9oriques), mais une bonne part des exercices est \u00e9l\u00e9mentaire. Tout le monde apprendra quelque chose de ce livre original, mais on ne le lira pas forc\u00e9ment en entier en fonction de notre culture. Recommand\u00e9 <strong>pour un niveau entre 1200 et 2000 \u00e9lo<\/strong>, mais pas interdit aux autres !<\/p>\n","protected":false},"excerpt":{"rendered":"<p>Olibris, 2020 Ce livre original aurait pu s&rsquo;appeler \u00ab\u00a0comment annuler une position difficile\u00a0\u00bb. Mais le titre choisi est plus attrayant !Un sujet passionnant et rarement trait\u00e9 \u00e0 sa juste valeur.Je ne connaissais pas l&rsquo;auteur Vincent Denis. C&rsquo;est un entra\u00eeneur qui est tr\u00e8s suivi sur sa page youtube chesstrainer 2000. Le livre est scind\u00e9 en trois&hellip; <a class=\"more-link\" href=\"https:\/\/progresser-aux-echecs.com\/?page_id=2571\">Poursuivre la lecture <span class=\"screen-reader-text\">Denis V., Manuel de survie du joueur d&rsquo;\u00e9checs<\/span><\/a><\/p>\n","protected":false},"author":1,"featured_media":0,"parent":0,"menu_order":0,"comment_status":"closed","ping_status":"closed","template":"","meta":{"footnotes":""},"class_list":["post-2571","page","type-page","status-publish","hentry","entry"],"_links":{"self":[{"href":"https:\/\/progresser-aux-echecs.com\/index.php?rest_route=\/wp\/v2\/pages\/2571","targetHints":{"allow":["GET"]}}],"collection":[{"href":"https:\/\/progresser-aux-echecs.com\/index.php?rest_route=\/wp\/v2\/pages"}],"about":[{"href":"https:\/\/progresser-aux-echecs.com\/index.php?rest_route=\/wp\/v2\/types\/page"}],"author":[{"embeddable":true,"href":"https:\/\/progresser-aux-echecs.com\/index.php?rest_route=\/wp\/v2\/users\/1"}],"replies":[{"embeddable":true,"href":"https:\/\/progresser-aux-echecs.com\/index.php?rest_route=%2Fwp%2Fv2%2Fcomments&post=2571"}],"version-history":[{"count":8,"href":"https:\/\/progresser-aux-echecs.com\/index.php?rest_route=\/wp\/v2\/pages\/2571\/revisions"}],"predecessor-version":[{"id":3322,"href":"https:\/\/progresser-aux-echecs.com\/index.php?rest_route=\/wp\/v2\/pages\/2571\/revisions\/3322"}],"wp:attachment":[{"href":"https:\/\/progresser-aux-echecs.com\/index.php?rest_route=%2Fwp%2Fv2%2Fmedia&parent=2571"}],"curies":[{"name":"wp","href":"https:\/\/api.w.org\/{rel}","templated":true}]}}