{"id":2426,"date":"2020-06-23T11:10:56","date_gmt":"2020-06-23T09:10:56","guid":{"rendered":"http:\/\/www.progresser-aux-echecs.com\/?page_id=2426"},"modified":"2020-06-23T11:22:51","modified_gmt":"2020-06-23T09:22:51","slug":"masterclass-jeunes","status":"publish","type":"page","link":"https:\/\/progresser-aux-echecs.com\/?page_id=2426","title":{"rendered":"Masterclass jeunes"},"content":{"rendered":"\n<p>J&rsquo;anime des masterclasses en streaming sur youtube, dont le co\u00fbt est mutualis\u00e9 par les diff\u00e9rents clubs abonn\u00e9s.<br>Sessions \u00e0 projeter dans votre salle de club, ou transmettre le lien \u00e0 vos licenci\u00e9s pour qu&rsquo;ils participent de chez eux.<br><br><strong>Cours jeunes hebdomadaires, samedi apr\u00e8s-midi<\/strong><\/p>\n\n\n\n<p>\u00a0\u00a0\u00a0 Hors vacances scolaires<\/p>\n\n\n\n<p>&nbsp;&nbsp;&nbsp; En association avec Sim\u00e9on Pottier (Entra\u00eeneur dipl\u00f4m\u00e9, \u00e9lo 2186)<br>On anime les s\u00e9ances \u00e0 tour de r\u00f4le.<\/p>\n\n\n\n<p>&nbsp;&nbsp;&nbsp; Lors de chaque s\u00e9ance il y a 3 sessions distinctes :<br>&nbsp;&nbsp;&nbsp; &nbsp;&nbsp;&nbsp; &#8211; 14h30 \u00e0 15h30&nbsp; Niveau sup\u00e9rieur \u00e0 1300 \u00e9lo<br>&nbsp;&nbsp;&nbsp; &nbsp;&nbsp;&nbsp; &#8211; 15h45 \u00e0 16h30&nbsp; Niveau interm\u00e9diaire<br>&nbsp;&nbsp;&nbsp; &nbsp;&nbsp;&nbsp; &#8211; 16h45 \u00e0 17h10&nbsp; D\u00e9butants<\/p>\n\n\n\n<p>&nbsp;&nbsp;&nbsp; Un tournoi lichess d\u00e8s que le cours de chaque niveau se termine, avec analyse de certaines parties la semaine suivante.<\/p>\n\n\n\n<p>&nbsp;&nbsp;&nbsp; Des devoirs \u00e0 faire entre deux s\u00e9ances, adapt\u00e9s \u00e0 chaque niveau.<br>&nbsp;&nbsp;&nbsp; Replay disponible<\/p>\n\n\n\n<p>&nbsp;&nbsp;&nbsp; Abonnement pour chaque p\u00e9riode inter-vacances scolaires<br>&nbsp;&nbsp;&nbsp; Chaque club inscrit paye 60 euros par s\u00e9ance.<br>&nbsp;&nbsp;&nbsp; 30 s\u00e9ances sur la saison, soit un budget annuel de 1800 euros pour un club<\/p>\n","protected":false},"excerpt":{"rendered":"<p>J&rsquo;anime des masterclasses en streaming sur youtube, dont le co\u00fbt est mutualis\u00e9 par les diff\u00e9rents clubs abonn\u00e9s.Sessions \u00e0 projeter dans votre salle de club, ou transmettre le lien \u00e0 vos licenci\u00e9s pour qu&rsquo;ils participent de chez eux. Cours jeunes hebdomadaires, samedi apr\u00e8s-midi \u00a0\u00a0\u00a0 Hors vacances scolaires &nbsp;&nbsp;&nbsp; En association avec Sim\u00e9on Pottier (Entra\u00eeneur dipl\u00f4m\u00e9, \u00e9lo&hellip; <a class=\"more-link\" href=\"https:\/\/progresser-aux-echecs.com\/?page_id=2426\">Poursuivre la lecture <span class=\"screen-reader-text\">Masterclass jeunes<\/span><\/a><\/p>\n","protected":false},"author":1,"featured_media":0,"parent":0,"menu_order":0,"comment_status":"closed","ping_status":"closed","template":"","meta":{"footnotes":""},"class_list":["post-2426","page","type-page","status-publish","hentry","entry"],"_links":{"self":[{"href":"https:\/\/progresser-aux-echecs.com\/index.php?rest_route=\/wp\/v2\/pages\/2426","targetHints":{"allow":["GET"]}}],"collection":[{"href":"https:\/\/progresser-aux-echecs.com\/index.php?rest_route=\/wp\/v2\/pages"}],"about":[{"href":"https:\/\/progresser-aux-echecs.com\/index.php?rest_route=\/wp\/v2\/types\/page"}],"author":[{"embeddable":true,"href":"https:\/\/progresser-aux-echecs.com\/index.php?rest_route=\/wp\/v2\/users\/1"}],"replies":[{"embeddable":true,"href":"https:\/\/progresser-aux-echecs.com\/index.php?rest_route=%2Fwp%2Fv2%2Fcomments&post=2426"}],"version-history":[{"count":3,"href":"https:\/\/progresser-aux-echecs.com\/index.php?rest_route=\/wp\/v2\/pages\/2426\/revisions"}],"predecessor-version":[{"id":2432,"href":"https:\/\/progresser-aux-echecs.com\/index.php?rest_route=\/wp\/v2\/pages\/2426\/revisions\/2432"}],"wp:attachment":[{"href":"https:\/\/progresser-aux-echecs.com\/index.php?rest_route=%2Fwp%2Fv2%2Fmedia&parent=2426"}],"curies":[{"name":"wp","href":"https:\/\/api.w.org\/{rel}","templated":true}]}}