{"id":2378,"date":"2020-04-24T09:17:06","date_gmt":"2020-04-24T07:17:06","guid":{"rendered":"http:\/\/www.progresser-aux-echecs.com\/?page_id=2378"},"modified":"2022-07-27T11:49:38","modified_gmt":"2022-07-27T09:49:38","slug":"exercices","status":"publish","type":"page","link":"https:\/\/progresser-aux-echecs.com\/?page_id=2378","title":{"rendered":"Exercices"},"content":{"rendered":"\n<p>J&rsquo;ai publi\u00e9 un exercice original par mois de 2014 \u00e0 2018, inspir\u00e9s de l&rsquo;actualit\u00e9 des tournois.<br> <br><a href=\"https:\/\/www.progresser-aux-echecs.com\/?cat=12\">Archives des exercices<\/a><br><br>\u00c9chelle de difficult\u00e9 des exercices :<br>Difficult\u00e9 1 = niveau 1400 \u00e9lo<br> Difficult\u00e9 2 = niveau 1600<br> Difficult\u00e9 3 = niveau 1800<br> Difficult\u00e9 4 = niveau 2000<br> Difficult\u00e9 5 = niveau 2200<br><br>Mais n&rsquo;ayez pas peur d&rsquo;essayer des exercices difficiles. Passez-y du temps et vous apprendrez beaucoup.<br>Bon entra\u00eenement !<\/p>\n","protected":false},"excerpt":{"rendered":"<p>J&rsquo;ai publi\u00e9 un exercice original par mois de 2014 \u00e0 2018, inspir\u00e9s de l&rsquo;actualit\u00e9 des tournois. Archives des exercices \u00c9chelle de difficult\u00e9 des exercices :Difficult\u00e9 1 = niveau 1400 \u00e9lo Difficult\u00e9 2 = niveau 1600 Difficult\u00e9 3 = niveau 1800 Difficult\u00e9 4 = niveau 2000 Difficult\u00e9 5 = niveau 2200 Mais n&rsquo;ayez pas peur d&rsquo;essayer&hellip; <a class=\"more-link\" href=\"https:\/\/progresser-aux-echecs.com\/?page_id=2378\">Poursuivre la lecture <span class=\"screen-reader-text\">Exercices<\/span><\/a><\/p>\n","protected":false},"author":1,"featured_media":0,"parent":0,"menu_order":0,"comment_status":"closed","ping_status":"closed","template":"","meta":{"footnotes":""},"class_list":["post-2378","page","type-page","status-publish","hentry","entry"],"_links":{"self":[{"href":"https:\/\/progresser-aux-echecs.com\/index.php?rest_route=\/wp\/v2\/pages\/2378","targetHints":{"allow":["GET"]}}],"collection":[{"href":"https:\/\/progresser-aux-echecs.com\/index.php?rest_route=\/wp\/v2\/pages"}],"about":[{"href":"https:\/\/progresser-aux-echecs.com\/index.php?rest_route=\/wp\/v2\/types\/page"}],"author":[{"embeddable":true,"href":"https:\/\/progresser-aux-echecs.com\/index.php?rest_route=\/wp\/v2\/users\/1"}],"replies":[{"embeddable":true,"href":"https:\/\/progresser-aux-echecs.com\/index.php?rest_route=%2Fwp%2Fv2%2Fcomments&post=2378"}],"version-history":[{"count":5,"href":"https:\/\/progresser-aux-echecs.com\/index.php?rest_route=\/wp\/v2\/pages\/2378\/revisions"}],"predecessor-version":[{"id":3288,"href":"https:\/\/progresser-aux-echecs.com\/index.php?rest_route=\/wp\/v2\/pages\/2378\/revisions\/3288"}],"wp:attachment":[{"href":"https:\/\/progresser-aux-echecs.com\/index.php?rest_route=%2Fwp%2Fv2%2Fmedia&parent=2378"}],"curies":[{"name":"wp","href":"https:\/\/api.w.org\/{rel}","templated":true}]}}