{"id":2060,"date":"2018-06-22T10:44:15","date_gmt":"2018-06-22T08:44:15","guid":{"rendered":"http:\/\/www.progresser-aux-echecs.com\/?page_id=2060"},"modified":"2022-07-27T13:46:07","modified_gmt":"2022-07-27T11:46:07","slug":"nunn-initiation-a-la-tactique","status":"publish","type":"page","link":"https:\/\/progresser-aux-echecs.com\/?page_id=2060","title":{"rendered":"Nunn, Initiation \u00e0 la tactique"},"content":{"rendered":"<h1>Olibris 2013<\/h1>\n<p><a href=\"https:\/\/www.progresser-aux-echecs.com\/wp-content\/uploads\/2018\/06\/initiation-tactique_nunn.jpg\"><img loading=\"lazy\" decoding=\"async\" class=\"alignright wp-image-2062 size-medium\" src=\"http:\/\/www.progresser-aux-echecs.com\/wp-content\/uploads\/2018\/06\/initiation-tactique_nunn-241x300.jpg\" alt=\"\" width=\"241\" height=\"300\" srcset=\"https:\/\/progresser-aux-echecs.com\/wp-content\/uploads\/2018\/06\/initiation-tactique_nunn-241x300.jpg 241w, https:\/\/progresser-aux-echecs.com\/wp-content\/uploads\/2018\/06\/initiation-tactique_nunn.jpg 260w\" sizes=\"auto, (max-width: 241px) 100vw, 241px\" \/><\/a>La tactique est <strong>au c\u0153ur du jeu<\/strong>. On ne peut pas construire une belle partie strat\u00e9gique ou gagner une longue finale technique si on n&rsquo;est pas capable de d\u00e9tecter les combinaisons en deux ou trois coups qui peuvent couronner de succ\u00e8s notre strat\u00e9gie ou au contraire tout faire \u00e9chouer. Il ne suffit pas de conna\u00eetre les th\u00e8mes tactiques classiques, il faut aussi les <strong>tester et pratiquer<\/strong> r\u00e9guli\u00e8rement pour \u00eatre capable de les appliquer le moment venu.<\/p>\n<p>Le GM anglais John Nunn est un auteur tr\u00e8s prolifique, et je le vois comme un vrai penseur des \u00e9checs. Il est souvent capable d&rsquo;aborder des sujets classiques sous <strong>un angle diff\u00e9rent<\/strong>, et de les enrichir.<\/p>\n<p>Dans ce livre pas d&rsquo;originalit\u00e9 particuli\u00e8re, mais l&rsquo;auteur fait un travail s\u00e9rieux, efficace et surtout <strong>litt\u00e9raire<\/strong>. Chaque chapitre traite d&rsquo;un th\u00e8me tactique, et commence par une analyse d\u00e9taill\u00e9e de plusieurs exemples. L&rsquo;auteur d\u00e9cortique les m\u00e9canismes tactiques \u00e9l\u00e9mentaires <strong>en utilisant plus de mots que de variantes<\/strong>. Ensuite quelques planches d&rsquo;exercices, corrig\u00e9s \u00e0 la fin avec l\u00e0 encore du texte et pas seulement une variante.<\/p>\n<p>Recommand\u00e9 <strong>pour les d\u00e9butants, jusqu&rsquo;\u00e0 1500 \u00e9lo<\/strong>.<\/p>\n","protected":false},"excerpt":{"rendered":"<p>Olibris 2013 La tactique est au c\u0153ur du jeu. On ne peut pas construire une belle partie strat\u00e9gique ou gagner une longue finale technique si on n&rsquo;est pas capable de d\u00e9tecter les combinaisons en deux ou trois coups qui peuvent couronner de succ\u00e8s notre strat\u00e9gie ou au contraire tout faire \u00e9chouer. Il ne suffit pas&hellip; <a class=\"more-link\" href=\"https:\/\/progresser-aux-echecs.com\/?page_id=2060\">Poursuivre la lecture <span class=\"screen-reader-text\">Nunn, Initiation \u00e0 la tactique<\/span><\/a><\/p>\n","protected":false},"author":1,"featured_media":0,"parent":0,"menu_order":0,"comment_status":"closed","ping_status":"closed","template":"","meta":{"footnotes":""},"class_list":["post-2060","page","type-page","status-publish","hentry","entry"],"_links":{"self":[{"href":"https:\/\/progresser-aux-echecs.com\/index.php?rest_route=\/wp\/v2\/pages\/2060","targetHints":{"allow":["GET"]}}],"collection":[{"href":"https:\/\/progresser-aux-echecs.com\/index.php?rest_route=\/wp\/v2\/pages"}],"about":[{"href":"https:\/\/progresser-aux-echecs.com\/index.php?rest_route=\/wp\/v2\/types\/page"}],"author":[{"embeddable":true,"href":"https:\/\/progresser-aux-echecs.com\/index.php?rest_route=\/wp\/v2\/users\/1"}],"replies":[{"embeddable":true,"href":"https:\/\/progresser-aux-echecs.com\/index.php?rest_route=%2Fwp%2Fv2%2Fcomments&post=2060"}],"version-history":[{"count":4,"href":"https:\/\/progresser-aux-echecs.com\/index.php?rest_route=\/wp\/v2\/pages\/2060\/revisions"}],"predecessor-version":[{"id":3311,"href":"https:\/\/progresser-aux-echecs.com\/index.php?rest_route=\/wp\/v2\/pages\/2060\/revisions\/3311"}],"wp:attachment":[{"href":"https:\/\/progresser-aux-echecs.com\/index.php?rest_route=%2Fwp%2Fv2%2Fmedia&parent=2060"}],"curies":[{"name":"wp","href":"https:\/\/api.w.org\/{rel}","templated":true}]}}