{"id":2,"date":"2014-01-02T16:33:28","date_gmt":"2014-01-02T15:33:28","guid":{"rendered":"http:\/\/www.progresser-aux-echecs.com\/?page_id=2"},"modified":"2015-11-28T14:53:21","modified_gmt":"2015-11-28T13:53:21","slug":"page-d-exemple","status":"publish","type":"page","link":"https:\/\/progresser-aux-echecs.com\/?page_id=2","title":{"rendered":"Prestations"},"content":{"rendered":"<p style=\"text-align: justify;\">Un <strong>cours particulier<\/strong> permet de travailler \u00e0 votre rythme sur un th\u00e8me choisi sp\u00e9cialement pour vous.<\/p>\n<p>Un <strong>cours collectif<\/strong> apporte de l&rsquo;\u00e9mulation et une dynamique de groupe.<\/p>\n<p>Une <strong>simultan\u00e9e<\/strong> est une d\u00e9monstration tr\u00e8s impressionnante, un bon moyen de <strong>faire la promotion des \u00e9checs<\/strong>.<\/p>\n","protected":false},"excerpt":{"rendered":"<p>Un cours particulier permet de travailler \u00e0 votre rythme sur un th\u00e8me choisi sp\u00e9cialement pour vous. Un cours collectif apporte de l&rsquo;\u00e9mulation et une dynamique de groupe. Une simultan\u00e9e est une d\u00e9monstration tr\u00e8s impressionnante, un bon moyen de faire la promotion des \u00e9checs.<\/p>\n","protected":false},"author":1,"featured_media":0,"parent":0,"menu_order":0,"comment_status":"closed","ping_status":"closed","template":"","meta":{"footnotes":""},"class_list":["post-2","page","type-page","status-publish","hentry","entry"],"_links":{"self":[{"href":"https:\/\/progresser-aux-echecs.com\/index.php?rest_route=\/wp\/v2\/pages\/2","targetHints":{"allow":["GET"]}}],"collection":[{"href":"https:\/\/progresser-aux-echecs.com\/index.php?rest_route=\/wp\/v2\/pages"}],"about":[{"href":"https:\/\/progresser-aux-echecs.com\/index.php?rest_route=\/wp\/v2\/types\/page"}],"author":[{"embeddable":true,"href":"https:\/\/progresser-aux-echecs.com\/index.php?rest_route=\/wp\/v2\/users\/1"}],"replies":[{"embeddable":true,"href":"https:\/\/progresser-aux-echecs.com\/index.php?rest_route=%2Fwp%2Fv2%2Fcomments&post=2"}],"version-history":[{"count":5,"href":"https:\/\/progresser-aux-echecs.com\/index.php?rest_route=\/wp\/v2\/pages\/2\/revisions"}],"predecessor-version":[{"id":1136,"href":"https:\/\/progresser-aux-echecs.com\/index.php?rest_route=\/wp\/v2\/pages\/2\/revisions\/1136"}],"wp:attachment":[{"href":"https:\/\/progresser-aux-echecs.com\/index.php?rest_route=%2Fwp%2Fv2%2Fmedia&parent=2"}],"curies":[{"name":"wp","href":"https:\/\/api.w.org\/{rel}","templated":true}]}}