{"id":19,"date":"2014-01-02T20:01:31","date_gmt":"2014-01-02T19:01:31","guid":{"rendered":"http:\/\/www.progresser-aux-echecs.com\/?page_id=19"},"modified":"2023-09-20T11:39:36","modified_gmt":"2023-09-20T09:39:36","slug":"lectures","status":"publish","type":"page","link":"https:\/\/progresser-aux-echecs.com\/?page_id=19","title":{"rendered":"Lectures"},"content":{"rendered":"<p style=\"text-align: justify;\"><a href=\"https:\/\/www.progresser-aux-echecs.com\/wp-content\/uploads\/2014\/01\/systeme.jpg\"><img loading=\"lazy\" decoding=\"async\" class=\"alignright wp-image-631 size-full\" src=\"https:\/\/progresser-aux-echecs.com\/wp-content\/uploads\/2014\/01\/systeme.jpg\" alt=\"systeme\" width=\"90\" height=\"145\" \/><\/a>Voici mes commentaires concernant des <strong>livres d&rsquo;\u00e9checs<\/strong> qui peuvent vous aider \u00e0 progresser aux \u00e9checs.<\/p>\n<p style=\"text-align: justify;\">J&rsquo;ai pris le parti de ne citer que des livres qui m&rsquo;ont vraiment plu, mais j&rsquo;en critique certains aspects.<\/p>\n<h3>Strat\u00e9gie, Jeu positionnel<\/h3>\n<ul>\n<li><a href=\"https:\/\/www.progresser-aux-echecs.com\/?page_id=1656\">Nimzowitsch A., Mon syst\u00e8me ( tomes 1 et 2 ), Olibris, 2022<\/a><\/li>\n<li><a href=\"https:\/\/www.progresser-aux-echecs.com\/?page_id=1659\">Nimzowitsch A., Pratique de mon syst\u00e8me, Payot, 2004<\/a><\/li>\n<li><a href=\"https:\/\/www.progresser-aux-echecs.com\/?page_id=1661\">Capablanca J.R., Les principes fondamentaux des \u00e9checs, Olibris, 2016<\/a><\/li>\n<li><a href=\"https:\/\/www.progresser-aux-echecs.com\/?page_id=1664\">Euwe M., Position et combinaison, Payot, 1968<\/a><\/li>\n<li><a href=\"https:\/\/www.progresser-aux-echecs.com\/?page_id=1666\">Euwe M., Jugement et Plan, Payot, 1973<\/a><\/li>\n<li><a href=\"https:\/\/www.progresser-aux-echecs.com\/?page_id=1668\">Anatoly Terekhin, 50 id\u00e9es strat\u00e9giques pour gagner aux \u00e9checs, Olibris, 2013<\/a><\/li>\n<li><a href=\"https:\/\/www.progresser-aux-echecs.com\/?page_id=1672\">Watson J., Secrets of modern chess strategy : advances since Nimzowitsch, Gambit, 1999<\/a><\/li>\n<li><a href=\"https:\/\/www.progresser-aux-echecs.com\/?page_id=1674\">Dvoretsky M., Yusupov A., Positional Play, Batsford, 1996<\/a><\/li>\n<li><a href=\"https:\/\/www.progresser-aux-echecs.com\/?page_id=1676\">Lipnitsky I., Questions of Modern Chess Theory, Quality Chess, 2008<\/a><\/li>\n<\/ul>\n<h3>Tactique et Calcul<\/h3>\n<ul>\n<li><a href=\"https:\/\/www.progresser-aux-echecs.com\/?page_id=1682\">Dvoretsky M., Secrets of Chess Tactics, Batsford, 1992<\/a><\/li>\n<li><a href=\"https:\/\/www.progresser-aux-echecs.com\/?page_id=1684\">Blokh M., Combinative Motifs, Hannaco Enterprises, 2006<\/a><\/li>\n<li><a href=\"https:\/\/www.progresser-aux-echecs.com\/?page_id=2060\">Nunn J., Initiation \u00e0 la tactique, Olibris 2013<\/a><\/li>\n<\/ul>\n<h3>Finales th\u00e9oriques<\/h3>\n<ul>\n<li><a href=\"https:\/\/www.progresser-aux-echecs.com\/?page_id=1689\">Dvoretsky M., Dvoretsky&rsquo;s Endgame Manual, Russel Enterprises, 2003<\/a><\/li>\n<li><a href=\"https:\/\/www.progresser-aux-echecs.com\/?page_id=1691\">Villeneuve A., Les Finales (tomes 1 et 2), Grasset, 1998<\/a><\/li>\n<li><a href=\"https:\/\/www.progresser-aux-echecs.com\/?page_id=1693\">K\u00e9r\u00e8s P., Finales d&rsquo;\u00e9checs pratiques, Grasset, 1992<\/a><\/li>\n<li><a href=\"https:\/\/www.progresser-aux-echecs.com\/?page_id=1695\">Rosen B., Entra\u00eenement aux Finales, Olibris, 2010<\/a><\/li>\n<\/ul>\n<h3>Autres Finales<\/h3>\n<ul>\n<li><a href=\"https:\/\/www.progresser-aux-echecs.com\/?page_id=1699\">Cherechevski M., La strat\u00e9gie dans les finales, Grasset, 1993<\/a><\/li>\n<li><a href=\"https:\/\/www.progresser-aux-echecs.com\/?page_id=1701\">Flear G., Practical Endgame Play, Everyman Chess, 2007<\/a><\/li>\n<\/ul>\n<h3>Ouvertures<\/h3>\n<ul>\n<li><a href=\"https:\/\/www.progresser-aux-echecs.com\/?page_id=1705\">Watson J., Ma\u00eetriser les ouvertures ( tomes 1 \u00e0 4 ), Olibris, 2009<\/a><\/li>\n<li><a href=\"https:\/\/www.progresser-aux-echecs.com\/?page_id=2630\">Kallai G., Trait\u00e9 moderne des ouvertures (tomes 1 et 2), Caissa chess books, 1997<\/a><\/li>\n<\/ul>\n<h3>G\u00e9n\u00e9ralit\u00e9s, sujets divers<\/h3>\n<ul>\n<li><a href=\"https:\/\/progresser-aux-echecs.com\/?p=3855\">Pastoureau M., Le jeu d&rsquo;\u00e9checs m\u00e9di\u00e9val. Une histoire symbolique, Le L\u00e9opard d&rsquo;or, 2012<\/a><\/li>\n<li><a href=\"https:\/\/www.progresser-aux-echecs.com\/?page_id=1707\">Fischer B., Mes 60 meilleures parties, Editechecs, 1995<\/a><\/li>\n<li><a href=\"https:\/\/www.progresser-aux-echecs.com\/?p=1303\">Payen A., Ombres et lumi\u00e8res sur l&rsquo;\u00e9chiquier, 2016<\/a><\/li>\n<li><a href=\"https:\/\/www.progresser-aux-echecs.com\/?page_id=2571\">Denis V., Manuel de survie du joueur d&rsquo;\u00e9checs, Olibris, 2020<\/a><\/li>\n<\/ul>\n","protected":false},"excerpt":{"rendered":"<p>Voici mes commentaires concernant des livres d&rsquo;\u00e9checs qui peuvent vous aider \u00e0 progresser aux \u00e9checs. J&rsquo;ai pris le parti de ne citer que des livres qui m&rsquo;ont vraiment plu, mais j&rsquo;en critique certains aspects. Strat\u00e9gie, Jeu positionnel Nimzowitsch A., Mon syst\u00e8me ( tomes 1 et 2 ), Olibris, 2022 Nimzowitsch A., Pratique de mon syst\u00e8me,&hellip; <a class=\"more-link\" href=\"https:\/\/progresser-aux-echecs.com\/?page_id=19\">Poursuivre la lecture <span class=\"screen-reader-text\">Lectures<\/span><\/a><\/p>\n","protected":false},"author":1,"featured_media":0,"parent":0,"menu_order":0,"comment_status":"closed","ping_status":"closed","template":"","meta":{"footnotes":""},"class_list":["post-19","page","type-page","status-publish","hentry","entry"],"_links":{"self":[{"href":"https:\/\/progresser-aux-echecs.com\/index.php?rest_route=\/wp\/v2\/pages\/19","targetHints":{"allow":["GET"]}}],"collection":[{"href":"https:\/\/progresser-aux-echecs.com\/index.php?rest_route=\/wp\/v2\/pages"}],"about":[{"href":"https:\/\/progresser-aux-echecs.com\/index.php?rest_route=\/wp\/v2\/types\/page"}],"author":[{"embeddable":true,"href":"https:\/\/progresser-aux-echecs.com\/index.php?rest_route=\/wp\/v2\/users\/1"}],"replies":[{"embeddable":true,"href":"https:\/\/progresser-aux-echecs.com\/index.php?rest_route=%2Fwp%2Fv2%2Fcomments&post=19"}],"version-history":[{"count":51,"href":"https:\/\/progresser-aux-echecs.com\/index.php?rest_route=\/wp\/v2\/pages\/19\/revisions"}],"predecessor-version":[{"id":3861,"href":"https:\/\/progresser-aux-echecs.com\/index.php?rest_route=\/wp\/v2\/pages\/19\/revisions\/3861"}],"wp:attachment":[{"href":"https:\/\/progresser-aux-echecs.com\/index.php?rest_route=%2Fwp%2Fv2%2Fmedia&parent=19"}],"curies":[{"name":"wp","href":"https:\/\/api.w.org\/{rel}","templated":true}]}}