{"id":1769,"date":"2018-01-19T13:08:46","date_gmt":"2018-01-19T12:08:46","guid":{"rendered":"http:\/\/www.progresser-aux-echecs.com\/?page_id=1769"},"modified":"2018-01-19T13:08:46","modified_gmt":"2018-01-19T12:08:46","slug":"partie-8","status":"publish","type":"page","link":"https:\/\/progresser-aux-echecs.com\/?page_id=1769","title":{"rendered":"Partie 8"},"content":{"rendered":"<p>C&rsquo;est toujours un honneur de jouer contre le GM Anatoli Va\u00efsser ! Il a dans son <strong>palmar\u00e8s bien fourni<\/strong> un titre de champion de Russie, un titre de champion de France en 1997, et ces derni\u00e8res ann\u00e9es il accumule les titres de champion du monde v\u00e9t\u00e9ran.<br \/>\nPour ma premi\u00e8re victoire contre lui je trouve une combinaison au 23e coup sur un th\u00e8me assez rare : <strong>le double clouage en croix<\/strong>.<\/p>\n\n\n<p class=\"rpbchessboard-spacerBefore\"><\/p>\n\n<div class=\"rpbchessboard-chessgame\">\n    <noscript>\n        <div class=\"rpbchessboard-javascriptWarning\">\n            Vous devez activer JavaScript pour am\u00e9liorer l&#039;affichage des parties d&#039;\u00e9checs.        <\/div>\n    <\/noscript>\n    <div id=\"rpbchessboard-69f22fba1d808-1\"><\/div>\n    <script type=\"text\/javascript\">\n        (function() {\n            function renderThisPGN() {\n                RPBChessboard.renderPGN(\"rpbchessboard-69f22fba1d808-1\", {\"pgn\":\"[Event \\\"Top 12\\\"]\\r\\n[Date \\\"2015.05.30\\\"]\\r\\n[Round \\\"1\\\"]\\r\\n[White \\\"B\\u00e9douin, Xavier\\\"]\\r\\n[Black \\\"Vaisser, Anatoli\\\"]\\r\\n[Result \\\"1-0\\\"]\\r\\n[ECO \\\"C09\\\"]\\r\\n[WhiteElo \\\"2336\\\"]\\r\\n[BlackElo \\\"2530\\\"]\\r\\n\\r\\n1. e4 e6 2. d4 d5 3. Nd2 c5 4. exd5 exd5 5. Ngf3 Nc6 6. Bb5 Bd6 7. dxc5\\r\\nBxc5 8. O-O Nge7 9. Nb3 Bd6 10. Re1 O-O 11. Bg5{[#]} f6 $6\\r\\n\\r\\n{Ce coup affaiblissant accompagne mon fou vers sa destination normale : la case g3.}\\r\\n\\r\\n(11... Bg4 {tout de suite est meilleur.})\\r\\n\\r\\n12. Bh4 Bg4 13. Bg3 Bxg3 14. hxg3 Ne5 15. Be2 Bxf3 16. Bxf3 Rc8\\r\\n\\r\\n(16... Nc4 $2 17. Rxe7 $1 Qxe7 18. Bxd5+ $18)\\r\\n\\r\\n17. c3 Qd6 18.Nd4 $14\\r\\n\\r\\n{[#]Le pion d isol\\u00e9 est bien bloqu\\u00e9.}\\r\\n\\r\\n18... a6 19. Qb3 b5 20. Rad1 Rfd8 21.Nc2 Rc5 22. Nb4 a5 $2\\r\\n\\r\\n{[#]Une faute de calcul.}\\r\\n\\r\\n23. Bxd5+ $3\\r\\n\\r\\n{Il y a autant de d\\u00e9fenseurs du pion d5 que d&rsquo;attaquants, et pourtant il est prenable !}\\r\\n\\r\\n(23.Nxd5 $2 Nxf3+ $1 24. gxf3 Nxd5 $19)\\r\\n\\r\\n23... Kf8\\r\\n\\r\\n(23... Nxd5 {est la r\\u00e9ponse critique.} 24. Nxd5 Rxd5 25. Rxd5 Qxd5 26. Rd1 $1 {La pointe. Un double clouage en croix !} Qxb3 27. Rxd8+ Kf7 28. axb3 $18)\\r\\n\\r\\n24. Bg8 $1\\r\\n\\r\\n{[#]Pr\\u00e9pare Txe5 suivi de Df7 mat.}\\r\\n\\r\\n24... Nxg8\\r\\n\\r\\n(24... Qb6 25. Rxd8+ Qxd8 26. Rxe5 $1 {(Menace Df7#)} Nxg8 27. Rxc5 axb4 28. Qxb4 $18)\\r\\n\\r\\n25. Rxd6 Rxd6 26. Rd1 $5\\r\\n\\r\\n{Le Cb4 n&rsquo;est toujours pas press\\u00e9 de partir.}\\r\\n\\r\\n26... Rxd1+ 27. Qxd1 Nf7\\r\\n\\r\\n(27... axb4 28. Qd6+ {et Dxc5})\\r\\n\\r\\n28. Nd5 $18\\r\\n\\r\\n{[#]Dame et pion sont largement sup\\u00e9rieurs \\u00e0 tour et cavalier.}\\r\\n\\r\\n28... Ne7 29. Nxe7 Kxe7 30. Qd4 Rc7 31. Qb6 Rd7 32. Qxb5 Ne5\\r\\n\\r\\n{[#]Un dernier pi\\u00e8ge.}\\r\\n\\r\\n33. Qe2\\r\\n\\r\\n(33. Qxa5 $4 Rd1+ 34. Kh2 Ng4+ 35. Kh3 Nxf2+ 36. Kh2 Rh1#)\\r\\n\\r\\n33... Kd8 34. g4 Nd3 35. Qe6 a4 36. f3 Nf4 37. Qg8+ Ke7 38. Qxg7+ Ke6 39. Qg8+\\r\\n\\r\\n1-0\",\"pieceSymbols\":\"figurines\",\"navigationBoard\":\"frame\",\"withPlayButton\":true,\"withFlipButton\":true,\"withDownloadButton\":true,\"nboSquareSize\":35,\"nboCoordinateVisible\":true,\"nboTurnVisible\":true,\"nboColorset\":\"scid\",\"nboPieceset\":\"cburnett\",\"nboAnimated\":true,\"nboMoveArrowVisible\":false,\"nboMoveArrowColor\":\"b\",\"nboSound\":true,\"idoSquareSize\":35,\"idoCoordinateVisible\":true,\"idoTurnVisible\":true,\"idoColorset\":\"scid\",\"idoPieceset\":\"cburnett\"});\n            }\n            if (document.readyState === 'loading') {\n                document.addEventListener('DOMContentLoaded', renderThisPGN);\n            }\n            else {\n                renderThisPGN();\n            }\n        })();\n    <\/script>\n<\/div>\n\n<p class=\"rpbchessboard-spacerAfter\"><\/p>\n\n","protected":false},"excerpt":{"rendered":"<p>C&rsquo;est toujours un honneur de jouer contre le GM Anatoli Va\u00efsser ! Il a dans son palmar\u00e8s bien fourni un titre de champion de Russie, un titre de champion de France en 1997, et ces derni\u00e8res ann\u00e9es il accumule les titres de champion du monde v\u00e9t\u00e9ran. Pour ma premi\u00e8re victoire contre lui je trouve une&hellip; <a class=\"more-link\" href=\"https:\/\/progresser-aux-echecs.com\/?page_id=1769\">Poursuivre la lecture <span class=\"screen-reader-text\">Partie 8<\/span><\/a><\/p>\n","protected":false},"author":1,"featured_media":0,"parent":0,"menu_order":0,"comment_status":"closed","ping_status":"closed","template":"","meta":{"footnotes":""},"class_list":["post-1769","page","type-page","status-publish","hentry","entry"],"_links":{"self":[{"href":"https:\/\/progresser-aux-echecs.com\/index.php?rest_route=\/wp\/v2\/pages\/1769","targetHints":{"allow":["GET"]}}],"collection":[{"href":"https:\/\/progresser-aux-echecs.com\/index.php?rest_route=\/wp\/v2\/pages"}],"about":[{"href":"https:\/\/progresser-aux-echecs.com\/index.php?rest_route=\/wp\/v2\/types\/page"}],"author":[{"embeddable":true,"href":"https:\/\/progresser-aux-echecs.com\/index.php?rest_route=\/wp\/v2\/users\/1"}],"replies":[{"embeddable":true,"href":"https:\/\/progresser-aux-echecs.com\/index.php?rest_route=%2Fwp%2Fv2%2Fcomments&post=1769"}],"version-history":[{"count":3,"href":"https:\/\/progresser-aux-echecs.com\/index.php?rest_route=\/wp\/v2\/pages\/1769\/revisions"}],"predecessor-version":[{"id":1772,"href":"https:\/\/progresser-aux-echecs.com\/index.php?rest_route=\/wp\/v2\/pages\/1769\/revisions\/1772"}],"wp:attachment":[{"href":"https:\/\/progresser-aux-echecs.com\/index.php?rest_route=%2Fwp%2Fv2%2Fmedia&parent=1769"}],"curies":[{"name":"wp","href":"https:\/\/api.w.org\/{rel}","templated":true}]}}