{"id":1763,"date":"2018-01-19T12:53:53","date_gmt":"2018-01-19T11:53:53","guid":{"rendered":"http:\/\/www.progresser-aux-echecs.com\/?page_id=1763"},"modified":"2018-01-19T12:57:01","modified_gmt":"2018-01-19T11:57:01","slug":"partie-7","status":"publish","type":"page","link":"https:\/\/progresser-aux-echecs.com\/?page_id=1763","title":{"rendered":"Partie 7"},"content":{"rendered":"<p>Dans cette partie contre le ma\u00eetre FIDE \u00e9cossais Alan Tate, j&rsquo;ai l&rsquo;id\u00e9e d&rsquo;<strong>un transfert de tour<\/strong> d\u00e9cisif strat\u00e9giquement \u00e0 partir du 18e coup.<\/p>\n\n\n<p class=\"rpbchessboard-spacerBefore\"><\/p>\n\n<div class=\"rpbchessboard-chessgame\">\n    <noscript>\n        <div class=\"rpbchessboard-javascriptWarning\">\n            Vous devez activer JavaScript pour am\u00e9liorer l&#039;affichage des parties d&#039;\u00e9checs.        <\/div>\n    <\/noscript>\n    <div id=\"rpbchessboard-69f21ee2415f6-1\"><\/div>\n    <script type=\"text\/javascript\">\n        (function() {\n            function renderThisPGN() {\n                RPBChessboard.renderPGN(\"rpbchessboard-69f21ee2415f6-1\", {\"pgn\":\"[Event \\\"Groningen\\\"]\\r\\n[Date \\\"2011.08.09\\\"]\\r\\n[Round \\\"2\\\"]\\r\\n[White \\\"B\\u00e9douin, Xavier\\\"]\\r\\n[Black \\\"Tate, Alan\\\"]\\r\\n[Result \\\"1-0\\\"]\\r\\n[ECO \\\"A40\\\"]\\r\\n[WhiteElo \\\"2410\\\"]\\r\\n[BlackElo \\\"2342\\\"]\\r\\n\\r\\n1. d4 g6 2. c4 c5 3. d5 f5 {Ce syst\\u00e8me rare n&rsquo;est pas sain du tout.} 4. h4 $1 Nf6 5.h5 $1 {[#]}\\r\\n\\r\\n5... gxh5 {Accepte une structure de pions d\\u00e9sastreuse.}\\r\\n\\r\\n(5... Nxh5 6. e4 $1 (6. Rxh5 {fait envie mais c&rsquo;est moins bon :} gxh5 7. e4 Qb6 $1 8. exf5 Bg7 9.Qxh5+ Kd8 $13) 6... Nf6 (6... fxe4 $4 7. Rxh5 $18 gxh5 8. Qxh5#) 7. exf5 gxf5 8. Nc3 Bg7 9. Nge2 d6 10. Nf4 $16 {En \\u00e9change d&rsquo;un pion les blancs ont des pi\\u00e8ces actives, la colonne h, et la structure de pions noire est affaiblie.})\\r\\n\\r\\n6. Nc3 Qb6 7. Qc2 Na6 8. Bd2 d6 9. Nh3 Bd7 10. Nf4 O-O-O 11. e3 $16\\r\\n\\r\\n{[#]Les pi\\u00e8ces blanches sont en bien meilleure harmonie que les pi\\u00e8ces noires, la structure noire est faible et fig\\u00e9e.}\\r\\n\\r\\n11... Rg8 12. g3 Kb8 13. a3 Nc7 14. Be2 Bg7 15. Rb1 Bh8 16. Rh4 $5\\r\\n\\r\\n{[#]Je d\\u00e9cide de ne pas roquer : mon roi est tranquille au centre, les pi\\u00e8ces noires sont tellement loin !}\\r\\n\\r\\n16... Nce8 $2\\r\\n\\r\\n{Le d\\u00e9but d&rsquo;une mauvaise man\\u0153uvre, ce cavalier n&rsquo;a pas d&rsquo;avenir en g7 !}\\r\\n\\r\\n17. b4 Ng7 {[#]}18. bxc5 $1\\r\\n\\r\\n{Le pr\\u00e9lude au transfert lat\\u00e9ral de la Th4.}\\r\\n\\r\\n18... Qxc5 19. Nd3 Qc8 20. c5 $1 dxc5 21. Rc4 $18\\r\\n\\r\\n{[#]Toutes les pi\\u00e8ces blanches se concentrent vers le roque noir, tandis que de nombreuses pi\\u00e8ces noires sont embouteill\\u00e9es \\u00e0 l&rsquo;aile-roi. Avec une telle sup\\u00e9riorit\\u00e9 num\\u00e9rique l&rsquo;attaque est forc\\u00e9ment d\\u00e9cisive.}\\r\\n\\r\\n21... Ka8 22. Nxc5 b6 23. Ne6 Bxe6\\r\\n\\r\\n(23... Qb8 24. Nc7+ Kb7 25. Rc5 $18 {La menace est Fa6#})\\r\\n\\r\\n24. Rxc8+ Bxc8 25. Nb5 Nge8 26. Nxa7 $1\\r\\n\\r\\n{[#]Un sacrifice de d\\u00e9molition pour conclure. Abandon.}\\r\\n\\r\\n(26. Nxa7 $1 Kxa7 27. Qa4+ Kb8 28. Rxb6+ Bb7 29. Rxb7+ $1 Kxb7 30. Qa6+ {C&rsquo;est la cur\\u00e9e : la dame et les deux fous massacrent le roi sans d\\u00e9fense.} Kc7 (30... Kb8 31. Qb6+ Kc8 32. Ba6+ Kd7 33.Qc6#) 31. Qa7+ Kd6 32. Bb4+ Kxd5 (32... Ke5 33. Qd4#) 33. Qb7+ Ke5 34. f4+ Ke6\\r\\n35. Bc4+ Nd5 36. Qxe7#)\\r\\n\\r\\n1-0\",\"pieceSymbols\":\"figurines\",\"navigationBoard\":\"frame\",\"withPlayButton\":true,\"withFlipButton\":true,\"withDownloadButton\":true,\"nboSquareSize\":35,\"nboCoordinateVisible\":true,\"nboTurnVisible\":true,\"nboColorset\":\"scid\",\"nboPieceset\":\"cburnett\",\"nboAnimated\":true,\"nboMoveArrowVisible\":false,\"nboMoveArrowColor\":\"b\",\"nboSound\":true,\"idoSquareSize\":35,\"idoCoordinateVisible\":true,\"idoTurnVisible\":true,\"idoColorset\":\"scid\",\"idoPieceset\":\"cburnett\"});\n            }\n            if (document.readyState === 'loading') {\n                document.addEventListener('DOMContentLoaded', renderThisPGN);\n            }\n            else {\n                renderThisPGN();\n            }\n        })();\n    <\/script>\n<\/div>\n\n<p class=\"rpbchessboard-spacerAfter\"><\/p>\n\n","protected":false},"excerpt":{"rendered":"<p>Dans cette partie contre le ma\u00eetre FIDE \u00e9cossais Alan Tate, j&rsquo;ai l&rsquo;id\u00e9e d&rsquo;un transfert de tour d\u00e9cisif strat\u00e9giquement \u00e0 partir du 18e coup.<\/p>\n","protected":false},"author":1,"featured_media":0,"parent":0,"menu_order":0,"comment_status":"closed","ping_status":"closed","template":"","meta":{"footnotes":""},"class_list":["post-1763","page","type-page","status-publish","hentry","entry"],"_links":{"self":[{"href":"https:\/\/progresser-aux-echecs.com\/index.php?rest_route=\/wp\/v2\/pages\/1763","targetHints":{"allow":["GET"]}}],"collection":[{"href":"https:\/\/progresser-aux-echecs.com\/index.php?rest_route=\/wp\/v2\/pages"}],"about":[{"href":"https:\/\/progresser-aux-echecs.com\/index.php?rest_route=\/wp\/v2\/types\/page"}],"author":[{"embeddable":true,"href":"https:\/\/progresser-aux-echecs.com\/index.php?rest_route=\/wp\/v2\/users\/1"}],"replies":[{"embeddable":true,"href":"https:\/\/progresser-aux-echecs.com\/index.php?rest_route=%2Fwp%2Fv2%2Fcomments&post=1763"}],"version-history":[{"count":4,"href":"https:\/\/progresser-aux-echecs.com\/index.php?rest_route=\/wp\/v2\/pages\/1763\/revisions"}],"predecessor-version":[{"id":1767,"href":"https:\/\/progresser-aux-echecs.com\/index.php?rest_route=\/wp\/v2\/pages\/1763\/revisions\/1767"}],"wp:attachment":[{"href":"https:\/\/progresser-aux-echecs.com\/index.php?rest_route=%2Fwp%2Fv2%2Fmedia&parent=1763"}],"curies":[{"name":"wp","href":"https:\/\/api.w.org\/{rel}","templated":true}]}}