{"id":1756,"date":"2018-01-19T12:30:10","date_gmt":"2018-01-19T11:30:10","guid":{"rendered":"http:\/\/www.progresser-aux-echecs.com\/?page_id=1756"},"modified":"2018-01-19T12:30:10","modified_gmt":"2018-01-19T11:30:10","slug":"partie-6","status":"publish","type":"page","link":"https:\/\/progresser-aux-echecs.com\/?page_id=1756","title":{"rendered":"Partie 6"},"content":{"rendered":"<p>Le MI ukrainien Stets est en t\u00eate du tournoi, et <strong>j&rsquo;ai obligation de le battre<\/strong> pour r\u00e9ussir ma derni\u00e8re norme de MI.<br \/>\nJe m&rsquo;attends pas \u00e0 r\u00e9ussir <strong>une miniature<\/strong> dans ce contexte, avec autant d&rsquo;enjeu pour moi !<\/p>\n\n\n<p class=\"rpbchessboard-spacerBefore\"><\/p>\n\n<div class=\"rpbchessboard-chessgame\">\n    <noscript>\n        <div class=\"rpbchessboard-javascriptWarning\">\n            Vous devez activer JavaScript pour am\u00e9liorer l&#039;affichage des parties d&#039;\u00e9checs.        <\/div>\n    <\/noscript>\n    <div id=\"rpbchessboard-69f22007e0927-1\"><\/div>\n    <script type=\"text\/javascript\">\n        (function() {\n            function renderThisPGN() {\n                RPBChessboard.renderPGN(\"rpbchessboard-69f22007e0927-1\", {\"pgn\":\"[Event \\\"Nancy\\\"]\\r\\n[Date \\\"2010.02.28\\\"]\\r\\n[Round \\\"9\\\"]\\r\\n[White \\\"B\\u00e9douin, Xavier\\\"]\\r\\n[Black \\\"Stets, Dmitry\\\"]\\r\\n[Result \\\"1-0\\\"]\\r\\n[ECO \\\"B22\\\"]\\r\\n[WhiteElo \\\"2381\\\"]\\r\\n[BlackElo \\\"2444\\\"]\\r\\n\\r\\n1. e4 c5 2. c3 g6 3. d4 cxd4 4. cxd4 d5 5. e5 Nc6 6. Nc3 h5 7. Be3 Nh6 8. Qb3\\r\\n\\r\\n{[#]J&rsquo;esp\\u00e8re lui faire jouer 8&#8230;e6 pour enfermer le Fc8, mais il n&rsquo;est pas d&rsquo;accord.}\\r\\n\\r\\n8... Nf5 $5 {Il pr\\u00e9f\\u00e8re sacrifier le pion d5.} 9. Qxd5 Qb6 10. Bb5 Nxe3 11. fxe3 Bh6 12.Qf3 O-O 13. Nge2 Nb4\\r\\n\\r\\n{[#]Ici je me d\\u00e9cide pour la fuite en avant en sacrifiant la Ta1. Sans \\u00eatre certain de la force de mon attaque, mais en jugeant que les alternatives ne me plaisent pas.}\\r\\n\\r\\n14. O-O $1\\r\\n\\r\\n(14. Rc1 $2 Nxa2 15. Nxa2 Qxb5 $15)\\r\\n\\r\\n14... Nc2 15. Nf4 $3\\r\\n\\r\\n{Je ne peux pas lui donner le pion e3.}\\r\\n\\r\\n15... Bg4 16. Qg3 Nxa1 17. h3 $5 {[#]} Bxf4 $6\\r\\n\\r\\n{Le fou de cases noires d\\u00e9fendait le roque, c&rsquo;est risqu\\u00e9 de l&rsquo;\\u00e9changer.}\\r\\n\\r\\n({Apr\\u00e8s} 17... Be6 {on peut prendre le temps pour} 18. Rxa1 {avec un pion, un fort centre et un roque noir affaibli en compensations pour la qualit\\u00e9.})\\r\\n\\r\\n18. Qxf4 Be6 $2\\r\\n\\r\\n(18... Bf5 {est meilleur.})\\r\\n\\r\\n19. Qh6 $1\\r\\n\\r\\n{[#]Il n&rsquo;y a plus qu&rsquo;\\u00e0 amener le cavalier en f6 ou en g5 pour refermer le r\\u00e9seau de mat.}\\r\\n\\r\\n19... Rfc8\\r\\n\\r\\n(19... Bf5 20. Nd5 $1 Qd8 21. Rxf5 $1 Qxd5 22. Bd3 $1 Rfc8 23. Rxh5 $1 {\\r\\net mat forc\\u00e9.})\\r\\n\\r\\n20. Ne4 $1 Bd5\\r\\n\\r\\n(20... Qxb5 21. Nf6+ exf6 22. exf6 {suivi de Dg7#})\\r\\n\\r\\n{[#]} 21. Ng5 $1 {Je refuse de me contenter du gain de dame par 21.Cf6+.}\\r\\n\\r\\n(21.Nf6+ exf6 22. exf6 {est gagnant mais ne mate pas \\u00e0 cause de} Qxf6 23. Rxf6 $18)\\r\\n\\r\\n21... f5 22. Qh7+ Kf8 23. Qh8+ $1\\r\\n\\r\\n{[#]Abandon un coup avant le mat.}\\r\\n\\r\\n(23. Qh8+ $1 Bg8 24. Qh6# {Le Fb5 &#8211; en prise depuis quatre coups &#8211; participe au mat final !})\\r\\n\\r\\n1-0\",\"pieceSymbols\":\"figurines\",\"navigationBoard\":\"frame\",\"withPlayButton\":true,\"withFlipButton\":true,\"withDownloadButton\":true,\"nboSquareSize\":35,\"nboCoordinateVisible\":true,\"nboTurnVisible\":true,\"nboColorset\":\"scid\",\"nboPieceset\":\"cburnett\",\"nboAnimated\":true,\"nboMoveArrowVisible\":false,\"nboMoveArrowColor\":\"b\",\"nboSound\":true,\"idoSquareSize\":35,\"idoCoordinateVisible\":true,\"idoTurnVisible\":true,\"idoColorset\":\"scid\",\"idoPieceset\":\"cburnett\"});\n            }\n            if (document.readyState === 'loading') {\n                document.addEventListener('DOMContentLoaded', renderThisPGN);\n            }\n            else {\n                renderThisPGN();\n            }\n        })();\n    <\/script>\n<\/div>\n\n<p class=\"rpbchessboard-spacerAfter\"><\/p>\n\n","protected":false},"excerpt":{"rendered":"<p>Le MI ukrainien Stets est en t\u00eate du tournoi, et j&rsquo;ai obligation de le battre pour r\u00e9ussir ma derni\u00e8re norme de MI. Je m&rsquo;attends pas \u00e0 r\u00e9ussir une miniature dans ce contexte, avec autant d&rsquo;enjeu pour moi !<\/p>\n","protected":false},"author":1,"featured_media":0,"parent":0,"menu_order":0,"comment_status":"closed","ping_status":"closed","template":"","meta":{"footnotes":""},"class_list":["post-1756","page","type-page","status-publish","hentry","entry"],"_links":{"self":[{"href":"https:\/\/progresser-aux-echecs.com\/index.php?rest_route=\/wp\/v2\/pages\/1756","targetHints":{"allow":["GET"]}}],"collection":[{"href":"https:\/\/progresser-aux-echecs.com\/index.php?rest_route=\/wp\/v2\/pages"}],"about":[{"href":"https:\/\/progresser-aux-echecs.com\/index.php?rest_route=\/wp\/v2\/types\/page"}],"author":[{"embeddable":true,"href":"https:\/\/progresser-aux-echecs.com\/index.php?rest_route=\/wp\/v2\/users\/1"}],"replies":[{"embeddable":true,"href":"https:\/\/progresser-aux-echecs.com\/index.php?rest_route=%2Fwp%2Fv2%2Fcomments&post=1756"}],"version-history":[{"count":5,"href":"https:\/\/progresser-aux-echecs.com\/index.php?rest_route=\/wp\/v2\/pages\/1756\/revisions"}],"predecessor-version":[{"id":1761,"href":"https:\/\/progresser-aux-echecs.com\/index.php?rest_route=\/wp\/v2\/pages\/1756\/revisions\/1761"}],"wp:attachment":[{"href":"https:\/\/progresser-aux-echecs.com\/index.php?rest_route=%2Fwp%2Fv2%2Fmedia&parent=1756"}],"curies":[{"name":"wp","href":"https:\/\/api.w.org\/{rel}","templated":true}]}}