{"id":1748,"date":"2018-01-19T12:14:20","date_gmt":"2018-01-19T11:14:20","guid":{"rendered":"http:\/\/www.progresser-aux-echecs.com\/?page_id=1748"},"modified":"2018-01-19T13:34:58","modified_gmt":"2018-01-19T12:34:58","slug":"partie-5","status":"publish","type":"page","link":"https:\/\/progresser-aux-echecs.com\/?page_id=1748","title":{"rendered":"Partie 5"},"content":{"rendered":"<p>Dans le tournoi ferm\u00e9 de Nancy je suis en qu\u00eate de <strong>ma 3e norme de MI<\/strong>, synonyme de titre vu que j&rsquo;ai d\u00e9j\u00e0 eu le \u00e9lo \u00e0 2400.<br \/>\nProbl\u00e8me : au bout de 7 rondes j&rsquo;ai seulement 4 points, et la norme \u00e9tant \u00e0 6 je suis dans l&rsquo;<strong>obligation de gagner les deux derni\u00e8res rondes<\/strong> d&rsquo;affil\u00e9e contre le Ma\u00eetre FIDE belge Henris et le MI ukrainien Stets.<br \/>\nHenris \u00e9tant <strong>un sp\u00e9cialiste du gambit-Roi<\/strong>, je d\u00e9cide de jouer 1&#8230;e5 pour le provoquer sur son terrain favori !<\/p>\n\n\n<p class=\"rpbchessboard-spacerBefore\"><\/p>\n\n<div class=\"rpbchessboard-chessgame\">\n    <noscript>\n        <div class=\"rpbchessboard-javascriptWarning\">\n            Vous devez activer JavaScript pour am\u00e9liorer l&#039;affichage des parties d&#039;\u00e9checs.        <\/div>\n    <\/noscript>\n    <div id=\"rpbchessboard-69f21dce4c1ef-1\"><\/div>\n    <script type=\"text\/javascript\">\n        (function() {\n            function renderThisPGN() {\n                RPBChessboard.renderPGN(\"rpbchessboard-69f21dce4c1ef-1\", {\"pgn\":\"[Event \\\"Nancy\\\"]\\r\\n[Date \\\"2010.02.27\\\"]\\r\\n[Round \\\"8\\\"]\\r\\n[White \\\"Henris, Luc\\\"]\\r\\n[Black \\\"B\\u00e9douin, Xavier\\\"]\\r\\n[Result \\\"0-1\\\"]\\r\\n[ECO \\\"C39\\\"]\\r\\n[WhiteElo \\\"2302\\\"]\\r\\n[BlackElo \\\"2381\\\"]\\r\\n\\r\\n1. e4 e5 2. f4 exf4 3. Nf3 g5 {Le plus ambitieux pour les noirs.} 4.h4 g4 5. Ne5 d6\\r\\n\\r\\n{Rend le pion pour repousser l&rsquo;attaquant.}\\r\\n\\r\\n6. Nxg4 Nf6 7. Nf2 {[#]}\\r\\n\\r\\n7... Rg8 $1\\r\\n\\r\\n{Prophylaxie anti Fe2-Ff3.}\\r\\n\\r\\n(7... Nc6 8. d4 Bh6 9. Be2 $1 Rg8 10. Bf3 $14)\\r\\n\\r\\n8. d4 Bh6 9. Nc3 Nc6\\r\\n\\r\\n{[#]Je pr\\u00e9f\\u00e8re la position noire gr\\u00e2ce \\u00e0 la Tg8 active.}\\r\\n\\r\\n10. Nd3 $2 {R\\u00e9cup\\u00e8re le pion f4, mais permet aux noirs d&rsquo;acc\\u00e9l\\u00e9rer leur d\\u00e9veloppement et de briser le centre blanc.}\\r\\n\\r\\n(10. Qd3 $5)\\r\\n\\r\\n10... Bg4 11. Be2 Nxd4 $1 12. Bxg4\\r\\n\\r\\n(12. Nxf4 Bxf4 13. Bxf4 Nxe2 14. Nxe2 Nh5 $1 15. Bg5 Qd7 $17 {La menace Cg3 pose de gros probl\\u00e8mes. Todorovic,J (2384)-Vocaturo,D (2445) Antalya 2009}) \\r\\n\\r\\n(12. Bxf4 Nxe2 13. Nxe2 Bxf4 14. Ndxf4 Qe7 $17)\\r\\n\\r\\n12... Nxg4 13. Nxf4\\r\\n\\r\\n(13. Bxf4 $2 Bxf4 14. Nxf4 Ne3 $1 $19)\\r\\n\\r\\n13... Qf6 $1 {[#]} 14. g3 $2\\r\\n\\r\\n{Trop lent.\\r\\nC&rsquo;est seulement maintenant que je sors de ma pr\\u00e9paration d&rsquo;ouverture.}\\r\\n\\r\\n(14. Ncd5 $1 Qe5 {Si les blancs font leur fourchette\\r\\nen c7, le roi blanc subit un assaut par l&rsquo;ensemble des pi\\u00e8ces noires !} 15.\\r\\nQd3 O-O-O 16. c3 Nc6 17. O-O $17)\\r\\n\\r\\n14... O-O-O $19\\r\\n\\r\\n{Les noirs ont fini leur d\\u00e9veloppement et sont beaucoup plus actifs.}\\r\\n\\r\\n15. Rf1 Nh2 $1\\r\\n\\r\\n{Vise la Tf1, le pion g3 et la case f3.}\\r\\n\\r\\n16. Be3 Rxg3 $5 {J&rsquo;en veux au roi blanc.}\\r\\n\\r\\n(16... Nc6 {gagne plus facilement.} 17. Rg1 Bxf4 18. Bxf4 Qxf4 $1 19. gxf4 Rxg1+ 20. Kf2 Rxd1 21. Rxd1 Ng4+ $19 {Un cavalier d&rsquo;avance.})\\r\\n\\r\\n17. Bxd4 Qxh4 18. Qh5 {Le seul coup.[#]}\\r\\n\\r\\n18... Re3+ $3 {Un calcul tr\\u00e8s pr\\u00e9cis sur cinq coups.}\\r\\n\\r\\n(18... Qxh5 19. Nxh5 Nxf1 20. Kxf1 Rh3 21. Nf6 {est moins clair.})\\r\\n\\r\\n19. Kd2 Qxh5 20. Nxh5 Rh3+ 21.Nf4 {[#]} Nf3+ $1\\r\\n\\r\\n{Cette interception\\\/fourchette r\\u00e9cup\\u00e8re une pi\\u00e8ce enti\\u00e8re.}\\r\\n\\r\\n(21... Nxf1+ $2 22. Rxf1 {n&rsquo;est pas clair du tout.})\\r\\n\\r\\n22. Ke3 Bxf4+ 23. Kxf4 Nxd4 $19\\r\\n\\r\\n{Deux pions net d&rsquo;avance, et le roi blanc tr\\u00e8s faible.}\\r\\n\\r\\n24. Kg4 Rh2 25.Kg3 Rxc2 26. Rxf7 Rg8+\\r\\n\\r\\n{[#]La partie se conclut par une attaque directe sur le roi.}\\r\\n\\r\\n27. Kh3\\r\\n\\r\\n(27. Kf4 Rf2+ $19 {Enfilade})\\r\\n\\r\\n27... Ne6 $1 {Menace une fourchette.} 28. Rf5 Ng5+ 29. Kh4 Nxe4 $1\\r\\n\\r\\n{[#]La menace est Th2#.\\r\\nAbandon.}\\r\\n\\r\\n0-1\",\"pieceSymbols\":\"figurines\",\"navigationBoard\":\"frame\",\"withPlayButton\":true,\"withFlipButton\":true,\"withDownloadButton\":true,\"nboSquareSize\":35,\"nboCoordinateVisible\":true,\"nboTurnVisible\":true,\"nboColorset\":\"scid\",\"nboPieceset\":\"cburnett\",\"nboAnimated\":true,\"nboMoveArrowVisible\":false,\"nboMoveArrowColor\":\"b\",\"nboSound\":true,\"idoSquareSize\":35,\"idoCoordinateVisible\":true,\"idoTurnVisible\":true,\"idoColorset\":\"scid\",\"idoPieceset\":\"cburnett\"});\n            }\n            if (document.readyState === 'loading') {\n                document.addEventListener('DOMContentLoaded', renderThisPGN);\n            }\n            else {\n                renderThisPGN();\n            }\n        })();\n    <\/script>\n<\/div>\n\n<p class=\"rpbchessboard-spacerAfter\"><\/p>\n\n","protected":false},"excerpt":{"rendered":"<p>Dans le tournoi ferm\u00e9 de Nancy je suis en qu\u00eate de ma 3e norme de MI, synonyme de titre vu que j&rsquo;ai d\u00e9j\u00e0 eu le \u00e9lo \u00e0 2400. Probl\u00e8me : au bout de 7 rondes j&rsquo;ai seulement 4 points, et la norme \u00e9tant \u00e0 6 je suis dans l&rsquo;obligation de gagner les deux derni\u00e8res rondes&hellip; <a class=\"more-link\" href=\"https:\/\/progresser-aux-echecs.com\/?page_id=1748\">Poursuivre la lecture <span class=\"screen-reader-text\">Partie 5<\/span><\/a><\/p>\n","protected":false},"author":1,"featured_media":0,"parent":0,"menu_order":0,"comment_status":"closed","ping_status":"closed","template":"","meta":{"footnotes":""},"class_list":["post-1748","page","type-page","status-publish","hentry","entry"],"_links":{"self":[{"href":"https:\/\/progresser-aux-echecs.com\/index.php?rest_route=\/wp\/v2\/pages\/1748","targetHints":{"allow":["GET"]}}],"collection":[{"href":"https:\/\/progresser-aux-echecs.com\/index.php?rest_route=\/wp\/v2\/pages"}],"about":[{"href":"https:\/\/progresser-aux-echecs.com\/index.php?rest_route=\/wp\/v2\/types\/page"}],"author":[{"embeddable":true,"href":"https:\/\/progresser-aux-echecs.com\/index.php?rest_route=\/wp\/v2\/users\/1"}],"replies":[{"embeddable":true,"href":"https:\/\/progresser-aux-echecs.com\/index.php?rest_route=%2Fwp%2Fv2%2Fcomments&post=1748"}],"version-history":[{"count":7,"href":"https:\/\/progresser-aux-echecs.com\/index.php?rest_route=\/wp\/v2\/pages\/1748\/revisions"}],"predecessor-version":[{"id":1779,"href":"https:\/\/progresser-aux-echecs.com\/index.php?rest_route=\/wp\/v2\/pages\/1748\/revisions\/1779"}],"wp:attachment":[{"href":"https:\/\/progresser-aux-echecs.com\/index.php?rest_route=%2Fwp%2Fv2%2Fmedia&parent=1748"}],"curies":[{"name":"wp","href":"https:\/\/api.w.org\/{rel}","templated":true}]}}