{"id":1743,"date":"2018-01-18T22:42:09","date_gmt":"2018-01-18T21:42:09","guid":{"rendered":"http:\/\/www.progresser-aux-echecs.com\/?page_id=1743"},"modified":"2018-01-18T22:42:09","modified_gmt":"2018-01-18T21:42:09","slug":"partie-4","status":"publish","type":"page","link":"https:\/\/progresser-aux-echecs.com\/?page_id=1743","title":{"rendered":"Partie 4"},"content":{"rendered":"<p>J&rsquo;aime cette partie &#8211; malgr\u00e9 plusieurs erreurs &#8211; pour les <strong>id\u00e9es tactiques originales<\/strong> des deux joueurs pendant l&rsquo;ouverture, et pour <strong>le triomphe final des pions pass\u00e9s li\u00e9s<\/strong> avec une tour de retard.<\/p>\n\n\n<p class=\"rpbchessboard-spacerBefore\"><\/p>\n\n<div class=\"rpbchessboard-chessgame\">\n    <noscript>\n        <div class=\"rpbchessboard-javascriptWarning\">\n            Vous devez activer JavaScript pour am\u00e9liorer l&#039;affichage des parties d&#039;\u00e9checs.        <\/div>\n    <\/noscript>\n    <div id=\"rpbchessboard-69f2335eabe73-1\"><\/div>\n    <script type=\"text\/javascript\">\n        (function() {\n            function renderThisPGN() {\n                RPBChessboard.renderPGN(\"rpbchessboard-69f2335eabe73-1\", {\"pgn\":\"[Event \\\"Nationale 1\\\"]\\r\\n[Date \\\"2007.02.11\\\"]\\r\\n[Round \\\"7\\\"]\\r\\n[White \\\"Alanic, Mickael\\\"]\\r\\n[Black \\\"Bedouin, Xavier\\\"]\\r\\n[Result \\\"0-1\\\"]\\r\\n[ECO \\\"B02\\\"]\\r\\n[WhiteElo \\\"2230\\\"]\\r\\n[BlackElo \\\"2338\\\"]\\r\\n\\r\\n1. e4 Nf6 2. d3 d5 3. Nd2 e5 4.Ngf3 Nc6 5. h3 {Le d\\u00e9but d&rsquo;un mauvais plan.}\\r\\n\\r\\n(5. Be2 $5 {est une D\\u00e9fense Philidor en premier.})\\r\\n\\r\\n5... Bc5 6. g4 $2\\r\\n\\r\\n{[#]Affaiblit l&rsquo;aile-roi, retarde le d\\u00e9veloppement.}\\r\\n\\r\\n6... dxe4 7. dxe4 Bxg4 $5\\r\\n\\r\\n{Une tentative de r\\u00e9futation directe. Les noirs obtiennent trois pions pour la pi\\u00e8ce et d\\u00e9roquent les blancs.}\\r\\n\\r\\n8.hxg4 Nxg4 {[#]} 9. Nd4 $5\\r\\n\\r\\n{Une d\\u00e9fense tactique ing\\u00e9nieuse ! Le Cg4 est attaqu\\u00e9.}\\r\\n\\r\\n9... Nxf2 10. Kxf2 Qxd4+ 11. Kg2 Qf2+ 12. Kh3 O-O-O 13. Qe2 Qf6\\r\\n\\r\\n{[#]Les blancs ont surv\\u00e9cu \\u00e0 leur ouverture risqu\\u00e9e, mais il leur faut maintenant jouer un\\r\\nmilieu de jeu sans couverture de pions pour le roi.}\\r\\n\\r\\n14. Nf3 Kb8 15. Bg5 Qe6+\\r\\n16. Kh2 f6 17. Bh3 Qe7 18. Bh4 g5 19. Bg3 h5 20. Bf5 {[#]} Nd4 $6\\r\\n\\r\\n{Mon id\\u00e9e d&rsquo;ouvrir la diagonale h2-b8 a bien fonctionn\\u00e9 dans la partie, mais c&rsquo;est pas\\r\\nle mieux.}\\r\\n\\r\\n(20... Qf7 $5 $17 {suivi de Ce7 pour \\u00e9changer le fort Ff5.})\\r\\n\\r\\n21.Nxd4 exd4 22. Rad1 h4 23. Bf2 Bd6+ 24. Kg2 c5 25. Qc4 $2\\r\\n\\r\\n(25. c3 $5 {avec du contre-jeu.})\\r\\n\\r\\n25... h3+ $1 {[#]} 26. Kf3\\r\\n\\r\\n(26. Rxh3 {abandonne la colonne h apr\\u00e8s} Rxh3 27. Kxh3 (27. Bxh3 Qxe4+ $17) 27... Rh8+ {mais c&rsquo;est encore d\\u00e9fendable selon stockfish, avec des pirouettes tactiques.})\\r\\n\\r\\n26... Qe5 27. Rdg1 Qf4+ 28.Ke2 Rhe8 {Menace Dxf5.} 29. Bg6 $2\\r\\n\\r\\n{L\\u00e8ve le blocus sur les pions pass\\u00e9s noirs.}\\r\\n\\r\\n(29. Kf1 {est obligatoire.})\\r\\n\\r\\n{[#]} 29... g4 $1 30. Bxe8 Qf3+ 31. Ke1 Rxe8 32.Kf1 g3\\r\\n\\r\\n{[#]Les noirs menacent Dxf2#, ainsi que g3-g2+. Abandon.}\\r\\n\\r\\n0-1\",\"pieceSymbols\":\"figurines\",\"navigationBoard\":\"frame\",\"withPlayButton\":true,\"withFlipButton\":true,\"withDownloadButton\":true,\"nboSquareSize\":35,\"nboCoordinateVisible\":true,\"nboTurnVisible\":true,\"nboColorset\":\"scid\",\"nboPieceset\":\"cburnett\",\"nboAnimated\":true,\"nboMoveArrowVisible\":false,\"nboMoveArrowColor\":\"b\",\"nboSound\":true,\"idoSquareSize\":35,\"idoCoordinateVisible\":true,\"idoTurnVisible\":true,\"idoColorset\":\"scid\",\"idoPieceset\":\"cburnett\"});\n            }\n            if (document.readyState === 'loading') {\n                document.addEventListener('DOMContentLoaded', renderThisPGN);\n            }\n            else {\n                renderThisPGN();\n            }\n        })();\n    <\/script>\n<\/div>\n\n<p class=\"rpbchessboard-spacerAfter\"><\/p>\n\n","protected":false},"excerpt":{"rendered":"<p>J&rsquo;aime cette partie &#8211; malgr\u00e9 plusieurs erreurs &#8211; pour les id\u00e9es tactiques originales des deux joueurs pendant l&rsquo;ouverture, et pour le triomphe final des pions pass\u00e9s li\u00e9s avec une tour de retard.<\/p>\n","protected":false},"author":1,"featured_media":0,"parent":0,"menu_order":0,"comment_status":"closed","ping_status":"closed","template":"","meta":{"footnotes":""},"class_list":["post-1743","page","type-page","status-publish","hentry","entry"],"_links":{"self":[{"href":"https:\/\/progresser-aux-echecs.com\/index.php?rest_route=\/wp\/v2\/pages\/1743","targetHints":{"allow":["GET"]}}],"collection":[{"href":"https:\/\/progresser-aux-echecs.com\/index.php?rest_route=\/wp\/v2\/pages"}],"about":[{"href":"https:\/\/progresser-aux-echecs.com\/index.php?rest_route=\/wp\/v2\/types\/page"}],"author":[{"embeddable":true,"href":"https:\/\/progresser-aux-echecs.com\/index.php?rest_route=\/wp\/v2\/users\/1"}],"replies":[{"embeddable":true,"href":"https:\/\/progresser-aux-echecs.com\/index.php?rest_route=%2Fwp%2Fv2%2Fcomments&post=1743"}],"version-history":[{"count":3,"href":"https:\/\/progresser-aux-echecs.com\/index.php?rest_route=\/wp\/v2\/pages\/1743\/revisions"}],"predecessor-version":[{"id":1746,"href":"https:\/\/progresser-aux-echecs.com\/index.php?rest_route=\/wp\/v2\/pages\/1743\/revisions\/1746"}],"wp:attachment":[{"href":"https:\/\/progresser-aux-echecs.com\/index.php?rest_route=%2Fwp%2Fv2%2Fmedia&parent=1743"}],"curies":[{"name":"wp","href":"https:\/\/api.w.org\/{rel}","templated":true}]}}