{"id":1731,"date":"2018-01-18T16:21:01","date_gmt":"2018-01-18T15:21:01","guid":{"rendered":"http:\/\/www.progresser-aux-echecs.com\/?page_id=1731"},"modified":"2018-01-18T16:53:59","modified_gmt":"2018-01-18T15:53:59","slug":"partie-3","status":"publish","type":"page","link":"https:\/\/progresser-aux-echecs.com\/?page_id=1731","title":{"rendered":"Partie 3"},"content":{"rendered":"<p>Lors de cette derni\u00e8re ronde de l&rsquo;Open international de Sautron je sors d&rsquo;un long d\u00e9bat th\u00e9orique (23 coups !) avec une position d&rsquo;attaque prometteuse.<br \/>\nLa combinaison finale au 30e coup est courte mais remarquable par le <strong>mouvement g\u00e9om\u00e9trique<\/strong> de la dame et l&rsquo;<strong>\u00e9conomie de moyens<\/strong> du mat.<\/p>\n\n\n<p class=\"rpbchessboard-spacerBefore\"><\/p>\n\n<div class=\"rpbchessboard-chessgame\">\n    <noscript>\n        <div class=\"rpbchessboard-javascriptWarning\">\n            Vous devez activer JavaScript pour am\u00e9liorer l&#039;affichage des parties d&#039;\u00e9checs.        <\/div>\n    <\/noscript>\n    <div id=\"rpbchessboard-69f21f20aed71-1\"><\/div>\n    <script type=\"text\/javascript\">\n        (function() {\n            function renderThisPGN() {\n                RPBChessboard.renderPGN(\"rpbchessboard-69f21f20aed71-1\", {\"pgn\":\"[Event \\\"Sautron\\\"]\\r\\n[Date \\\"2004.10.31\\\"]\\r\\n[Round \\\"9\\\"]\\r\\n[White \\\"B\\u00e9douin, Xavier\\\"]\\r\\n[Black \\\"Murie, Eric\\\"]\\r\\n[Result \\\"1-0\\\"]\\r\\n[ECO \\\"C45\\\"]\\r\\n[WhiteElo \\\"2292\\\"]\\r\\n[BlackElo \\\"2069\\\"]\\r\\n\\r\\n1. e4 e5 2. Nf3 Nc6\\r\\n3. d4 exd4 4. Nxd4 Nf6 5. Nxc6 bxc6 6. e5 Qe7 7. Qe2 Nd5 8. c4 Ba6 9. b3 Qh4 $6\\r\\n\\r\\n{[#] Une variante tr\\u00e8s pi\\u00e9geuse mais mauvaise finalement.}\\r\\n\\r\\n10. a3 Bc5 11. g3 $1 Bxf2+\\r\\n\\r\\n{Les noirs r\\u00e9cup\\u00e8rent une des deux tours !}\\r\\n\\r\\n12. Qxf2 $1\\r\\n\\r\\n(12. Kxf2 Qd4+ {et Dxa1})\\r\\n\\r\\n12... Qe4+ 13. Kd1 $1 Qxh1 14. Nd2 Nc3+ 15. Kc2 Ne4 16. Nxe4 Qxe4+\\r\\n17. Bd3 Qg4 18. Bf5 Qh5 19. h4 $1\\r\\n\\r\\n{Menace 20. g4, ce qui force les noirs \\u00e0 s&rsquo;affaiblir.}\\r\\n\\r\\n19... f6 20. exf6 gxf6 21. Bb2 O-O 22. g4 Qf7 23. Rg1 $1\\r\\n\\r\\n{[#] Je connaissais jusque l\\u00e0. Les fous sont impressionnants et les blancs souhaitent simplement ouvrir la colonne g. Attention quand m\\u00eame au contre jeu autour du roi blanc expos\\u00e9 lui aussi.}\\r\\n\\r\\n23...Rab8 24. Qd4\\r\\n\\r\\n(24. Qf4 $1 $18 {est encore plus fort.})\\r\\n\\r\\n24... Rfe8 25. g5 Re2+ {[#]} 26. Kd1 $2 {Laisse un \\u00e9chec crucial \\u00e0 la dame\\r\\nnoire au 28e coup.}\\r\\n\\r\\n(26. Kc1 $1 {Par exemple} Rxb2 27. gxf6+ Kf8 28. Rg7 $18 {Contrairement \\u00e0 la partie la dame noire ne peut pas faire \\u00e9chec.})\\r\\n\\r\\n26... Rxb2 $1 27. gxf6+ Kf8 28. Rg7\\r\\n\\r\\n(28. Qxb2 $2 Bxc4 $1 $17)\\r\\n\\r\\n28... Qh5+ 29. Bg4 Qxh4 $2 {Laisse aux blancs une combinaison \\u00e9tonnante :[#]}\\r\\n\\r\\n(29... Qh6 $1 {est le seul coup.})\\r\\n\\r\\n30. Rg8+ $3 Kxg8\\r\\n\\r\\n(30... Kf7 31. Qxd7+ Kxf6 32. Qg7#)\\r\\n\\r\\n31. Be6+ $1 dxe6 {Mon adversaire pense que je vais capturer sa dame.}\\r\\n\\r\\n(31... Kh8 32. Qxh4 dxe6 33. f7 $5 {Menace Df6#.} Kg7 34. Qd4+ Kxf7 35. Qxb2 $18)\\r\\n\\r\\n32. Qg1+ $1 {[#]Non, merci, je refuse la dame !\\r\\nAbandon avant le mat forc\\u00e9.}\\r\\n\\r\\n(32. Qg1+ $1 Kf7 33.Qg7+ {La dame vient de dessiner un joli triangle d4-g1-g7.} Ke8 34. Qe7# {Mat avec une dame et un pion, alors que les noirs poss\\u00e8dent encore toute une armada.})\\r\\n\\r\\n(32. Qxh4 $2 Rg2 $15)\\r\\n\\r\\n1-0\",\"pieceSymbols\":\"figurines\",\"navigationBoard\":\"frame\",\"withPlayButton\":true,\"withFlipButton\":true,\"withDownloadButton\":true,\"nboSquareSize\":35,\"nboCoordinateVisible\":true,\"nboTurnVisible\":true,\"nboColorset\":\"scid\",\"nboPieceset\":\"cburnett\",\"nboAnimated\":true,\"nboMoveArrowVisible\":false,\"nboMoveArrowColor\":\"b\",\"nboSound\":true,\"idoSquareSize\":35,\"idoCoordinateVisible\":true,\"idoTurnVisible\":true,\"idoColorset\":\"scid\",\"idoPieceset\":\"cburnett\"});\n            }\n            if (document.readyState === 'loading') {\n                document.addEventListener('DOMContentLoaded', renderThisPGN);\n            }\n            else {\n                renderThisPGN();\n            }\n        })();\n    <\/script>\n<\/div>\n\n<p class=\"rpbchessboard-spacerAfter\"><\/p>\n\n","protected":false},"excerpt":{"rendered":"<p>Lors de cette derni\u00e8re ronde de l&rsquo;Open international de Sautron je sors d&rsquo;un long d\u00e9bat th\u00e9orique (23 coups !) avec une position d&rsquo;attaque prometteuse. La combinaison finale au 30e coup est courte mais remarquable par le mouvement g\u00e9om\u00e9trique de la dame et l&rsquo;\u00e9conomie de moyens du mat.<\/p>\n","protected":false},"author":1,"featured_media":0,"parent":0,"menu_order":0,"comment_status":"closed","ping_status":"closed","template":"","meta":{"footnotes":""},"class_list":["post-1731","page","type-page","status-publish","hentry","entry"],"_links":{"self":[{"href":"https:\/\/progresser-aux-echecs.com\/index.php?rest_route=\/wp\/v2\/pages\/1731","targetHints":{"allow":["GET"]}}],"collection":[{"href":"https:\/\/progresser-aux-echecs.com\/index.php?rest_route=\/wp\/v2\/pages"}],"about":[{"href":"https:\/\/progresser-aux-echecs.com\/index.php?rest_route=\/wp\/v2\/types\/page"}],"author":[{"embeddable":true,"href":"https:\/\/progresser-aux-echecs.com\/index.php?rest_route=\/wp\/v2\/users\/1"}],"replies":[{"embeddable":true,"href":"https:\/\/progresser-aux-echecs.com\/index.php?rest_route=%2Fwp%2Fv2%2Fcomments&post=1731"}],"version-history":[{"count":4,"href":"https:\/\/progresser-aux-echecs.com\/index.php?rest_route=\/wp\/v2\/pages\/1731\/revisions"}],"predecessor-version":[{"id":1741,"href":"https:\/\/progresser-aux-echecs.com\/index.php?rest_route=\/wp\/v2\/pages\/1731\/revisions\/1741"}],"wp:attachment":[{"href":"https:\/\/progresser-aux-echecs.com\/index.php?rest_route=%2Fwp%2Fv2%2Fmedia&parent=1731"}],"curies":[{"name":"wp","href":"https:\/\/api.w.org\/{rel}","templated":true}]}}