{"id":1721,"date":"2018-01-18T13:59:24","date_gmt":"2018-01-18T12:59:24","guid":{"rendered":"http:\/\/www.progresser-aux-echecs.com\/?page_id=1721"},"modified":"2018-01-19T13:28:45","modified_gmt":"2018-01-19T12:28:45","slug":"bedouin-inkiov-chasseneuil-2003","status":"publish","type":"page","link":"https:\/\/progresser-aux-echecs.com\/?page_id=1721","title":{"rendered":"Partie 1"},"content":{"rendered":"<p>Une partie sp\u00e9ciale pour moi : c&rsquo;est <strong>mon premier tournoi ferm\u00e9<\/strong> et je joue contre mon co\u00e9quipier le GM Ventzislav Inkiov &#8211; au style agressif, et tr\u00e8s rapide \u00e0 la pendule.<br \/>\nJe prend le dessus d\u00e8s l&rsquo;ouverture, et je gagne sa dame gr\u00e2ce \u00e0 une combinaison au 20e coup.<\/p>\n\n\n<p class=\"rpbchessboard-spacerBefore\"><\/p>\n\n<div class=\"rpbchessboard-chessgame\">\n    <noscript>\n        <div class=\"rpbchessboard-javascriptWarning\">\n            Vous devez activer JavaScript pour am\u00e9liorer l&#039;affichage des parties d&#039;\u00e9checs.        <\/div>\n    <\/noscript>\n    <div id=\"rpbchessboard-69f21daf3f6dc-1\"><\/div>\n    <script type=\"text\/javascript\">\n        (function() {\n            function renderThisPGN() {\n                RPBChessboard.renderPGN(\"rpbchessboard-69f21daf3f6dc-1\", {\"pgn\":\"[Event \\\"Chasseneuil\\\"]\\r\\n[Date \\\"2003.09.10\\\"]\\r\\n[Round \\\"5\\\"]\\r\\n[White \\\"B\\u00e9douin, Xavier\\\"]\\r\\n[Black \\\"Inkiov, Ventzislav\\\"]\\r\\n[Result \\\"1-0\\\"]\\r\\n[ECO \\\"C63\\\"]\\r\\n[WhiteElo \\\"2229\\\"]\\r\\n[BlackElo \\\"2478\\\"]\\r\\n\\r\\n1. e4 e5 2. Nf3 Nc6 3. Bb5 f5 4. Nc3\\r\\nfxe4 5. Nxe4 d5 6. Nxe5 dxe4 7. Nxc6 Qg5 8. Qe2 Nf6 9. f4 Qxf4 10. d4 Qd6 11.\\r\\nNe5+ c6 12. Bc4 {[#]} Qxd4 $2\\r\\n\\r\\n(12... Be6 {est plus prudent.})\\r\\n\\r\\n13. Bf4 Be7 14. c3 Qc5 15. O-O-O Rf8 16. Rhf1 a5 17. a4 $16\\r\\n\\r\\n{Les noirs ont rat\\u00e9 leur ouverture : ils ne peuvent plus esp\\u00e9rer roquer.}\\r\\n\\r\\n17... g6 18. g4 g5 19. Bg3 Nd5\\r\\n\\r\\n{[#] Ici je calcule une combinaison qui gagne la dame noire en cinq coups.}\\r\\n\\r\\n20. Rxd5 $1 cxd5\\r\\n\\r\\n(20... Rxf1+ $2 21. Qxf1 cxd5 22. Bb5+ Kd8 23. Nf7#)\\r\\n\\r\\n21. Bb5+ Kd8 22. Rxf8+ Bxf8 23.Nf7+ $1 Ke7 24. Bd6+ Qxd6\\r\\n\\r\\n(24... Kxf7 $2 25. Qf1+ $1 Ke6 26. Qf5+ $1 Kxd6 27.Qxf8+ Ke5 28. Qxc5 $18)\\r\\n\\r\\n25. Nxd6 Kxd6 26. Qf2 $18\\r\\n\\r\\n{[#]C&rsquo;est techniquement gagnant, mais je mets longtemps \\u00e0 conclure la partie. Il faut dire que Ventzislav me met une grosse pression \\u00e0 la pendule depuis le d\\u00e9but de la partie.}\\r\\n\\r\\n26... Be7\\r\\n27. c4 Ke5 28. Qg3+ Ke6 29. cxd5+ Kxd5 30. Qb3+ Kd6 31. Qa3+ Ke6 32. Bc4+ Kf6\\r\\n33. Qc3+ Kg6 34. Qe5 Bb4 35. Qxe4+ Kg7 36. Qe5+ Kg6 37. Qe8+ Kf6 38. Qh8+ Ke7\\r\\n39. Qxh7+ Kd6 40. Qd3+ Kc7 41. Bb5 Bd6 42. Qc3+ Kb8 43. h3 b6 44. Qf6 Bf4+ 45.\\r\\nKb1 Ka7 46. h4 Bb7 47. hxg5 Be3 48. Bc6 Bxc6 49. Qxc6 Rb8 50. Qc3\\r\\n{[#]}\\r\\n\\r\\n1-0\",\"pieceSymbols\":\"figurines\",\"navigationBoard\":\"frame\",\"withPlayButton\":true,\"withFlipButton\":true,\"withDownloadButton\":true,\"nboSquareSize\":35,\"nboCoordinateVisible\":true,\"nboTurnVisible\":true,\"nboColorset\":\"scid\",\"nboPieceset\":\"cburnett\",\"nboAnimated\":true,\"nboMoveArrowVisible\":false,\"nboMoveArrowColor\":\"b\",\"nboSound\":true,\"idoSquareSize\":35,\"idoCoordinateVisible\":true,\"idoTurnVisible\":true,\"idoColorset\":\"scid\",\"idoPieceset\":\"cburnett\"});\n            }\n            if (document.readyState === 'loading') {\n                document.addEventListener('DOMContentLoaded', renderThisPGN);\n            }\n            else {\n                renderThisPGN();\n            }\n        })();\n    <\/script>\n<\/div>\n\n<p class=\"rpbchessboard-spacerAfter\"><\/p>\n\n","protected":false},"excerpt":{"rendered":"<p>Une partie sp\u00e9ciale pour moi : c&rsquo;est mon premier tournoi ferm\u00e9 et je joue contre mon co\u00e9quipier le GM Ventzislav Inkiov &#8211; au style agressif, et tr\u00e8s rapide \u00e0 la pendule. Je prend le dessus d\u00e8s l&rsquo;ouverture, et je gagne sa dame gr\u00e2ce \u00e0 une combinaison au 20e coup.<\/p>\n","protected":false},"author":1,"featured_media":0,"parent":0,"menu_order":0,"comment_status":"closed","ping_status":"closed","template":"","meta":{"footnotes":""},"class_list":["post-1721","page","type-page","status-publish","hentry","entry"],"_links":{"self":[{"href":"https:\/\/progresser-aux-echecs.com\/index.php?rest_route=\/wp\/v2\/pages\/1721","targetHints":{"allow":["GET"]}}],"collection":[{"href":"https:\/\/progresser-aux-echecs.com\/index.php?rest_route=\/wp\/v2\/pages"}],"about":[{"href":"https:\/\/progresser-aux-echecs.com\/index.php?rest_route=\/wp\/v2\/types\/page"}],"author":[{"embeddable":true,"href":"https:\/\/progresser-aux-echecs.com\/index.php?rest_route=\/wp\/v2\/users\/1"}],"replies":[{"embeddable":true,"href":"https:\/\/progresser-aux-echecs.com\/index.php?rest_route=%2Fwp%2Fv2%2Fcomments&post=1721"}],"version-history":[{"count":6,"href":"https:\/\/progresser-aux-echecs.com\/index.php?rest_route=\/wp\/v2\/pages\/1721\/revisions"}],"predecessor-version":[{"id":1778,"href":"https:\/\/progresser-aux-echecs.com\/index.php?rest_route=\/wp\/v2\/pages\/1721\/revisions\/1778"}],"wp:attachment":[{"href":"https:\/\/progresser-aux-echecs.com\/index.php?rest_route=%2Fwp%2Fv2%2Fmedia&parent=1721"}],"curies":[{"name":"wp","href":"https:\/\/api.w.org\/{rel}","templated":true}]}}