{"id":1717,"date":"2018-01-18T13:50:48","date_gmt":"2018-01-18T12:50:48","guid":{"rendered":"http:\/\/www.progresser-aux-echecs.com\/?page_id=1717"},"modified":"2022-07-27T11:45:44","modified_gmt":"2022-07-27T09:45:44","slug":"mes-parties","status":"publish","type":"page","link":"https:\/\/progresser-aux-echecs.com\/?page_id=1717","title":{"rendered":"Mes parties"},"content":{"rendered":"<p>Voici huit parties parmi <strong>les plus spectaculaires<\/strong> que j&rsquo;ai jou\u00e9es.<br \/>\nJ&rsquo;esp\u00e8re qu&rsquo;elles vont vous \u00e9tonner !<\/p>\n<p>1 <a href=\"https:\/\/www.progresser-aux-echecs.com\/?page_id=1721\">B\u00e9douin &#8211; Inkiov, Chasseneuil 2003<\/a><\/p>\n<p>2 <a href=\"https:\/\/www.progresser-aux-echecs.com\/?page_id=1728\">B\u00e9douin &#8211; Demanghon, N2 2004<\/a><\/p>\n<p>3 <a href=\"https:\/\/www.progresser-aux-echecs.com\/?page_id=1731\">B\u00e9douin &#8211; Murie, Sautron 2004<\/a><\/p>\n<p>4 <a href=\"https:\/\/www.progresser-aux-echecs.com\/?page_id=1743\">Alanic &#8211; B\u00e9douin, N1 2007<\/a><\/p>\n<p>5 <a href=\"https:\/\/www.progresser-aux-echecs.com\/?page_id=1748\">Henris &#8211; B\u00e9douin, Nancy 2010<\/a><\/p>\n<p>6 <a href=\"https:\/\/www.progresser-aux-echecs.com\/?page_id=1756\">B\u00e9douin &#8211; Stets, Nancy 2010<\/a><\/p>\n<p>7 <a href=\"https:\/\/www.progresser-aux-echecs.com\/?page_id=1763\">B\u00e9douin &#8211; Tate, Groningen 2011<\/a><\/p>\n<p>8 <a href=\"https:\/\/www.progresser-aux-echecs.com\/?page_id=1769\">B\u00e9douin &#8211; Va\u00efsser, Top12 2015<\/a><\/p>\n","protected":false},"excerpt":{"rendered":"<p>Voici huit parties parmi les plus spectaculaires que j&rsquo;ai jou\u00e9es. J&rsquo;esp\u00e8re qu&rsquo;elles vont vous \u00e9tonner ! 1 B\u00e9douin &#8211; Inkiov, Chasseneuil 2003 2 B\u00e9douin &#8211; Demanghon, N2 2004 3 B\u00e9douin &#8211; Murie, Sautron 2004 4 Alanic &#8211; B\u00e9douin, N1 2007 5 Henris &#8211; B\u00e9douin, Nancy 2010 6 B\u00e9douin &#8211; Stets, Nancy 2010 7 B\u00e9douin &#8211;&hellip; <a class=\"more-link\" href=\"https:\/\/progresser-aux-echecs.com\/?page_id=1717\">Poursuivre la lecture <span class=\"screen-reader-text\">Mes parties<\/span><\/a><\/p>\n","protected":false},"author":1,"featured_media":0,"parent":0,"menu_order":0,"comment_status":"closed","ping_status":"closed","template":"","meta":{"footnotes":""},"class_list":["post-1717","page","type-page","status-publish","hentry","entry"],"_links":{"self":[{"href":"https:\/\/progresser-aux-echecs.com\/index.php?rest_route=\/wp\/v2\/pages\/1717","targetHints":{"allow":["GET"]}}],"collection":[{"href":"https:\/\/progresser-aux-echecs.com\/index.php?rest_route=\/wp\/v2\/pages"}],"about":[{"href":"https:\/\/progresser-aux-echecs.com\/index.php?rest_route=\/wp\/v2\/types\/page"}],"author":[{"embeddable":true,"href":"https:\/\/progresser-aux-echecs.com\/index.php?rest_route=\/wp\/v2\/users\/1"}],"replies":[{"embeddable":true,"href":"https:\/\/progresser-aux-echecs.com\/index.php?rest_route=%2Fwp%2Fv2%2Fcomments&post=1717"}],"version-history":[{"count":16,"href":"https:\/\/progresser-aux-echecs.com\/index.php?rest_route=\/wp\/v2\/pages\/1717\/revisions"}],"predecessor-version":[{"id":3287,"href":"https:\/\/progresser-aux-echecs.com\/index.php?rest_route=\/wp\/v2\/pages\/1717\/revisions\/3287"}],"wp:attachment":[{"href":"https:\/\/progresser-aux-echecs.com\/index.php?rest_route=%2Fwp%2Fv2%2Fmedia&parent=1717"}],"curies":[{"name":"wp","href":"https:\/\/api.w.org\/{rel}","templated":true}]}}