{"id":1707,"date":"2018-01-16T12:10:38","date_gmt":"2018-01-16T11:10:38","guid":{"rendered":"http:\/\/www.progresser-aux-echecs.com\/?page_id=1707"},"modified":"2022-07-27T13:51:10","modified_gmt":"2022-07-27T11:51:10","slug":"fischer-b-mes-60-meilleures-parties","status":"publish","type":"page","link":"https:\/\/progresser-aux-echecs.com\/?page_id=1707","title":{"rendered":"Fischer B., Mes 60 meilleures parties"},"content":{"rendered":"<h1>Editechecs, 1995<\/h1>\n<p><a href=\"https:\/\/www.progresser-aux-echecs.com\/wp-content\/uploads\/2014\/01\/fischer.jpg\"><img loading=\"lazy\" decoding=\"async\" class=\"alignright size-full wp-image-643\" src=\"http:\/\/www.progresser-aux-echecs.com\/wp-content\/uploads\/2014\/01\/fischer.jpg\" alt=\"fischer\" width=\"90\" height=\"145\" \/><\/a>Bobby Fischer a \u00e9crit ce livre entre 1967 et 1969, quelques ann\u00e9es avant de devenir <strong>Champion du Monde<\/strong> en 1972.<\/p>\n<p>La pr\u00e9face donne le ton : <q>ces 60 parties repr\u00e9sentent pour moi quelque chose de m\u00e9morable et de passionnant. [&#8230;] J&rsquo;ai essay\u00e9 d&rsquo;\u00eatre \u00e0 la fois sinc\u00e8re et pr\u00e9cis dans mes analyses.<\/q> Et c&rsquo;est justement la <strong>sinc\u00e9rit\u00e9<\/strong> et la <strong>clart\u00e9<\/strong> de ses analyses qui ont fait le grand succ\u00e8s de ce recueil de parties.<\/p>\n<p>Chaque partie est introduite par un court texte du regrett\u00e9 <abbr title=\"Grand Ma\u00eetre\">GM<\/abbr> <strong>Larry Evans<\/strong>, qui a su les mettre en valeur. Il a aussi bien choisi les titres, par exemple le tr\u00e8s \u00e9vocateur <q>massacre du dragon<\/q> concernant la fameuse partie d&rsquo;attaque face \u00e0 <strong>Larsen<\/strong> \u00e0 Portoroz en 1958.<\/p>\n<p>On trouve d&rsquo;ailleurs une grande proportion de <strong>parties d&rsquo;attaque<\/strong>, ce qui a conduit beaucoup de lecteurs \u00e0 croire que Fischer \u00e9tait un tacticien, alors qu&rsquo;il \u00e9tait avant tout un grand <strong>technicien<\/strong>.<\/p>\n<p>Ce ne sont pas des parties comment\u00e9es \u00e0 chaud, mais des parties analys\u00e9es avec le <strong>recul<\/strong> n\u00e9cessaire, et l&rsquo;auteur va \u00e0 l&rsquo;essentiel.<\/p>\n<p>Et il n&rsquo;oublie pas non plus de nous faire revivre ses <strong>impressions<\/strong> et sentiments durant la partie.<\/p>\n<p>On a souvent droit aussi aux analyses publi\u00e9es par les <strong>adversaires<\/strong> de Fischer, comme <strong>Keres<\/strong>, <strong>Botvinnik<\/strong> ou <strong>Korchnoi<\/strong>, bien souvent corrig\u00e9es ou contre-dites par Fischer.<\/p>\n<p>Lire une collection de parties peut \u00eatre une fa\u00e7on agr\u00e9able d&rsquo;am\u00e9liorer sa <strong>compr\u00e9hension du jeu<\/strong>, surtout quand toutes les phases des parties sont aussi bien annot\u00e9es, de l&rsquo;ouverture \u00e0 la finale.<\/p>\n<p>Pour <strong>tous niveaux<\/strong>.<\/p>\n","protected":false},"excerpt":{"rendered":"<p>Editechecs, 1995 Bobby Fischer a \u00e9crit ce livre entre 1967 et 1969, quelques ann\u00e9es avant de devenir Champion du Monde en 1972. La pr\u00e9face donne le ton : ces 60 parties repr\u00e9sentent pour moi quelque chose de m\u00e9morable et de passionnant. [&#8230;] J&rsquo;ai essay\u00e9 d&rsquo;\u00eatre \u00e0 la fois sinc\u00e8re et pr\u00e9cis dans mes analyses. Et&hellip; <a class=\"more-link\" href=\"https:\/\/progresser-aux-echecs.com\/?page_id=1707\">Poursuivre la lecture <span class=\"screen-reader-text\">Fischer B., Mes 60 meilleures parties<\/span><\/a><\/p>\n","protected":false},"author":1,"featured_media":0,"parent":0,"menu_order":0,"comment_status":"closed","ping_status":"closed","template":"","meta":{"footnotes":""},"class_list":["post-1707","page","type-page","status-publish","hentry","entry"],"_links":{"self":[{"href":"https:\/\/progresser-aux-echecs.com\/index.php?rest_route=\/wp\/v2\/pages\/1707","targetHints":{"allow":["GET"]}}],"collection":[{"href":"https:\/\/progresser-aux-echecs.com\/index.php?rest_route=\/wp\/v2\/pages"}],"about":[{"href":"https:\/\/progresser-aux-echecs.com\/index.php?rest_route=\/wp\/v2\/types\/page"}],"author":[{"embeddable":true,"href":"https:\/\/progresser-aux-echecs.com\/index.php?rest_route=\/wp\/v2\/users\/1"}],"replies":[{"embeddable":true,"href":"https:\/\/progresser-aux-echecs.com\/index.php?rest_route=%2Fwp%2Fv2%2Fcomments&post=1707"}],"version-history":[{"count":2,"href":"https:\/\/progresser-aux-echecs.com\/index.php?rest_route=\/wp\/v2\/pages\/1707\/revisions"}],"predecessor-version":[{"id":3320,"href":"https:\/\/progresser-aux-echecs.com\/index.php?rest_route=\/wp\/v2\/pages\/1707\/revisions\/3320"}],"wp:attachment":[{"href":"https:\/\/progresser-aux-echecs.com\/index.php?rest_route=%2Fwp%2Fv2%2Fmedia&parent=1707"}],"curies":[{"name":"wp","href":"https:\/\/api.w.org\/{rel}","templated":true}]}}