{"id":1705,"date":"2018-01-16T12:09:20","date_gmt":"2018-01-16T11:09:20","guid":{"rendered":"http:\/\/www.progresser-aux-echecs.com\/?page_id=1705"},"modified":"2022-07-27T13:49:45","modified_gmt":"2022-07-27T11:49:45","slug":"watson-j-maitriser-les-ouvertures","status":"publish","type":"page","link":"https:\/\/progresser-aux-echecs.com\/?page_id=1705","title":{"rendered":"Watson J., Ma\u00eetriser les ouvertures"},"content":{"rendered":"<h1>( tomes 1 \u00e0 4 ), Olibris, 2009<\/h1>\n<div><\/div>\n<p><a href=\"https:\/\/www.progresser-aux-echecs.com\/wp-content\/uploads\/2014\/01\/watson_ouvertures.jpg\"><img loading=\"lazy\" decoding=\"async\" class=\"alignright size-full wp-image-648\" src=\"http:\/\/www.progresser-aux-echecs.com\/wp-content\/uploads\/2014\/01\/watson_ouvertures.jpg\" alt=\"watson_ouvertures\" width=\"115\" height=\"145\" \/><\/a>Cet ouvrage, en quatre gros volumes de 400 pages chacun, a pour objectif d&rsquo;<strong>expliquer<\/strong> aux joueurs de club <strong>toutes les ouvertures<\/strong>, d\u00e8s les premiers coups et avec des mots. Et John Watson sait tr\u00e8s bien expliquer la logique des d\u00e9buts de partie.<\/p>\n<p>Le but n&rsquo;est pas de donner toute les variantes en d\u00e9tail, mais de montrer les principales directions emprunt\u00e9es par la th\u00e9orie. On peut ainsi se forger une <strong>vision globale<\/strong> de l&rsquo;\u00e9tat actuel de la th\u00e9orie des ouvertures.<\/p>\n<p>Attention tout de m\u00eame : l&rsquo;auteur analyse des parties compl\u00e8tes dans chaque variante, et \u00e7a rend le <strong>livre tr\u00e8s dense !<\/strong> Pour \u00e9viter de s&rsquo;y perdre comme dans un labyrinthe il faut utiliser l&rsquo;index en fin d&rsquo;ouvrage.<\/p>\n<p>Le volume 1 traite de 1.e4, le volume 2 de 1.d4, le volume 3 de 1.c4 et le volume 4 contient tout ce qui reste.<\/p>\n<p>Bien s\u00fbr il n&rsquo;est pas du tout n\u00e9cessaire d&rsquo;avoir les quatre tomes, je conseille plut\u00f4t de se contenter de celui qui correspond \u00e0 notre premier coup blanc, c&rsquo;est d\u00e9j\u00e0 quelques heures de lecture\u00a0!<\/p>\n<p>On peut \u00eatre surpris que l&rsquo;auteur ait consacr\u00e9 tout un volume \u00e0 l&rsquo;Anglaise, autant qu&rsquo;aux coups principaux 1.e4 ou 1.d4, mais Watson est un sp\u00e9cialiste de l&rsquo;Anglaise et il a beaucoup de choses \u00e0 dire sur ce sujet\u00a0!<\/p>\n<p>Plus g\u00eanant \u00e0 mon avis est l&rsquo;<strong>oubli complet<\/strong> de quelques ouvertures, comme par exemple la Variante Sveshnikov de la Sicilienne ou bien la D\u00e9fense Petrov.<\/p>\n<p>Je conseille quand m\u00eame ce livre aux grandes qualit\u00e9s p\u00e9dagogiques, mais regardez le sommaire avant d&rsquo;en acheter un volume, pour \u00e9viter toute d\u00e9ception.<\/p>\n<p>Particuli\u00e8rement adapt\u00e9 pour un \u00e9lo <strong>entre 1700 et 2100<\/strong>, mais des joueurs plus forts peuvent l&rsquo;utiliser pour d\u00e9buter sur une ouverture qu&rsquo;ils ne connaissent pas du tout.<\/p>\n","protected":false},"excerpt":{"rendered":"<p>( tomes 1 \u00e0 4 ), Olibris, 2009 Cet ouvrage, en quatre gros volumes de 400 pages chacun, a pour objectif d&rsquo;expliquer aux joueurs de club toutes les ouvertures, d\u00e8s les premiers coups et avec des mots. Et John Watson sait tr\u00e8s bien expliquer la logique des d\u00e9buts de partie. Le but n&rsquo;est pas de&hellip; <a class=\"more-link\" href=\"https:\/\/progresser-aux-echecs.com\/?page_id=1705\">Poursuivre la lecture <span class=\"screen-reader-text\">Watson J., Ma\u00eetriser les ouvertures<\/span><\/a><\/p>\n","protected":false},"author":1,"featured_media":0,"parent":0,"menu_order":0,"comment_status":"closed","ping_status":"closed","template":"","meta":{"footnotes":""},"class_list":["post-1705","page","type-page","status-publish","hentry","entry"],"_links":{"self":[{"href":"https:\/\/progresser-aux-echecs.com\/index.php?rest_route=\/wp\/v2\/pages\/1705","targetHints":{"allow":["GET"]}}],"collection":[{"href":"https:\/\/progresser-aux-echecs.com\/index.php?rest_route=\/wp\/v2\/pages"}],"about":[{"href":"https:\/\/progresser-aux-echecs.com\/index.php?rest_route=\/wp\/v2\/types\/page"}],"author":[{"embeddable":true,"href":"https:\/\/progresser-aux-echecs.com\/index.php?rest_route=\/wp\/v2\/users\/1"}],"replies":[{"embeddable":true,"href":"https:\/\/progresser-aux-echecs.com\/index.php?rest_route=%2Fwp%2Fv2%2Fcomments&post=1705"}],"version-history":[{"count":4,"href":"https:\/\/progresser-aux-echecs.com\/index.php?rest_route=\/wp\/v2\/pages\/1705\/revisions"}],"predecessor-version":[{"id":3318,"href":"https:\/\/progresser-aux-echecs.com\/index.php?rest_route=\/wp\/v2\/pages\/1705\/revisions\/3318"}],"wp:attachment":[{"href":"https:\/\/progresser-aux-echecs.com\/index.php?rest_route=%2Fwp%2Fv2%2Fmedia&parent=1705"}],"curies":[{"name":"wp","href":"https:\/\/api.w.org\/{rel}","templated":true}]}}