{"id":1701,"date":"2018-01-16T12:05:27","date_gmt":"2018-01-16T11:05:27","guid":{"rendered":"http:\/\/www.progresser-aux-echecs.com\/?page_id=1701"},"modified":"2022-07-27T13:49:23","modified_gmt":"2022-07-27T11:49:23","slug":"flear-g-practical-endgame-play","status":"publish","type":"page","link":"https:\/\/progresser-aux-echecs.com\/?page_id=1701","title":{"rendered":"Flear G., Practical Endgame Play"},"content":{"rendered":"<h1>Everyman Chess, 2007<\/h1>\n<div><\/div>\n<p><a href=\"https:\/\/www.progresser-aux-echecs.com\/wp-content\/uploads\/2014\/01\/flear.jpg\"><img loading=\"lazy\" decoding=\"async\" class=\"alignright size-full wp-image-642\" src=\"http:\/\/www.progresser-aux-echecs.com\/wp-content\/uploads\/2014\/01\/flear.jpg\" alt=\"flear\" width=\"100\" height=\"145\" \/><\/a>Le <abbr title=\"Grand Ma\u00eetre\">GM<\/abbr> Glenn Flear \u00e9tudie les finales avec <strong>deux pi\u00e8ces<\/strong> (en plus du roi) <strong>pour chaque joueur<\/strong>. Il appelle \u00e7a les <q>nuckies<\/q>, un raccourci pour <q>not quite an endgame<\/q>.<\/p>\n<p>L&rsquo;auteur d\u00e9montre par des statistiques que le sujet a une <strong>grande importance pratique<\/strong>, par exemple la finale tour et pi\u00e8ce mineure contre tour et pi\u00e8ce mineure se pr\u00e9sente dans presque 20% de nos parties\u00a0!<\/p>\n<p>Et le <strong>projet scientifique<\/strong> est ambitieux : \u00e9tudier toutes les combinaisons de pi\u00e8ces possibles avec un chapitre pour chaque rapport mat\u00e9riel.<\/p>\n<p>Le r\u00e9sultat est un gros livre de 544 pages, qui contient des finales tr\u00e8s bien choisies issues du plus haut niveau et de la pratique personnelle de l&rsquo;auteur.<\/p>\n<p>Les <strong>statistiques<\/strong> pr\u00e9sent\u00e9es au d\u00e9but de chaque chapitre sont instructives, car elles sont r\u00e9alis\u00e9es sur des parties de haut niveau.<\/p>\n<p>Mais les <strong>conclusions<\/strong> par rapport mat\u00e9riel sont assez <strong>d\u00e9cevantes<\/strong> dans la plupart des cas. On d\u00e9couvre des points communs entre les finales d&rsquo;un m\u00eame chapitre, mais les caract\u00e9ristiques de ces finales sont g\u00e9n\u00e9ralement trop diverses pour que Flear puisse d\u00e9gager des principes strat\u00e9giques utilisables dans la pratique.<\/p>\n<p>Cette limite du livre est la cons\u00e9quence de la <strong>m\u00e9thodologie<\/strong> choisie : \u00e9tudier ces finales en fonction du mat\u00e9riel est tr\u00e8s rigoureux, mais pas aussi instructif que l&rsquo;approche par m\u00e9thode \u00e0 la fa\u00e7on de Cherechevski.<\/p>\n<p>Finalement j&rsquo;appr\u00e9cie ce livre comme une <strong>excellente collection de finales<\/strong> de haute qualit\u00e9, annot\u00e9es de fa\u00e7on agr\u00e9able, sans exc\u00e8s de variantes.<\/p>\n<p>Une version fran\u00e7aise est sortie chez Olibris en 2008 sous le titre <em>En finale<\/em> (tomes 1 et 2).<\/p>\n<p>Recommand\u00e9 si vous souhaitez consacrer du temps \u00e0 ces finales, et si votre \u00e9lo est <strong>au dessus de 2000<\/strong>.<\/p>\n","protected":false},"excerpt":{"rendered":"<p>Everyman Chess, 2007 Le GM Glenn Flear \u00e9tudie les finales avec deux pi\u00e8ces (en plus du roi) pour chaque joueur. Il appelle \u00e7a les nuckies, un raccourci pour not quite an endgame. L&rsquo;auteur d\u00e9montre par des statistiques que le sujet a une grande importance pratique, par exemple la finale tour et pi\u00e8ce mineure contre tour&hellip; <a class=\"more-link\" href=\"https:\/\/progresser-aux-echecs.com\/?page_id=1701\">Poursuivre la lecture <span class=\"screen-reader-text\">Flear G., Practical Endgame Play<\/span><\/a><\/p>\n","protected":false},"author":1,"featured_media":0,"parent":0,"menu_order":0,"comment_status":"closed","ping_status":"closed","template":"","meta":{"footnotes":""},"class_list":["post-1701","page","type-page","status-publish","hentry","entry"],"_links":{"self":[{"href":"https:\/\/progresser-aux-echecs.com\/index.php?rest_route=\/wp\/v2\/pages\/1701","targetHints":{"allow":["GET"]}}],"collection":[{"href":"https:\/\/progresser-aux-echecs.com\/index.php?rest_route=\/wp\/v2\/pages"}],"about":[{"href":"https:\/\/progresser-aux-echecs.com\/index.php?rest_route=\/wp\/v2\/types\/page"}],"author":[{"embeddable":true,"href":"https:\/\/progresser-aux-echecs.com\/index.php?rest_route=\/wp\/v2\/users\/1"}],"replies":[{"embeddable":true,"href":"https:\/\/progresser-aux-echecs.com\/index.php?rest_route=%2Fwp%2Fv2%2Fcomments&post=1701"}],"version-history":[{"count":3,"href":"https:\/\/progresser-aux-echecs.com\/index.php?rest_route=\/wp\/v2\/pages\/1701\/revisions"}],"predecessor-version":[{"id":3317,"href":"https:\/\/progresser-aux-echecs.com\/index.php?rest_route=\/wp\/v2\/pages\/1701\/revisions\/3317"}],"wp:attachment":[{"href":"https:\/\/progresser-aux-echecs.com\/index.php?rest_route=%2Fwp%2Fv2%2Fmedia&parent=1701"}],"curies":[{"name":"wp","href":"https:\/\/api.w.org\/{rel}","templated":true}]}}