{"id":1695,"date":"2018-01-16T11:57:45","date_gmt":"2018-01-16T10:57:45","guid":{"rendered":"http:\/\/www.progresser-aux-echecs.com\/?page_id=1695"},"modified":"2022-07-27T13:48:19","modified_gmt":"2022-07-27T11:48:19","slug":"rosen-b-entrainement-aux-finales","status":"publish","type":"page","link":"https:\/\/progresser-aux-echecs.com\/?page_id=1695","title":{"rendered":"Rosen B., Entra\u00eenement aux Finales"},"content":{"rendered":"<h1>Olibris, 2010<\/h1>\n<p><a href=\"https:\/\/www.progresser-aux-echecs.com\/wp-content\/uploads\/2014\/01\/rosen.jpg\"><img loading=\"lazy\" decoding=\"async\" class=\"alignright size-full wp-image-647\" src=\"http:\/\/www.progresser-aux-echecs.com\/wp-content\/uploads\/2014\/01\/rosen.jpg\" alt=\"rosen\" width=\"114\" height=\"145\" \/><\/a>Un simple <strong>manuel d\u2019apprentissage<\/strong> con\u00e7u par Bernd Rosen, un entra\u00eeneur allemand.<\/p>\n<p>C\u2019est un excellent choix pour commencer l\u2019\u00e9tude des finales, car l\u2019auteur part vraiment de la base, ses explications sont claires et il va \u00e0 l\u2019essentiel.<\/p>\n<p>Je l\u2019utilise avec mes plus jeunes \u00e9l\u00e8ves.<\/p>\n<p>Chaque chapitre est con\u00e7u comme <strong>une le\u00e7on<\/strong> qui commence par un exemple, suivi de six exercices \u00e0 r\u00e9soudre. Ces six exercices sont ensuite corrig\u00e9s avec des explications.<\/p>\n<p>Et pour ceux qui veulent aller plus loin, on trouve une s\u00e9rie d\u2019exercices suppl\u00e9mentaires.<\/p>\n<p>Recommand\u00e9 pour un \u00e9lo <strong>en dessous de 2000<\/strong>.<\/p>\n","protected":false},"excerpt":{"rendered":"<p>Olibris, 2010 Un simple manuel d\u2019apprentissage con\u00e7u par Bernd Rosen, un entra\u00eeneur allemand. C\u2019est un excellent choix pour commencer l\u2019\u00e9tude des finales, car l\u2019auteur part vraiment de la base, ses explications sont claires et il va \u00e0 l\u2019essentiel. Je l\u2019utilise avec mes plus jeunes \u00e9l\u00e8ves. Chaque chapitre est con\u00e7u comme une le\u00e7on qui commence par&hellip; <a class=\"more-link\" href=\"https:\/\/progresser-aux-echecs.com\/?page_id=1695\">Poursuivre la lecture <span class=\"screen-reader-text\">Rosen B., Entra\u00eenement aux Finales<\/span><\/a><\/p>\n","protected":false},"author":1,"featured_media":0,"parent":0,"menu_order":0,"comment_status":"closed","ping_status":"closed","template":"","meta":{"footnotes":""},"class_list":["post-1695","page","type-page","status-publish","hentry","entry"],"_links":{"self":[{"href":"https:\/\/progresser-aux-echecs.com\/index.php?rest_route=\/wp\/v2\/pages\/1695","targetHints":{"allow":["GET"]}}],"collection":[{"href":"https:\/\/progresser-aux-echecs.com\/index.php?rest_route=\/wp\/v2\/pages"}],"about":[{"href":"https:\/\/progresser-aux-echecs.com\/index.php?rest_route=\/wp\/v2\/types\/page"}],"author":[{"embeddable":true,"href":"https:\/\/progresser-aux-echecs.com\/index.php?rest_route=\/wp\/v2\/users\/1"}],"replies":[{"embeddable":true,"href":"https:\/\/progresser-aux-echecs.com\/index.php?rest_route=%2Fwp%2Fv2%2Fcomments&post=1695"}],"version-history":[{"count":2,"href":"https:\/\/progresser-aux-echecs.com\/index.php?rest_route=\/wp\/v2\/pages\/1695\/revisions"}],"predecessor-version":[{"id":3315,"href":"https:\/\/progresser-aux-echecs.com\/index.php?rest_route=\/wp\/v2\/pages\/1695\/revisions\/3315"}],"wp:attachment":[{"href":"https:\/\/progresser-aux-echecs.com\/index.php?rest_route=%2Fwp%2Fv2%2Fmedia&parent=1695"}],"curies":[{"name":"wp","href":"https:\/\/api.w.org\/{rel}","templated":true}]}}