{"id":1693,"date":"2018-01-16T11:56:57","date_gmt":"2018-01-16T10:56:57","guid":{"rendered":"http:\/\/www.progresser-aux-echecs.com\/?page_id=1693"},"modified":"2022-07-27T13:47:56","modified_gmt":"2022-07-27T11:47:56","slug":"keres-p-finales-dechecs-pratiques","status":"publish","type":"page","link":"https:\/\/progresser-aux-echecs.com\/?page_id=1693","title":{"rendered":"K\u00e9r\u00e8s P., Finales d\u2019\u00e9checs pratiques"},"content":{"rendered":"<h1>Grasset, 1992<\/h1>\n<p><a href=\"https:\/\/www.progresser-aux-echecs.com\/wp-content\/uploads\/2014\/01\/finales_keres_mini1.jpg\"><img loading=\"lazy\" decoding=\"async\" class=\"alignright size-full wp-image-646\" src=\"http:\/\/www.progresser-aux-echecs.com\/wp-content\/uploads\/2014\/01\/finales_keres_mini1.jpg\" alt=\"finales_keres_mini\" width=\"90\" height=\"145\" \/><\/a>J\u2019ai enfin lu ce fameux livre de <strong>Paul K\u00e9r\u00e8s<\/strong>, un classique<strong>.<\/strong> \u00c7a a tr\u00e8s mal commenc\u00e9 : j\u2019ai appris dans l\u2019introduction que \u00ab\u00a0les fins de parties sont beaucoup moins captivantes \u00e0 \u00e9tudier que, par exemple, la th\u00e9orie des ouvertures ou la strat\u00e9gie du milieu de jeu.\u00a0\u00bb Un point de vue tr\u00e8s courant, surtout chez les joueurs qui n\u2019ont jamais \u00e9tudi\u00e9 la moindre finale, mais tr\u00e8s surprenant venant d\u2019un joueur aussi fort que K\u00e9r\u00e8s !<\/p>\n<p>Ensuite je me suis int\u00e9ress\u00e9 aux <strong>finales roi et pion contre roi<\/strong>, un sujet d\u00e9licat du point de vue p\u00e9dagogique. Le sujet est trait\u00e9 s\u00e9rieusement, mais l\u2019auteur n\u2019utilise pas la th\u00e9orie des cases cl\u00e9s. Ce sera donc <strong>difficile pour le lecteur d\u2019\u00e9valuer<\/strong> rapidement ce type de finale, sans avoir besoin de calculer.<\/p>\n<p>En revanche, la section concernant <strong>tour et pion contre tour<\/strong> m\u2019a bien plu. K\u00e9r\u00e8s a choisi les\u00a0 positions les plus importantes pour la pratique. Et il explique bien les id\u00e9es et les man\u0153uvres, <strong>avec du texte<\/strong> \u00e0 chaque fois que c\u2019est n\u00e9cessaire. Le reste du livre est du m\u00eame niveau : <strong>des cas bien choisis<\/strong>, car ce n\u2019est pas un trait\u00e9 complet mais un manuel pratique, et <strong>des analyses d\u00e9taill\u00e9es<\/strong> et tr\u00e8s bien expliqu\u00e9es.<\/p>\n<p>Recommand\u00e9 <strong>\u00e0 partir de 1500 \u00e9lo<\/strong>. Une lecture agr\u00e9able et instructive.<\/p>\n","protected":false},"excerpt":{"rendered":"<p>Grasset, 1992 J\u2019ai enfin lu ce fameux livre de Paul K\u00e9r\u00e8s, un classique. \u00c7a a tr\u00e8s mal commenc\u00e9 : j\u2019ai appris dans l\u2019introduction que \u00ab\u00a0les fins de parties sont beaucoup moins captivantes \u00e0 \u00e9tudier que, par exemple, la th\u00e9orie des ouvertures ou la strat\u00e9gie du milieu de jeu.\u00a0\u00bb Un point de vue tr\u00e8s courant, surtout&hellip; <a class=\"more-link\" href=\"https:\/\/progresser-aux-echecs.com\/?page_id=1693\">Poursuivre la lecture <span class=\"screen-reader-text\">K\u00e9r\u00e8s P., Finales d\u2019\u00e9checs pratiques<\/span><\/a><\/p>\n","protected":false},"author":1,"featured_media":0,"parent":0,"menu_order":0,"comment_status":"closed","ping_status":"closed","template":"","meta":{"footnotes":""},"class_list":["post-1693","page","type-page","status-publish","hentry","entry"],"_links":{"self":[{"href":"https:\/\/progresser-aux-echecs.com\/index.php?rest_route=\/wp\/v2\/pages\/1693","targetHints":{"allow":["GET"]}}],"collection":[{"href":"https:\/\/progresser-aux-echecs.com\/index.php?rest_route=\/wp\/v2\/pages"}],"about":[{"href":"https:\/\/progresser-aux-echecs.com\/index.php?rest_route=\/wp\/v2\/types\/page"}],"author":[{"embeddable":true,"href":"https:\/\/progresser-aux-echecs.com\/index.php?rest_route=\/wp\/v2\/users\/1"}],"replies":[{"embeddable":true,"href":"https:\/\/progresser-aux-echecs.com\/index.php?rest_route=%2Fwp%2Fv2%2Fcomments&post=1693"}],"version-history":[{"count":2,"href":"https:\/\/progresser-aux-echecs.com\/index.php?rest_route=\/wp\/v2\/pages\/1693\/revisions"}],"predecessor-version":[{"id":3314,"href":"https:\/\/progresser-aux-echecs.com\/index.php?rest_route=\/wp\/v2\/pages\/1693\/revisions\/3314"}],"wp:attachment":[{"href":"https:\/\/progresser-aux-echecs.com\/index.php?rest_route=%2Fwp%2Fv2%2Fmedia&parent=1693"}],"curies":[{"name":"wp","href":"https:\/\/api.w.org\/{rel}","templated":true}]}}