{"id":1691,"date":"2018-01-16T11:56:07","date_gmt":"2018-01-16T10:56:07","guid":{"rendered":"http:\/\/www.progresser-aux-echecs.com\/?page_id=1691"},"modified":"2022-07-27T13:47:20","modified_gmt":"2022-07-27T11:47:20","slug":"villeneuve-a-les-finales","status":"publish","type":"page","link":"https:\/\/progresser-aux-echecs.com\/?page_id=1691","title":{"rendered":"Villeneuve A., Les Finales"},"content":{"rendered":"<h1>(tomes 1 et 2), Grasset, 1998<\/h1>\n<div><\/div>\n<p><a href=\"https:\/\/www.progresser-aux-echecs.com\/wp-content\/uploads\/2014\/01\/villeneuve.jpg\"><img loading=\"lazy\" decoding=\"async\" class=\"alignright size-full wp-image-640\" src=\"http:\/\/www.progresser-aux-echecs.com\/wp-content\/uploads\/2014\/01\/villeneuve.jpg\" alt=\"villeneuve\" width=\"92\" height=\"145\" \/><\/a>Un ouvrage tr\u00e8s <strong>complet<\/strong> sur les finales th\u00e9oriques, et en Fran\u00e7ais\u00a0!<\/p>\n<p>Alain Villeneuve transmet sa passion pour les finales gr\u00e2ce \u00e0 une \u00e9criture haute en couleurs, et \u00e7a fonctionne bien. En plus des passages didactiques on trouve aussi dans ce livre de belles <strong>\u00e9tudes<\/strong>.<\/p>\n<p>Mais une \u00e9criture agr\u00e9able ne suffit pas pour qu\u2019on puisse lire d\u2019une traite un tel pav\u00e9 (presque 800 pages). Et cette masse d\u2019informations risque de vous rebuter au premier abord.<\/p>\n<p>Je vous recommande plut\u00f4t d\u2019en lire un passage de temps en temps. Personnellement je l\u2019utilise depuis des ann\u00e9es comme <strong>ouvrage de r\u00e9f\u00e9rence<\/strong> \u00e0 chaque fois que j\u2019ai un doute sur une finale th\u00e9orique. Et je le relis avec toujours autant de plaisir\u00a0!<\/p>\n<p>Recommand\u00e9 <strong>\u00e0 partir de 1800<\/strong> \u00e9lo, si vous voulez tout savoir sur les finales th\u00e9oriques.<\/p>\n","protected":false},"excerpt":{"rendered":"<p>(tomes 1 et 2), Grasset, 1998 Un ouvrage tr\u00e8s complet sur les finales th\u00e9oriques, et en Fran\u00e7ais\u00a0! Alain Villeneuve transmet sa passion pour les finales gr\u00e2ce \u00e0 une \u00e9criture haute en couleurs, et \u00e7a fonctionne bien. En plus des passages didactiques on trouve aussi dans ce livre de belles \u00e9tudes. Mais une \u00e9criture agr\u00e9able ne&hellip; <a class=\"more-link\" href=\"https:\/\/progresser-aux-echecs.com\/?page_id=1691\">Poursuivre la lecture <span class=\"screen-reader-text\">Villeneuve A., Les Finales<\/span><\/a><\/p>\n","protected":false},"author":1,"featured_media":0,"parent":0,"menu_order":0,"comment_status":"closed","ping_status":"closed","template":"","meta":{"footnotes":""},"class_list":["post-1691","page","type-page","status-publish","hentry","entry"],"_links":{"self":[{"href":"https:\/\/progresser-aux-echecs.com\/index.php?rest_route=\/wp\/v2\/pages\/1691","targetHints":{"allow":["GET"]}}],"collection":[{"href":"https:\/\/progresser-aux-echecs.com\/index.php?rest_route=\/wp\/v2\/pages"}],"about":[{"href":"https:\/\/progresser-aux-echecs.com\/index.php?rest_route=\/wp\/v2\/types\/page"}],"author":[{"embeddable":true,"href":"https:\/\/progresser-aux-echecs.com\/index.php?rest_route=\/wp\/v2\/users\/1"}],"replies":[{"embeddable":true,"href":"https:\/\/progresser-aux-echecs.com\/index.php?rest_route=%2Fwp%2Fv2%2Fcomments&post=1691"}],"version-history":[{"count":2,"href":"https:\/\/progresser-aux-echecs.com\/index.php?rest_route=\/wp\/v2\/pages\/1691\/revisions"}],"predecessor-version":[{"id":3313,"href":"https:\/\/progresser-aux-echecs.com\/index.php?rest_route=\/wp\/v2\/pages\/1691\/revisions\/3313"}],"wp:attachment":[{"href":"https:\/\/progresser-aux-echecs.com\/index.php?rest_route=%2Fwp%2Fv2%2Fmedia&parent=1691"}],"curies":[{"name":"wp","href":"https:\/\/api.w.org\/{rel}","templated":true}]}}