{"id":1689,"date":"2018-01-16T11:54:18","date_gmt":"2018-01-16T10:54:18","guid":{"rendered":"http:\/\/www.progresser-aux-echecs.com\/?page_id=1689"},"modified":"2022-07-27T13:47:01","modified_gmt":"2022-07-27T11:47:01","slug":"dvoretsky-m-dvoretskys-endgame-manual","status":"publish","type":"page","link":"https:\/\/progresser-aux-echecs.com\/?page_id=1689","title":{"rendered":"Dvoretsky M., Dvoretsky\u2019s Endgame Manual"},"content":{"rendered":"<h1>Russel Enterprises, 2003<\/h1>\n<p><a href=\"https:\/\/www.progresser-aux-echecs.com\/wp-content\/uploads\/2014\/01\/dvo_finales.jpg\"><img loading=\"lazy\" decoding=\"async\" class=\"alignright size-full wp-image-639\" src=\"http:\/\/www.progresser-aux-echecs.com\/wp-content\/uploads\/2014\/01\/dvo_finales.jpg\" alt=\"dvo_finales\" width=\"100\" height=\"145\" \/><\/a>Ce manuel des finales th\u00e9oriques est d\u00e9j\u00e0 devenu un classique. L\u2019accent est mis sur les finales qui arrivent le plus souvent <strong>dans la pratique<\/strong>, et les plus importantes selon Dvoretsky sont imprim\u00e9es <strong>en bleu<\/strong>. Ainsi on distingue clairement ce qu\u2019on doit absolument conna\u00eetre de ce qui rel\u00e8ve de l\u2019exemple, de la d\u00e9monstration, de l\u2019approfondissement ou de l\u2019exercice.<\/p>\n<p>Une autre trouvaille p\u00e9dagogique : les <q>tragicom\u00e9dies<\/q>. A la fin de chaque section on trouve des exemples de joueurs de haut niveau, y compris Kasparov, qui se trompent dans les finales qu\u2019on vient juste de travailler. C\u2019est \u00e0 la fois amusant, instructif et rassurant\u00a0!<\/p>\n<p>Certains reprochent \u00e0 ce livre d\u2019\u00eatre incomplet, il manque par exemple la fameuse manoeuvre du W dans la finale roi, fou et cavalier contre roi.<\/p>\n<p>C\u2019est la cons\u00e9quence du parti pris de l\u2019auteur, ax\u00e9 sur la pratique, qui le conduit \u00e0 faire des choix discutables pour les puristes. Ce livre n\u2019est pas un trait\u00e9 complet des finales, mais bien un <strong>manuel pratique<\/strong>.<\/p>\n<p>Olibris a \u00e9dit\u00e9 une traduction fran\u00e7aise, le Manuel des finales. Mais cette version est maintenant \u00e9puis\u00e9e et introuvable.<\/p>\n<p>Une limite : les explications sont g\u00e9n\u00e9ralement succintes, ce qui rend ce livre trop difficile pour un joueur de club moyen. Elo <strong>minimum : 2000<\/strong>.<\/p>\n","protected":false},"excerpt":{"rendered":"<p>Russel Enterprises, 2003 Ce manuel des finales th\u00e9oriques est d\u00e9j\u00e0 devenu un classique. L\u2019accent est mis sur les finales qui arrivent le plus souvent dans la pratique, et les plus importantes selon Dvoretsky sont imprim\u00e9es en bleu. Ainsi on distingue clairement ce qu\u2019on doit absolument conna\u00eetre de ce qui rel\u00e8ve de l\u2019exemple, de la d\u00e9monstration,&hellip; <a class=\"more-link\" href=\"https:\/\/progresser-aux-echecs.com\/?page_id=1689\">Poursuivre la lecture <span class=\"screen-reader-text\">Dvoretsky M., Dvoretsky\u2019s Endgame Manual<\/span><\/a><\/p>\n","protected":false},"author":1,"featured_media":0,"parent":0,"menu_order":0,"comment_status":"closed","ping_status":"closed","template":"","meta":{"footnotes":""},"class_list":["post-1689","page","type-page","status-publish","hentry","entry"],"_links":{"self":[{"href":"https:\/\/progresser-aux-echecs.com\/index.php?rest_route=\/wp\/v2\/pages\/1689","targetHints":{"allow":["GET"]}}],"collection":[{"href":"https:\/\/progresser-aux-echecs.com\/index.php?rest_route=\/wp\/v2\/pages"}],"about":[{"href":"https:\/\/progresser-aux-echecs.com\/index.php?rest_route=\/wp\/v2\/types\/page"}],"author":[{"embeddable":true,"href":"https:\/\/progresser-aux-echecs.com\/index.php?rest_route=\/wp\/v2\/users\/1"}],"replies":[{"embeddable":true,"href":"https:\/\/progresser-aux-echecs.com\/index.php?rest_route=%2Fwp%2Fv2%2Fcomments&post=1689"}],"version-history":[{"count":2,"href":"https:\/\/progresser-aux-echecs.com\/index.php?rest_route=\/wp\/v2\/pages\/1689\/revisions"}],"predecessor-version":[{"id":3312,"href":"https:\/\/progresser-aux-echecs.com\/index.php?rest_route=\/wp\/v2\/pages\/1689\/revisions\/3312"}],"wp:attachment":[{"href":"https:\/\/progresser-aux-echecs.com\/index.php?rest_route=%2Fwp%2Fv2%2Fmedia&parent=1689"}],"curies":[{"name":"wp","href":"https:\/\/api.w.org\/{rel}","templated":true}]}}