{"id":1684,"date":"2018-01-16T11:48:36","date_gmt":"2018-01-16T10:48:36","guid":{"rendered":"http:\/\/www.progresser-aux-echecs.com\/?page_id=1684"},"modified":"2022-07-27T13:45:35","modified_gmt":"2022-07-27T11:45:35","slug":"blokh-m-combinative-motifs","status":"publish","type":"page","link":"https:\/\/progresser-aux-echecs.com\/?page_id=1684","title":{"rendered":"Blokh M., Combinative Motifs"},"content":{"rendered":"<h1>Hannaco Enterprises, 2006<\/h1>\n<p><a href=\"https:\/\/www.progresser-aux-echecs.com\/wp-content\/uploads\/2014\/01\/blokh.jpg\"><img loading=\"lazy\" decoding=\"async\" class=\"alignright size-full wp-image-638\" src=\"http:\/\/www.progresser-aux-echecs.com\/wp-content\/uploads\/2014\/01\/blokh.jpg\" alt=\"blokh\" width=\"95\" height=\"145\" \/><\/a>Un excellent recueil d\u2019<strong>exercices tactiques<\/strong>, qui sont <strong>class\u00e9s par motifs<\/strong> tactiques, ce qui est tr\u00e8s utile pour cibler son entra\u00eenement. Ils sont aussi class\u00e9s par difficult\u00e9.<\/p>\n<p>Un d\u00e9tail original : les diagrammes sont \u00e0 la fois des exercices pour les blancs et pour les noirs, c\u2019est-\u00e0-dire que quelque soit le trait il y a une solution \u00e0 trouver\u00a0!<\/p>\n<p>Maxim Blokh est aussi l\u2019inventeur de l\u2019excellent logiciel CT-Art, dans lequel les exercices sont les m\u00eames. Ce livre est donc la <strong>version papier de CT-Art<\/strong>, pour ceux qui ne veulent plus user leurs yeux sur un \u00e9cran.<\/p>\n<p>Pas de texte dans ce livre, seule la notation internationale est utilis\u00e9e. Et donc vous ne trouverez <strong>pas d\u2019explications<\/strong> des combinaisons, et pas d\u2019indices. Il faut d\u00e9j\u00e0 avoir compris les m\u00e9canismes tactiques de base pour appr\u00e9cier ces exercices. Recommand\u00e9 <strong>entre 1200 et 2400<\/strong> \u00e9lo.<\/p>\n","protected":false},"excerpt":{"rendered":"<p>Hannaco Enterprises, 2006 Un excellent recueil d\u2019exercices tactiques, qui sont class\u00e9s par motifs tactiques, ce qui est tr\u00e8s utile pour cibler son entra\u00eenement. Ils sont aussi class\u00e9s par difficult\u00e9. Un d\u00e9tail original : les diagrammes sont \u00e0 la fois des exercices pour les blancs et pour les noirs, c\u2019est-\u00e0-dire que quelque soit le trait il&hellip; <a class=\"more-link\" href=\"https:\/\/progresser-aux-echecs.com\/?page_id=1684\">Poursuivre la lecture <span class=\"screen-reader-text\">Blokh M., Combinative Motifs<\/span><\/a><\/p>\n","protected":false},"author":1,"featured_media":0,"parent":0,"menu_order":0,"comment_status":"closed","ping_status":"closed","template":"","meta":{"footnotes":""},"class_list":["post-1684","page","type-page","status-publish","hentry","entry"],"_links":{"self":[{"href":"https:\/\/progresser-aux-echecs.com\/index.php?rest_route=\/wp\/v2\/pages\/1684","targetHints":{"allow":["GET"]}}],"collection":[{"href":"https:\/\/progresser-aux-echecs.com\/index.php?rest_route=\/wp\/v2\/pages"}],"about":[{"href":"https:\/\/progresser-aux-echecs.com\/index.php?rest_route=\/wp\/v2\/types\/page"}],"author":[{"embeddable":true,"href":"https:\/\/progresser-aux-echecs.com\/index.php?rest_route=\/wp\/v2\/users\/1"}],"replies":[{"embeddable":true,"href":"https:\/\/progresser-aux-echecs.com\/index.php?rest_route=%2Fwp%2Fv2%2Fcomments&post=1684"}],"version-history":[{"count":2,"href":"https:\/\/progresser-aux-echecs.com\/index.php?rest_route=\/wp\/v2\/pages\/1684\/revisions"}],"predecessor-version":[{"id":3310,"href":"https:\/\/progresser-aux-echecs.com\/index.php?rest_route=\/wp\/v2\/pages\/1684\/revisions\/3310"}],"wp:attachment":[{"href":"https:\/\/progresser-aux-echecs.com\/index.php?rest_route=%2Fwp%2Fv2%2Fmedia&parent=1684"}],"curies":[{"name":"wp","href":"https:\/\/api.w.org\/{rel}","templated":true}]}}