{"id":1676,"date":"2018-01-16T11:21:30","date_gmt":"2018-01-16T10:21:30","guid":{"rendered":"http:\/\/www.progresser-aux-echecs.com\/?page_id=1676"},"modified":"2022-07-27T13:44:39","modified_gmt":"2022-07-27T11:44:39","slug":"lipnitsky-i-questions-of-modern-chess-theory","status":"publish","type":"page","link":"https:\/\/progresser-aux-echecs.com\/?page_id=1676","title":{"rendered":"Lipnitsky I., Questions of Modern Chess Theory"},"content":{"rendered":"<h1>Quality Chess, 2008<\/h1>\n<p><a href=\"https:\/\/www.progresser-aux-echecs.com\/wp-content\/uploads\/2014\/01\/lipnitsky.jpg\"><img loading=\"lazy\" decoding=\"async\" class=\"alignright size-full wp-image-645\" src=\"http:\/\/www.progresser-aux-echecs.com\/wp-content\/uploads\/2014\/01\/lipnitsky.jpg\" alt=\"lipnitsky\" width=\"99\" height=\"145\" \/><\/a>Isaac Lipnitsky, double Champion d&rsquo;Ukraine, a publi\u00e9 cet ouvrage en 1956, en langue russe. Il y explique <strong>la strat\u00e9gie dans les ouvertures<\/strong>, en int\u00e9grant les id\u00e9es, nouvelles \u00e0 l&rsquo;\u00e9poque, de l&rsquo;\u00e9cole sovi\u00e9tique.<\/p>\n<p>Remarquons au passage que depuis 1956 l&rsquo;eau a coul\u00e9 sous les ponts : la th\u00e9orie des ouvertures a connu une v\u00e9ritable explosion, et les joueurs sont devenus beaucoup plus pragmatiques. Mais les principes strat\u00e9giques, eux, n&rsquo;ont pas chang\u00e9, et c&rsquo;est ce qui fait l&rsquo;<strong>\u00e9tonnante modernit\u00e9<\/strong> de ce livre.<\/p>\n<p>Il est divis\u00e9 en seize chapitres, qui traitent des th\u00e8mes et notions vari\u00e9es comme le centre, l&rsquo;\u00e9valuation d&rsquo;une position, l&rsquo;approche concr\u00e8te, ou l&rsquo;initiative. Il prend bien souvent ses exemples dans les parties d&rsquo;Alekhine, de Botvinnik, ou dans les siennes.<\/p>\n<p>Comme l&rsquo;explique Karpov dans la pr\u00e9face, le travail de Lipnitsky a eu une <strong>influence consid\u00e9rable<\/strong> sur les joueurs de l&rsquo;\u00e9lite, par exemple Botvinnik et Fischer, qui le citaient r\u00e9guli\u00e8rement dans leurs analyses.<\/p>\n<p>Mais les joueurs de l&rsquo;ouest n&rsquo;avaient pas acc\u00e8s \u00e0 cet ouvrage publi\u00e9 en russe, hormis quelques russophones comme Fischer, et il aura fallu attendre l&rsquo;ann\u00e9e 2008 pour qu&rsquo;on puisse enfin le lire <strong>en anglais<\/strong>.<\/p>\n<p>Cependant, les <strong>id\u00e9es<\/strong> de Lipnitsky ont d\u00e9j\u00e0 \u00e9t\u00e9 <strong>assimil\u00e9es et utilis\u00e9es<\/strong> par tous les auteurs de l&rsquo;est, et ses exemples ont \u00e9t\u00e9 abondamment repris dans diff\u00e9rents ouvrages qui eux ont \u00e9t\u00e9 traduit en anglais. Donc rien de r\u00e9volutionnaire aujourd&rsquo;hui dans ce livre, mais il est bien structur\u00e9, agr\u00e9able \u00e0 lire, les exemples sont bien choisis, alors pourquoi se contenter des imitations\u00a0?<\/p>\n<p>Recommand\u00e9 <strong>\u00e0 partir de 1800<\/strong> \u00e9lo.<\/p>\n","protected":false},"excerpt":{"rendered":"<p>Quality Chess, 2008 Isaac Lipnitsky, double Champion d&rsquo;Ukraine, a publi\u00e9 cet ouvrage en 1956, en langue russe. Il y explique la strat\u00e9gie dans les ouvertures, en int\u00e9grant les id\u00e9es, nouvelles \u00e0 l&rsquo;\u00e9poque, de l&rsquo;\u00e9cole sovi\u00e9tique. Remarquons au passage que depuis 1956 l&rsquo;eau a coul\u00e9 sous les ponts : la th\u00e9orie des ouvertures a connu une&hellip; <a class=\"more-link\" href=\"https:\/\/progresser-aux-echecs.com\/?page_id=1676\">Poursuivre la lecture <span class=\"screen-reader-text\">Lipnitsky I., Questions of Modern Chess Theory<\/span><\/a><\/p>\n","protected":false},"author":1,"featured_media":0,"parent":0,"menu_order":0,"comment_status":"closed","ping_status":"closed","template":"","meta":{"footnotes":""},"class_list":["post-1676","page","type-page","status-publish","hentry","entry"],"_links":{"self":[{"href":"https:\/\/progresser-aux-echecs.com\/index.php?rest_route=\/wp\/v2\/pages\/1676","targetHints":{"allow":["GET"]}}],"collection":[{"href":"https:\/\/progresser-aux-echecs.com\/index.php?rest_route=\/wp\/v2\/pages"}],"about":[{"href":"https:\/\/progresser-aux-echecs.com\/index.php?rest_route=\/wp\/v2\/types\/page"}],"author":[{"embeddable":true,"href":"https:\/\/progresser-aux-echecs.com\/index.php?rest_route=\/wp\/v2\/users\/1"}],"replies":[{"embeddable":true,"href":"https:\/\/progresser-aux-echecs.com\/index.php?rest_route=%2Fwp%2Fv2%2Fcomments&post=1676"}],"version-history":[{"count":2,"href":"https:\/\/progresser-aux-echecs.com\/index.php?rest_route=\/wp\/v2\/pages\/1676\/revisions"}],"predecessor-version":[{"id":3308,"href":"https:\/\/progresser-aux-echecs.com\/index.php?rest_route=\/wp\/v2\/pages\/1676\/revisions\/3308"}],"wp:attachment":[{"href":"https:\/\/progresser-aux-echecs.com\/index.php?rest_route=%2Fwp%2Fv2%2Fmedia&parent=1676"}],"curies":[{"name":"wp","href":"https:\/\/api.w.org\/{rel}","templated":true}]}}