{"id":1674,"date":"2018-01-16T11:20:25","date_gmt":"2018-01-16T10:20:25","guid":{"rendered":"http:\/\/www.progresser-aux-echecs.com\/?page_id=1674"},"modified":"2022-07-27T13:44:18","modified_gmt":"2022-07-27T11:44:18","slug":"dvoretsky-m-yusupov-a-positional-play","status":"publish","type":"page","link":"https:\/\/progresser-aux-echecs.com\/?page_id=1674","title":{"rendered":"Dvoretsky M., Yusupov A., Positional Play"},"content":{"rendered":"<h1>Batsford, 1996<\/h1>\n<p><a href=\"https:\/\/www.progresser-aux-echecs.com\/wp-content\/uploads\/2014\/01\/dvo_posi.jpg\"><img loading=\"lazy\" decoding=\"async\" class=\"alignright size-full wp-image-636\" src=\"http:\/\/www.progresser-aux-echecs.com\/wp-content\/uploads\/2014\/01\/dvo_posi.jpg\" alt=\"dvo_posi\" width=\"93\" height=\"145\" \/><\/a>Dvoretsky est un entra\u00eeneur typique de l&rsquo;<strong>\u00e9cole russe<\/strong> : tr\u00e8s exigeant et rigoureux. Mais aussi agr\u00e9able \u00e0 lire car il raconte beaucoup d&rsquo;anecdotes, et c&rsquo;est je pense cette combinaison d&rsquo;exigence et de l\u00e9g\u00e8ret\u00e9 qui le rend aussi efficace.<\/p>\n<p>Yusupov est l&rsquo;un de ses meilleurs \u00e9l\u00e8ves, trois fois demi-finaliste du Tournoi des Candidats. Il est devenu lui aussi entra\u00eeneur. Certains chapitres sont \u00e9crits par d&rsquo;autres auteurs, notamment un certain Kramnik.<\/p>\n<p>Ce livre a influenc\u00e9 beaucoup de joueurs dans leur compr\u00e9hension du jeu, et tout particuli\u00e8rement le brillant chapitre sur la <strong>prophylaxie<\/strong>, technique qui consiste \u00e0 anticiper les id\u00e9es adverses, les \u00e9valuer et ensuite les interdire quand elles en valent la peine.<\/p>\n<p>Je ne joue plus de la m\u00eame fa\u00e7on depuis que je l&rsquo;ai lu !<\/p>\n<p>De nombreux sujets positionnels sont abord\u00e9s, par diff\u00e9rents auteurs, et le lien entre les diff\u00e9rents chapitres n&rsquo;est pas toujours \u00e9vident. C&rsquo;est plus un <strong>recueil d&rsquo;articles et de cours<\/strong> un peu fourre-tout plut\u00f4t qu&rsquo;un manuel structur\u00e9, comme en t\u00e9moigne le chapitre de Kramnik sur la Hollandaise, qui est certes tr\u00e8s instructif positionellement mais arrive un peu comme un cheveu sur la soupe.<\/p>\n<p>Mais l&rsquo;excellente qualit\u00e9 de toutes les contributions en fait un ouvrage incontournable.<\/p>\n<p>Dans sa version initiale ce livre est probablement \u00e9puis\u00e9, mais une nouvelle version, peut-\u00eatre un peu remani\u00e9e, est sortie chez Olms en 2007 sous le titre \u00e0 rallonge School of Future Champions 4 : Secrets of Positional Play.<\/p>\n<p>Recommand\u00e9 si vous \u00eates motiv\u00e9 pour travailler dur. Elo <strong>minimum : 2000<\/strong>.<\/p>\n","protected":false},"excerpt":{"rendered":"<p>Batsford, 1996 Dvoretsky est un entra\u00eeneur typique de l&rsquo;\u00e9cole russe : tr\u00e8s exigeant et rigoureux. Mais aussi agr\u00e9able \u00e0 lire car il raconte beaucoup d&rsquo;anecdotes, et c&rsquo;est je pense cette combinaison d&rsquo;exigence et de l\u00e9g\u00e8ret\u00e9 qui le rend aussi efficace. Yusupov est l&rsquo;un de ses meilleurs \u00e9l\u00e8ves, trois fois demi-finaliste du Tournoi des Candidats. Il&hellip; <a class=\"more-link\" href=\"https:\/\/progresser-aux-echecs.com\/?page_id=1674\">Poursuivre la lecture <span class=\"screen-reader-text\">Dvoretsky M., Yusupov A., Positional Play<\/span><\/a><\/p>\n","protected":false},"author":1,"featured_media":0,"parent":0,"menu_order":0,"comment_status":"closed","ping_status":"closed","template":"","meta":{"footnotes":""},"class_list":["post-1674","page","type-page","status-publish","hentry","entry"],"_links":{"self":[{"href":"https:\/\/progresser-aux-echecs.com\/index.php?rest_route=\/wp\/v2\/pages\/1674","targetHints":{"allow":["GET"]}}],"collection":[{"href":"https:\/\/progresser-aux-echecs.com\/index.php?rest_route=\/wp\/v2\/pages"}],"about":[{"href":"https:\/\/progresser-aux-echecs.com\/index.php?rest_route=\/wp\/v2\/types\/page"}],"author":[{"embeddable":true,"href":"https:\/\/progresser-aux-echecs.com\/index.php?rest_route=\/wp\/v2\/users\/1"}],"replies":[{"embeddable":true,"href":"https:\/\/progresser-aux-echecs.com\/index.php?rest_route=%2Fwp%2Fv2%2Fcomments&post=1674"}],"version-history":[{"count":2,"href":"https:\/\/progresser-aux-echecs.com\/index.php?rest_route=\/wp\/v2\/pages\/1674\/revisions"}],"predecessor-version":[{"id":3307,"href":"https:\/\/progresser-aux-echecs.com\/index.php?rest_route=\/wp\/v2\/pages\/1674\/revisions\/3307"}],"wp:attachment":[{"href":"https:\/\/progresser-aux-echecs.com\/index.php?rest_route=%2Fwp%2Fv2%2Fmedia&parent=1674"}],"curies":[{"name":"wp","href":"https:\/\/api.w.org\/{rel}","templated":true}]}}