{"id":1672,"date":"2018-01-16T11:19:11","date_gmt":"2018-01-16T10:19:11","guid":{"rendered":"http:\/\/www.progresser-aux-echecs.com\/?page_id=1672"},"modified":"2022-07-27T13:43:50","modified_gmt":"2022-07-27T11:43:50","slug":"watson-j-secrets-of-modern-chess-strategy-advances-since-nimzowitsch","status":"publish","type":"page","link":"https:\/\/progresser-aux-echecs.com\/?page_id=1672","title":{"rendered":"Watson J., Secrets of modern chess strategy : advances since Nimzowitsch"},"content":{"rendered":"<h1>Gambit, 1999<\/h1>\n<div><\/div>\n<p><a href=\"https:\/\/www.progresser-aux-echecs.com\/wp-content\/uploads\/2014\/01\/watson.jpg\"><img loading=\"lazy\" decoding=\"async\" class=\"alignright size-full wp-image-634\" src=\"http:\/\/www.progresser-aux-echecs.com\/wp-content\/uploads\/2014\/01\/watson.jpg\" alt=\"watson\" width=\"100\" height=\"145\" \/><\/a>Je me m\u00e9fie toujours des titres racoleurs, surtout quand ils promettent des secrets. Mais l\u00e0 c&rsquo;est le sous-titre qui m&rsquo;a convaincu de l&rsquo;acheter, et aussi l&rsquo;excellente r\u00e9putation de l&rsquo;auteur, le <abbr title=\"Ma\u00eetre International\">MI<\/abbr> am\u00e9ricain John Watson.<\/p>\n<p>Dans une premi\u00e8re partie, Watson passe en revue tous les <strong>\u00e9l\u00e9ments strat\u00e9giques<\/strong> d\u00e9velopp\u00e9s par Nimzovitsch, et explique ce qui a \u00e9volu\u00e9 dans notre <strong>compr\u00e9hension du jeu<\/strong> depuis 1925.<\/p>\n<p>Dans la seconde partie, il d\u00e9veloppe son id\u00e9e principale : <strong>l&rsquo;ind\u00e9pendance vis-\u00e0-vis des r\u00e8gles<\/strong>. Les joueurs de haut niveau actuels ne se sentent plus oblig\u00e9s de suivre dogmatiquement les recommandations strat\u00e9giques classiques.<\/p>\n<p>Ils connaissent bien s\u00fbr ces r\u00e8gles et en tiennent quand m\u00eame compte bien souvent, mais la plupart du temps ils jouent simplement ce qui fonctionne le mieux, de fa\u00e7on tr\u00e8s <strong>pragmatique<\/strong>. Et il analyse de nombreux cas pour appuyer sa th\u00e8se, par exemple il constate que les joueurs modernes ne craignent plus du tout de placer un cavalier au bord, du moment qu&rsquo;il a un r\u00f4le utile et concret \u00e0 cet endroit.<\/p>\n<p>Qu&rsquo;on soit compl\u00e8tement d&rsquo;accord ou pas avec les id\u00e9es de Watson, on voit forc\u00e9ment les \u00e9checs sous un <strong>angle diff\u00e9rent<\/strong> apr\u00e8s l&rsquo;avoir lu, c&rsquo;est un excellent rem\u00e8de contre les entra\u00eeneurs-gourous aux m\u00e9thodes \u00e9chiqu\u00e9ennes infaillibles.<\/p>\n<p>Recommand\u00e9 pour des joueurs qui ma\u00eetrisent d\u00e9j\u00e0 bien les principes strat\u00e9giques classiques, disons <strong>au dessus<\/strong> d&rsquo;un \u00e9lo <strong>de 1900 ou 2000<\/strong>.<\/p>\n","protected":false},"excerpt":{"rendered":"<p>Gambit, 1999 Je me m\u00e9fie toujours des titres racoleurs, surtout quand ils promettent des secrets. Mais l\u00e0 c&rsquo;est le sous-titre qui m&rsquo;a convaincu de l&rsquo;acheter, et aussi l&rsquo;excellente r\u00e9putation de l&rsquo;auteur, le MI am\u00e9ricain John Watson. Dans une premi\u00e8re partie, Watson passe en revue tous les \u00e9l\u00e9ments strat\u00e9giques d\u00e9velopp\u00e9s par Nimzovitsch, et explique ce qui&hellip; <a class=\"more-link\" href=\"https:\/\/progresser-aux-echecs.com\/?page_id=1672\">Poursuivre la lecture <span class=\"screen-reader-text\">Watson J., Secrets of modern chess strategy : advances since Nimzowitsch<\/span><\/a><\/p>\n","protected":false},"author":1,"featured_media":0,"parent":0,"menu_order":0,"comment_status":"closed","ping_status":"closed","template":"","meta":{"footnotes":""},"class_list":["post-1672","page","type-page","status-publish","hentry","entry"],"_links":{"self":[{"href":"https:\/\/progresser-aux-echecs.com\/index.php?rest_route=\/wp\/v2\/pages\/1672","targetHints":{"allow":["GET"]}}],"collection":[{"href":"https:\/\/progresser-aux-echecs.com\/index.php?rest_route=\/wp\/v2\/pages"}],"about":[{"href":"https:\/\/progresser-aux-echecs.com\/index.php?rest_route=\/wp\/v2\/types\/page"}],"author":[{"embeddable":true,"href":"https:\/\/progresser-aux-echecs.com\/index.php?rest_route=\/wp\/v2\/users\/1"}],"replies":[{"embeddable":true,"href":"https:\/\/progresser-aux-echecs.com\/index.php?rest_route=%2Fwp%2Fv2%2Fcomments&post=1672"}],"version-history":[{"count":2,"href":"https:\/\/progresser-aux-echecs.com\/index.php?rest_route=\/wp\/v2\/pages\/1672\/revisions"}],"predecessor-version":[{"id":3306,"href":"https:\/\/progresser-aux-echecs.com\/index.php?rest_route=\/wp\/v2\/pages\/1672\/revisions\/3306"}],"wp:attachment":[{"href":"https:\/\/progresser-aux-echecs.com\/index.php?rest_route=%2Fwp%2Fv2%2Fmedia&parent=1672"}],"curies":[{"name":"wp","href":"https:\/\/api.w.org\/{rel}","templated":true}]}}