{"id":1668,"date":"2018-01-16T11:16:02","date_gmt":"2018-01-16T10:16:02","guid":{"rendered":"http:\/\/www.progresser-aux-echecs.com\/?page_id=1668"},"modified":"2022-07-27T13:43:25","modified_gmt":"2022-07-27T11:43:25","slug":"anatoly-terekhin-50-idees-strategiques-pour-gagner-aux-echecs","status":"publish","type":"page","link":"https:\/\/progresser-aux-echecs.com\/?page_id=1668","title":{"rendered":"Anatoly Terekhin, 50 id\u00e9es strat\u00e9giques pour gagner aux \u00e9checs"},"content":{"rendered":"<h1>Olibris, 2013<\/h1>\n<p><a href=\"https:\/\/www.progresser-aux-echecs.com\/wp-content\/uploads\/2014\/01\/terekhin.jpg\"><img loading=\"lazy\" decoding=\"async\" class=\"alignright size-full wp-image-633\" src=\"http:\/\/www.progresser-aux-echecs.com\/wp-content\/uploads\/2014\/01\/terekhin.jpg\" alt=\"terekhin\" width=\"116\" height=\"145\" \/><\/a>L&rsquo;auteur de ce livre publi\u00e9 chez Olibris est un entra\u00eeneur russe n\u00e9 en 1950, Ma\u00eetre FIDE. Jamais entendu parler de lui !<\/p>\n<p>Le concept marketing 100 parties de cela, 60 diagrammes sur ceci ou 50 id\u00e9es l\u00e0-dessus peut sembler superficiel et pourtant c&rsquo;est <strong>un bon format<\/strong> : on ne pr\u00e9tend pas tout couvrir (tant mieux car toute la strat\u00e9gie \u00e9chiqu\u00e9enne en un seul livre c&rsquo;est pr\u00e9somptueux) et l&rsquo;on segmente le contenu en courts chapitres qui peuvent se lire rapidement.<\/p>\n<p>Le texte est <strong>concis<\/strong>, les id\u00e9es sont expliqu\u00e9es clairement et rapidement. Ensuite place aux exemples, g\u00e9n\u00e9ralement des parties classiques, et l\u00e0 non plus pas de fioritures : les variantes sont courtes et peu nombreuses, c&rsquo;est la strat\u00e9gie qui prime. J&rsquo;appr\u00e9cie cette concision, mais les joueurs les plus faibles auraient s\u00fbrement appr\u00e9ci\u00e9 un peu plus d&rsquo;explications \u00e9crites dans les parties.<\/p>\n<p>Certains des th\u00e8mes abord\u00e9s sont classiques (principe des deux faiblesses, mauvais fou, etc&#8230;) mais d&rsquo;autres sont originaux.\u00a0Par exemple le chapitre <strong>hxg ou fxg<\/strong> nous apprend \u00e0 r\u00e9agir quand on a les noirs avec un roque f7-g7-h7 dans la situation o\u00f9 les blancs viennent de jouer Fx(cavalier ou fou)g6. En g\u00e9n\u00e9ral on doit ramener le pion h vers le centre, mais parfois les blancs risquent d&rsquo;obtenir de l&rsquo;attaque sur la colonne h maintenant semi-ouverte. L&rsquo;auteur d\u00e9cortique les m\u00e9canismes de cette attaque afin d&rsquo;apprendre \u00e0 l&rsquo;\u00e9valuer, et pouvoir ainsi d\u00e9cider quand on doit pr\u00e9f\u00e9rer fxg6 pour sauver notre roi. Tr\u00e8s instructif !<\/p>\n<p>Je recommande ce livre pour les joueurs de <strong>niveau 1600 \u00e0 2200 \u00e9lo<\/strong>. Tr\u00e8s utile aussi pour les entra\u00eeneurs, une mine d&rsquo;id\u00e9es pour pr\u00e9parer des cours.<\/p>\n","protected":false},"excerpt":{"rendered":"<p>Olibris, 2013 L&rsquo;auteur de ce livre publi\u00e9 chez Olibris est un entra\u00eeneur russe n\u00e9 en 1950, Ma\u00eetre FIDE. Jamais entendu parler de lui ! Le concept marketing 100 parties de cela, 60 diagrammes sur ceci ou 50 id\u00e9es l\u00e0-dessus peut sembler superficiel et pourtant c&rsquo;est un bon format : on ne pr\u00e9tend pas tout couvrir&hellip; <a class=\"more-link\" href=\"https:\/\/progresser-aux-echecs.com\/?page_id=1668\">Poursuivre la lecture <span class=\"screen-reader-text\">Anatoly Terekhin, 50 id\u00e9es strat\u00e9giques pour gagner aux \u00e9checs<\/span><\/a><\/p>\n","protected":false},"author":1,"featured_media":0,"parent":0,"menu_order":0,"comment_status":"closed","ping_status":"closed","template":"","meta":{"footnotes":""},"class_list":["post-1668","page","type-page","status-publish","hentry","entry"],"_links":{"self":[{"href":"https:\/\/progresser-aux-echecs.com\/index.php?rest_route=\/wp\/v2\/pages\/1668","targetHints":{"allow":["GET"]}}],"collection":[{"href":"https:\/\/progresser-aux-echecs.com\/index.php?rest_route=\/wp\/v2\/pages"}],"about":[{"href":"https:\/\/progresser-aux-echecs.com\/index.php?rest_route=\/wp\/v2\/types\/page"}],"author":[{"embeddable":true,"href":"https:\/\/progresser-aux-echecs.com\/index.php?rest_route=\/wp\/v2\/users\/1"}],"replies":[{"embeddable":true,"href":"https:\/\/progresser-aux-echecs.com\/index.php?rest_route=%2Fwp%2Fv2%2Fcomments&post=1668"}],"version-history":[{"count":2,"href":"https:\/\/progresser-aux-echecs.com\/index.php?rest_route=\/wp\/v2\/pages\/1668\/revisions"}],"predecessor-version":[{"id":3305,"href":"https:\/\/progresser-aux-echecs.com\/index.php?rest_route=\/wp\/v2\/pages\/1668\/revisions\/3305"}],"wp:attachment":[{"href":"https:\/\/progresser-aux-echecs.com\/index.php?rest_route=%2Fwp%2Fv2%2Fmedia&parent=1668"}],"curies":[{"name":"wp","href":"https:\/\/api.w.org\/{rel}","templated":true}]}}