{"id":1666,"date":"2018-01-16T11:14:08","date_gmt":"2018-01-16T10:14:08","guid":{"rendered":"http:\/\/www.progresser-aux-echecs.com\/?page_id=1666"},"modified":"2022-07-27T13:42:59","modified_gmt":"2022-07-27T11:42:59","slug":"euwe-m-jugement-et-plan","status":"publish","type":"page","link":"https:\/\/progresser-aux-echecs.com\/?page_id=1666","title":{"rendered":"Euwe M., Jugement et Plan"},"content":{"rendered":"<h1>Payot, 1973<\/h1>\n<div>\u00a0<a href=\"https:\/\/www.progresser-aux-echecs.com\/?attachment_id=1438\" rel=\"attachment wp-att-1438\"><img loading=\"lazy\" decoding=\"async\" class=\"alignright wp-image-1438\" src=\"http:\/\/www.progresser-aux-echecs.com\/wp-content\/uploads\/2017\/03\/euwe.jpg\" width=\"90\" height=\"149\" srcset=\"https:\/\/progresser-aux-echecs.com\/wp-content\/uploads\/2017\/03\/euwe.jpg 286w, https:\/\/progresser-aux-echecs.com\/wp-content\/uploads\/2017\/03\/euwe-181x300.jpg 181w\" sizes=\"auto, (max-width: 90px) 100vw, 90px\" \/><\/a><\/div>\n<div>\n<p>Ce manuel de strat\u00e9gie plut\u00f4t classique a une originalit\u00e9 annonc\u00e9e par son titre : chaque diagramme propos\u00e9 est analys\u00e9 suivant une m\u00e9thode qui consiste \u00e0 \u00e9tablir <strong>un jugement<\/strong>, puis \u00e0 d\u00e9finir <strong>un plan<\/strong>. C&rsquo;est la suite de <em>Position et combinaison<\/em>.<\/p>\n<p>L&rsquo;ex Champion du Monde &#8211; et professeur de math\u00e9matiques &#8211; est <strong>un excellent p\u00e9dagogue<\/strong>, et ce livre est agr\u00e9able \u00e0 lire, avec plus de texte que de variantes. Cependant le style est un peu vieillot &#8211; normal pour un ouvrage publi\u00e9 en 1952 &#8211; et <strong>la traduction est approximative<\/strong> pour certains termes techniques, par exemple les colonnes sont \u00ab\u00a0demi-ouvertes\u00a0\u00bb au lieu de \u00ab\u00a0semi-ouvertes\u00a0\u00bb.<\/p>\n<p>Bizarrement le court 1er chapitre ne parle que de positions tr\u00e8s tactiques, mais c&rsquo;est pour mieux \u00e9vacuer le sujet et se concentrer ensuite sur la strat\u00e9gie. Dans le chapitre 2 &#8211; <em>La majorit\u00e9 de pions sur l&rsquo;aile-dame<\/em> &#8211; l&rsquo;auteur pr\u00e9sente de bonnes parties tr\u00e8s instructives, en commen\u00e7ant par deux gains de Botvinnik. Dommage qu&rsquo;il pr\u00e9sente <strong>uniquement des victoires<\/strong> pour le d\u00e9tenteur de la majorit\u00e9 \u00e0 l&rsquo;aile-dame, \u00e7a peut donner la fausse impression au lecteur que cet atout positionnel est suffisant en soi pour gagner une partie.<\/p>\n<p>J&rsquo;aime bien le chapitre <em>Cavalier contre mauvais Fou<\/em>, avec encore d&rsquo;excellents exemples &#8211; par exemple sa d\u00e9faite contre Alekhine \u00e0 Londres en 1922. \u00c7a aussi c&rsquo;est appr\u00e9ciable : Euwe montre r\u00e9guli\u00e8rement <strong>ses d\u00e9faites<\/strong> , il est plus modeste que d&rsquo;autres&#8230; Je me demande bien pourquoi il n&rsquo;a pas aussi \u00e9crit un chapitre sur les nombreuses situations o\u00f9 le fou est sup\u00e9rieur au cavalier.<\/p>\n<p>Son chapitre <strong><em>Pions faibles<\/em><\/strong> traite du pion isol\u00e9, des pions pendants (nomm\u00e9s malheureusement <em>pions en l&rsquo;air<\/em>) et du pion arri\u00e9r\u00e9. C&rsquo;est tr\u00e8s court pour un sujet aussi vaste, mais \u00e7a peut constituer <strong>une base solide<\/strong> pour quelqu&rsquo;un qui d\u00e9couvre ces sujets.<\/p>\n<p>Le chapitre Colonnes ouvertes commence par l&rsquo;utilisation des colonnes semi-ouvertes et plus particuli\u00e8rement une \u00e9tude de <strong>l&rsquo;attaque de minorit\u00e9<\/strong>. Avec encore des exemples tr\u00e8s parlants, et une bonne suggestion d\u00e9fensive \u00e0 la fin. Ensuite quand l&rsquo;auteur s&rsquo;attaque au sujet proprement dit de la colonne ouverte <strong>il cite le travail de Nimzowitsch<\/strong>, et r\u00e9utilise les exemples classiques du grand th\u00e9oricien. Dans un style litt\u00e9raire beaucoup plus sobre !<\/p>\n<p>Recommand\u00e9 <strong>entre 1200 et 1800 \u00e9lo<\/strong>. Id\u00e9al pour acqu\u00e9rir de bonnes bases strat\u00e9giques.<\/p>\n<\/div>\n","protected":false},"excerpt":{"rendered":"<p>Payot, 1973 \u00a0 Ce manuel de strat\u00e9gie plut\u00f4t classique a une originalit\u00e9 annonc\u00e9e par son titre : chaque diagramme propos\u00e9 est analys\u00e9 suivant une m\u00e9thode qui consiste \u00e0 \u00e9tablir un jugement, puis \u00e0 d\u00e9finir un plan. C&rsquo;est la suite de Position et combinaison. L&rsquo;ex Champion du Monde &#8211; et professeur de math\u00e9matiques &#8211; est un&hellip; <a class=\"more-link\" href=\"https:\/\/progresser-aux-echecs.com\/?page_id=1666\">Poursuivre la lecture <span class=\"screen-reader-text\">Euwe M., Jugement et Plan<\/span><\/a><\/p>\n","protected":false},"author":1,"featured_media":0,"parent":0,"menu_order":0,"comment_status":"closed","ping_status":"closed","template":"","meta":{"footnotes":""},"class_list":["post-1666","page","type-page","status-publish","hentry","entry"],"_links":{"self":[{"href":"https:\/\/progresser-aux-echecs.com\/index.php?rest_route=\/wp\/v2\/pages\/1666","targetHints":{"allow":["GET"]}}],"collection":[{"href":"https:\/\/progresser-aux-echecs.com\/index.php?rest_route=\/wp\/v2\/pages"}],"about":[{"href":"https:\/\/progresser-aux-echecs.com\/index.php?rest_route=\/wp\/v2\/types\/page"}],"author":[{"embeddable":true,"href":"https:\/\/progresser-aux-echecs.com\/index.php?rest_route=\/wp\/v2\/users\/1"}],"replies":[{"embeddable":true,"href":"https:\/\/progresser-aux-echecs.com\/index.php?rest_route=%2Fwp%2Fv2%2Fcomments&post=1666"}],"version-history":[{"count":2,"href":"https:\/\/progresser-aux-echecs.com\/index.php?rest_route=\/wp\/v2\/pages\/1666\/revisions"}],"predecessor-version":[{"id":3304,"href":"https:\/\/progresser-aux-echecs.com\/index.php?rest_route=\/wp\/v2\/pages\/1666\/revisions\/3304"}],"wp:attachment":[{"href":"https:\/\/progresser-aux-echecs.com\/index.php?rest_route=%2Fwp%2Fv2%2Fmedia&parent=1666"}],"curies":[{"name":"wp","href":"https:\/\/api.w.org\/{rel}","templated":true}]}}