{"id":1664,"date":"2018-01-16T11:12:59","date_gmt":"2018-01-16T10:12:59","guid":{"rendered":"http:\/\/www.progresser-aux-echecs.com\/?page_id=1664"},"modified":"2022-07-27T13:42:06","modified_gmt":"2022-07-27T11:42:06","slug":"euwe-m-position-et-combinaison","status":"publish","type":"page","link":"https:\/\/progresser-aux-echecs.com\/?page_id=1664","title":{"rendered":"Euwe M., Position et combinaison"},"content":{"rendered":"<h1>Payot, 1968<\/h1>\n<p><a href=\"https:\/\/www.progresser-aux-echecs.com\/?attachment_id=1498\" rel=\"attachment wp-att-1498\"><img loading=\"lazy\" decoding=\"async\" class=\"alignright wp-image-1498\" src=\"http:\/\/www.progresser-aux-echecs.com\/wp-content\/uploads\/2017\/05\/position-combinaison-150x150.jpg\" alt=\"\" width=\"90\" height=\"148\" srcset=\"https:\/\/progresser-aux-echecs.com\/wp-content\/uploads\/2017\/05\/position-combinaison-183x300.jpg 183w, https:\/\/progresser-aux-echecs.com\/wp-content\/uploads\/2017\/05\/position-combinaison.jpg 304w\" sizes=\"auto, (max-width: 90px) 100vw, 90px\" \/><\/a>Contrairement \u00e0 ce qu&rsquo;indique le titre, ce n&rsquo;est pas du tout un manuel d&rsquo;apprentissage de la combinaison. Ce livre est plut\u00f4t un manuel de <strong>strat\u00e9gie \u00e9l\u00e9mentaire de l&rsquo;utilisation des pions<\/strong>. Le Champion du Monde Max Euwe y \u00e9tablit <strong>une th\u00e9orie du centre<\/strong> en fonction des diff\u00e9rentes structures de pions possibles. Classique et clair.<\/p>\n<p>Comme il s&rsquo;agit d&rsquo;un recueil d&rsquo;articles publi\u00e9s auparavant dans une revue, <strong>\u00e7a manque d&rsquo;unit\u00e9<\/strong> et certains chapitres semblent un peu \u00e0 part du reste de l&rsquo;ouvrage. Par exemple, apr\u00e8s diff\u00e9rents chapitre concernant les structures de pions, on a subitement un chapitre sur les m\u00e9thodes positionnelles pour activer le Fc8 dans le gambit-dame.<\/p>\n<p>La derni\u00e8re grande partie du livre est compos\u00e9e de <strong>dix parties<\/strong>, analys\u00e9es <strong>en lien direct avec la th\u00e9orie du centre<\/strong> \u00e9tablie au d\u00e9part. De belles et riches parties, presque toutes jou\u00e9es en 1948.<\/p>\n<p>Un livre tr\u00e8s clair et instructif. On retrouve les qualit\u00e9s p\u00e9dagogiques et le c\u00f4t\u00e9 vieillot constat\u00e9s dans ma critique de <em>Jugement et Plan<\/em>, la suite par le m\u00eame auteur. A lire ci-dessous.<\/p>\n<p>Recommand\u00e9 <strong>entre 1200 et 1800 \u00e9lo<\/strong>.<\/p>\n","protected":false},"excerpt":{"rendered":"<p>Payot, 1968 Contrairement \u00e0 ce qu&rsquo;indique le titre, ce n&rsquo;est pas du tout un manuel d&rsquo;apprentissage de la combinaison. Ce livre est plut\u00f4t un manuel de strat\u00e9gie \u00e9l\u00e9mentaire de l&rsquo;utilisation des pions. Le Champion du Monde Max Euwe y \u00e9tablit une th\u00e9orie du centre en fonction des diff\u00e9rentes structures de pions possibles. Classique et clair.&hellip; <a class=\"more-link\" href=\"https:\/\/progresser-aux-echecs.com\/?page_id=1664\">Poursuivre la lecture <span class=\"screen-reader-text\">Euwe M., Position et combinaison<\/span><\/a><\/p>\n","protected":false},"author":1,"featured_media":0,"parent":0,"menu_order":0,"comment_status":"closed","ping_status":"closed","template":"","meta":{"footnotes":""},"class_list":["post-1664","page","type-page","status-publish","hentry","entry"],"_links":{"self":[{"href":"https:\/\/progresser-aux-echecs.com\/index.php?rest_route=\/wp\/v2\/pages\/1664","targetHints":{"allow":["GET"]}}],"collection":[{"href":"https:\/\/progresser-aux-echecs.com\/index.php?rest_route=\/wp\/v2\/pages"}],"about":[{"href":"https:\/\/progresser-aux-echecs.com\/index.php?rest_route=\/wp\/v2\/types\/page"}],"author":[{"embeddable":true,"href":"https:\/\/progresser-aux-echecs.com\/index.php?rest_route=\/wp\/v2\/users\/1"}],"replies":[{"embeddable":true,"href":"https:\/\/progresser-aux-echecs.com\/index.php?rest_route=%2Fwp%2Fv2%2Fcomments&post=1664"}],"version-history":[{"count":2,"href":"https:\/\/progresser-aux-echecs.com\/index.php?rest_route=\/wp\/v2\/pages\/1664\/revisions"}],"predecessor-version":[{"id":3303,"href":"https:\/\/progresser-aux-echecs.com\/index.php?rest_route=\/wp\/v2\/pages\/1664\/revisions\/3303"}],"wp:attachment":[{"href":"https:\/\/progresser-aux-echecs.com\/index.php?rest_route=%2Fwp%2Fv2%2Fmedia&parent=1664"}],"curies":[{"name":"wp","href":"https:\/\/api.w.org\/{rel}","templated":true}]}}