{"id":1661,"date":"2018-01-16T11:11:58","date_gmt":"2018-01-16T10:11:58","guid":{"rendered":"http:\/\/www.progresser-aux-echecs.com\/?page_id=1661"},"modified":"2022-07-27T12:20:25","modified_gmt":"2022-07-27T10:20:25","slug":"capablanca-j-r-les-principes-fondamentaux-des-echecs","status":"publish","type":"page","link":"https:\/\/progresser-aux-echecs.com\/?page_id=1661","title":{"rendered":"Capablanca J.R., Les principes fondamentaux des \u00e9checs"},"content":{"rendered":"<h1>Olibris, 2016<\/h1>\n<p><a href=\"https:\/\/www.progresser-aux-echecs.com\/?attachment_id=1526\" rel=\"attachment wp-att-1526\"><img loading=\"lazy\" decoding=\"async\" class=\"alignright wp-image-1526 size-thumbnail\" src=\"http:\/\/www.progresser-aux-echecs.com\/wp-content\/uploads\/2017\/06\/capa-150x150.jpg\" alt=\"\" width=\"150\" height=\"150\" \/><\/a>Capablanca publie ce livre en 1921, un peu avant de devenir champion du monde.\u00a0 Dans sa pr\u00e9face de l&rsquo;\u00e9dition de 1934, il estime que l&rsquo;ouvrage n&rsquo;a pas vieilli &#8211; malgr\u00e9 les publications des Hypermodernes comme Mon Syt\u00e8me de Nimzowitsch en 1925 &#8211; et sera encore d&rsquo;actualit\u00e9 dans un si\u00e8cle, car les <strong>principes strat\u00e9giques<\/strong> fondamentaux sont <strong>immuables<\/strong>.<\/p>\n<p>Le livre s&rsquo;adresse \u00e0 des joueurs qui d\u00e9butent en comp\u00e9tition, et <strong>il part vraiment du d\u00e9but<\/strong> : les mats \u00e9l\u00e9mentaires comme Roi et Dame contre Roi sont expliqu\u00e9s. Mais il traite aussi de sujets plus riches comme les finales de tours, et certaines sont aussi passionnantes que complexes.<\/p>\n<p>Capablanca estime qu&rsquo;on doit <strong>d&rsquo;abord \u00e9tudier les finales<\/strong>, puis les milieux de jeu, et enfin les ouvertures, afin de savoir o\u00f9 l&rsquo;on va. Et il \u00e9tudie ces sujets dans cet ordre-l\u00e0. D&rsquo;ailleurs la part du livre r\u00e9serv\u00e9e \u00e0 l&rsquo;\u00e9tude des ouvertures est extr\u00eamement courte. Un choix p\u00e9dagogique int\u00e9ressant, pertinent encore aujourd&rsquo;hui quand on voit l&rsquo;obsession de la majorit\u00e9 des joueurs de club pour les ouvertures.<\/p>\n<p>Un tiers du livre &#8211; \u00e0 la fin &#8211; est r\u00e9serv\u00e9 \u00e0 l&rsquo;<strong>analyse de parties compl\u00e8tes<\/strong>. C&rsquo;est souvent les siennes, et souvent des d\u00e9faites ! Surprenant pour un joueur qui a perdu aussi peu de parties dans sa carri\u00e8re, mais il en profite pour \u00e9tablir pr\u00e9cis\u00e9ment la cause des d\u00e9faites et d\u00e9monte les analyses erron\u00e9es de ses contemporains.<\/p>\n<p>Ce n&rsquo;est <strong>pas un grand ouvrage th\u00e9orique<\/strong> &#8211; comme Mon Syst\u00e8me de Nimzowitsch &#8211; car l&rsquo;auteur conseille <strong>des m\u00e9thodes pratiques \u00e0 l&rsquo;aide d&rsquo;exemples<\/strong> plut\u00f4t que d&rsquo;\u00e9tablir une description profonde et compl\u00e8te du jeu. Mais c&rsquo;est un excellent recueil de bons conseils strat\u00e9giques et techniques, un point de d\u00e9part tr\u00e8s solide pour jouer en comp\u00e9tition.<\/p>\n<p>Le style d&rsquo;\u00e9criture est <strong>sobre, tr\u00e8s clair<\/strong>, et les variantes sont courtes. Plut\u00f4t que d&rsquo;expliquer longuement pourquoi une position est gagnante, il conseille de temps en temps aux d\u00e9butants de voir \u00e7a avec un professeur. Ou d&rsquo;y passer beaucoup de temps s&rsquo;ils n&rsquo;ont pas de prof. Le livre est court : la derni\u00e8re \u00e9dition chez Olibris ne fait que 116 pages.<\/p>\n<p>Recommand\u00e9 <strong>pour les apprentis comp\u00e9titeurs, jusqu&rsquo;\u00e0 1600 \u00e9lo<\/strong>. Mais les finales de tours et les parties compl\u00e8tes sont instructives pour tout niveau.<\/p>\n","protected":false},"excerpt":{"rendered":"<p>Olibris, 2016 Capablanca publie ce livre en 1921, un peu avant de devenir champion du monde.\u00a0 Dans sa pr\u00e9face de l&rsquo;\u00e9dition de 1934, il estime que l&rsquo;ouvrage n&rsquo;a pas vieilli &#8211; malgr\u00e9 les publications des Hypermodernes comme Mon Syt\u00e8me de Nimzowitsch en 1925 &#8211; et sera encore d&rsquo;actualit\u00e9 dans un si\u00e8cle, car les principes strat\u00e9giques&hellip; <a class=\"more-link\" href=\"https:\/\/progresser-aux-echecs.com\/?page_id=1661\">Poursuivre la lecture <span class=\"screen-reader-text\">Capablanca J.R., Les principes fondamentaux des \u00e9checs<\/span><\/a><\/p>\n","protected":false},"author":1,"featured_media":0,"parent":0,"menu_order":0,"comment_status":"closed","ping_status":"closed","template":"","meta":{"footnotes":""},"class_list":["post-1661","page","type-page","status-publish","hentry","entry"],"_links":{"self":[{"href":"https:\/\/progresser-aux-echecs.com\/index.php?rest_route=\/wp\/v2\/pages\/1661","targetHints":{"allow":["GET"]}}],"collection":[{"href":"https:\/\/progresser-aux-echecs.com\/index.php?rest_route=\/wp\/v2\/pages"}],"about":[{"href":"https:\/\/progresser-aux-echecs.com\/index.php?rest_route=\/wp\/v2\/types\/page"}],"author":[{"embeddable":true,"href":"https:\/\/progresser-aux-echecs.com\/index.php?rest_route=\/wp\/v2\/users\/1"}],"replies":[{"embeddable":true,"href":"https:\/\/progresser-aux-echecs.com\/index.php?rest_route=%2Fwp%2Fv2%2Fcomments&post=1661"}],"version-history":[{"count":2,"href":"https:\/\/progresser-aux-echecs.com\/index.php?rest_route=\/wp\/v2\/pages\/1661\/revisions"}],"predecessor-version":[{"id":3302,"href":"https:\/\/progresser-aux-echecs.com\/index.php?rest_route=\/wp\/v2\/pages\/1661\/revisions\/3302"}],"wp:attachment":[{"href":"https:\/\/progresser-aux-echecs.com\/index.php?rest_route=%2Fwp%2Fv2%2Fmedia&parent=1661"}],"curies":[{"name":"wp","href":"https:\/\/api.w.org\/{rel}","templated":true}]}}