{"id":1659,"date":"2018-01-16T11:10:45","date_gmt":"2018-01-16T10:10:45","guid":{"rendered":"http:\/\/www.progresser-aux-echecs.com\/?page_id=1659"},"modified":"2022-07-27T12:19:33","modified_gmt":"2022-07-27T10:19:33","slug":"nimzowitsch-a-pratique-de-mon-systeme","status":"publish","type":"page","link":"https:\/\/progresser-aux-echecs.com\/?page_id=1659","title":{"rendered":"Nimzowitsch A., Pratique de mon syst\u00e8me"},"content":{"rendered":"<h1>Payot, 2004<\/h1>\n<div><\/div>\n<div><a href=\"https:\/\/www.progresser-aux-echecs.com\/wp-content\/uploads\/2014\/01\/prat_systeme.jpg\"><img loading=\"lazy\" decoding=\"async\" class=\"alignright size-full wp-image-632\" src=\"http:\/\/www.progresser-aux-echecs.com\/wp-content\/uploads\/2014\/01\/prat_systeme.jpg\" alt=\"prat_systeme\" width=\"93\" height=\"145\" \/><\/a>Tout est dans le titre ! Pour ceux qui en veulent encore, apr\u00e8s les deux petits tomes pr\u00e9c\u00e9dents.<\/div>\n","protected":false},"excerpt":{"rendered":"<p>Payot, 2004 Tout est dans le titre ! Pour ceux qui en veulent encore, apr\u00e8s les deux petits tomes pr\u00e9c\u00e9dents.<\/p>\n","protected":false},"author":1,"featured_media":0,"parent":0,"menu_order":0,"comment_status":"closed","ping_status":"closed","template":"","meta":{"footnotes":""},"class_list":["post-1659","page","type-page","status-publish","hentry","entry"],"_links":{"self":[{"href":"https:\/\/progresser-aux-echecs.com\/index.php?rest_route=\/wp\/v2\/pages\/1659","targetHints":{"allow":["GET"]}}],"collection":[{"href":"https:\/\/progresser-aux-echecs.com\/index.php?rest_route=\/wp\/v2\/pages"}],"about":[{"href":"https:\/\/progresser-aux-echecs.com\/index.php?rest_route=\/wp\/v2\/types\/page"}],"author":[{"embeddable":true,"href":"https:\/\/progresser-aux-echecs.com\/index.php?rest_route=\/wp\/v2\/users\/1"}],"replies":[{"embeddable":true,"href":"https:\/\/progresser-aux-echecs.com\/index.php?rest_route=%2Fwp%2Fv2%2Fcomments&post=1659"}],"version-history":[{"count":2,"href":"https:\/\/progresser-aux-echecs.com\/index.php?rest_route=\/wp\/v2\/pages\/1659\/revisions"}],"predecessor-version":[{"id":3301,"href":"https:\/\/progresser-aux-echecs.com\/index.php?rest_route=\/wp\/v2\/pages\/1659\/revisions\/3301"}],"wp:attachment":[{"href":"https:\/\/progresser-aux-echecs.com\/index.php?rest_route=%2Fwp%2Fv2%2Fmedia&parent=1659"}],"curies":[{"name":"wp","href":"https:\/\/api.w.org\/{rel}","templated":true}]}}