{"id":1656,"date":"2018-01-16T11:09:19","date_gmt":"2018-01-16T10:09:19","guid":{"rendered":"http:\/\/www.progresser-aux-echecs.com\/?page_id=1656"},"modified":"2022-07-27T12:18:31","modified_gmt":"2022-07-27T10:18:31","slug":"nimzowitsch-a-mon-systeme","status":"publish","type":"page","link":"https:\/\/progresser-aux-echecs.com\/?page_id=1656","title":{"rendered":"Nimzowitsch A., Mon syst\u00e8me"},"content":{"rendered":"\n<h2 class=\"wp-block-heading\">( tomes 1 et 2 ), Olibris, 2022<\/h2>\n\n\n<div class=\"wp-block-image\">\n<figure class=\"alignright size-full is-resized\"><a href=\"https:\/\/progresser-aux-echecs.com\/wp-content\/uploads\/2022\/02\/mon_systeme_olibris.jpg\"><img loading=\"lazy\" decoding=\"async\" src=\"http:\/\/www.progresser-aux-echecs.com\/wp-content\/uploads\/2022\/02\/mon_systeme_olibris.jpg\" alt=\"\" class=\"wp-image-3161\" width=\"155\" height=\"196\" srcset=\"https:\/\/progresser-aux-echecs.com\/wp-content\/uploads\/2022\/02\/mon_systeme_olibris.jpg 620w, https:\/\/progresser-aux-echecs.com\/wp-content\/uploads\/2022\/02\/mon_systeme_olibris-238x300.jpg 238w\" sizes=\"auto, (max-width: 155px) 100vw, 155px\" \/><\/a><\/figure>\n<\/div>\n\n\n<p>Tous les fondements du <strong>jeu positionnel<\/strong> sont dans ce livre, r\u00e9volutionnaire \u00e0 sa sortie en 1925. Parmi les notions importantes que Nimzowitsch est le premier \u00e0 d\u00e9velopper, on peut citer la <strong>prophylaxie<\/strong>, mais aussi la <strong>blockade<\/strong> et autres <strong>cavaliers bloqueurs<\/strong> de pions.<\/p>\n\n\n\n<p>Quelques notions m\u00e9ritent aujourd&rsquo;hui des ajustements, comme sa th\u00e9orie de la <strong>surprotection<\/strong>, parfois utilisable mais dont il a surestim\u00e9 l&rsquo;importance, ou son point de vue un peu trop statique concernant le <strong>pion d isol\u00e9<\/strong>. Mais ces d\u00e9tails n&#8217;emp\u00eachent pas ce livre d&rsquo;\u00eatre formidablement pertinent aujourd&rsquo;hui encore.<\/p>\n\n\n\n<p>Son <strong>style ronflant<\/strong>, truff\u00e9 de jeux de mots et charg\u00e9 en m\u00e9taphores, en a rebut\u00e9 plus d&rsquo;un. Si vous lisez l&rsquo;Allemand, lisez-le en version originale, \u00e7a doit \u00eatre encore mieux.<\/p>\n\n\n\n<p>Pour <strong>tous niveaux<\/strong>, y compris les d\u00e9butants car l&rsquo;auteur commence vraiment par la base.<\/p>\n\n\n\n<p><a href=\"https:\/\/www.progresser-aux-echecs.com\/?p=3166\">Mon article concernant la r\u00e9\u00e9dition en 2022<\/a><\/p>\n","protected":false},"excerpt":{"rendered":"<p>( tomes 1 et 2 ), Olibris, 2022 Tous les fondements du jeu positionnel sont dans ce livre, r\u00e9volutionnaire \u00e0 sa sortie en 1925. Parmi les notions importantes que Nimzowitsch est le premier \u00e0 d\u00e9velopper, on peut citer la prophylaxie, mais aussi la blockade et autres cavaliers bloqueurs de pions. Quelques notions m\u00e9ritent aujourd&rsquo;hui des&hellip; <a class=\"more-link\" href=\"https:\/\/progresser-aux-echecs.com\/?page_id=1656\">Poursuivre la lecture <span class=\"screen-reader-text\">Nimzowitsch A., Mon syst\u00e8me<\/span><\/a><\/p>\n","protected":false},"author":1,"featured_media":0,"parent":0,"menu_order":0,"comment_status":"closed","ping_status":"closed","template":"","meta":{"footnotes":""},"class_list":["post-1656","page","type-page","status-publish","hentry","entry"],"_links":{"self":[{"href":"https:\/\/progresser-aux-echecs.com\/index.php?rest_route=\/wp\/v2\/pages\/1656","targetHints":{"allow":["GET"]}}],"collection":[{"href":"https:\/\/progresser-aux-echecs.com\/index.php?rest_route=\/wp\/v2\/pages"}],"about":[{"href":"https:\/\/progresser-aux-echecs.com\/index.php?rest_route=\/wp\/v2\/types\/page"}],"author":[{"embeddable":true,"href":"https:\/\/progresser-aux-echecs.com\/index.php?rest_route=\/wp\/v2\/users\/1"}],"replies":[{"embeddable":true,"href":"https:\/\/progresser-aux-echecs.com\/index.php?rest_route=%2Fwp%2Fv2%2Fcomments&post=1656"}],"version-history":[{"count":5,"href":"https:\/\/progresser-aux-echecs.com\/index.php?rest_route=\/wp\/v2\/pages\/1656\/revisions"}],"predecessor-version":[{"id":3300,"href":"https:\/\/progresser-aux-echecs.com\/index.php?rest_route=\/wp\/v2\/pages\/1656\/revisions\/3300"}],"wp:attachment":[{"href":"https:\/\/progresser-aux-echecs.com\/index.php?rest_route=%2Fwp%2Fv2%2Fmedia&parent=1656"}],"curies":[{"name":"wp","href":"https:\/\/api.w.org\/{rel}","templated":true}]}}