{"id":15,"date":"2014-01-02T18:35:25","date_gmt":"2014-01-02T17:35:25","guid":{"rendered":"http:\/\/www.progresser-aux-echecs.com\/?page_id=15"},"modified":"2023-12-01T10:45:32","modified_gmt":"2023-12-01T09:45:32","slug":"cours-particuliers","status":"publish","type":"page","link":"https:\/\/progresser-aux-echecs.com\/?page_id=15","title":{"rendered":"Cours particuliers"},"content":{"rendered":"<p id=\"grande_mt\" style=\"text-align: justify;\">Je donne des <strong>cours<\/strong> \u00e0 des \u00e9l\u00e8ves de tous niveaux, l&rsquo;essentiel \u00e9tant qu&rsquo;ils soient enthousiastes et d\u00e9termin\u00e9s \u00e0 travailler r\u00e9guli\u00e8rement.<\/p>\n<p style=\"text-align: justify;\">Lors d&rsquo;un premier cours, je commence par une <strong>analyse de parties<\/strong> r\u00e9centes de l&rsquo;\u00e9l\u00e8ve, deux ou trois parties jou\u00e9es contre des adversaires d&rsquo;un niveau proche.<br \/>\n\u00c7a permet de rep\u00e9rer les forces et faiblesses de l&rsquo;\u00e9l\u00e8ve, et j&rsquo;\u00e9tablis ensuite un <strong>programme d&rsquo;entra\u00eenement<\/strong> adapt\u00e9.<\/p>\n<p style=\"text-align: justify;\">Je donne g\u00e9n\u00e9ralement mes <strong>cours en visio<\/strong> sur Zoom. Je dispense aussi des cours <strong>chez moi<\/strong> \u00e0 Poitiers.<\/p>\n<p style=\"text-align: justify;\"><a href=\"https:\/\/www.progresser-aux-echecs.com\/?page_id=35\">Contactez-moi<\/a> pour conna\u00eetre mes disponibilit\u00e9s : j&rsquo;ai peu de cr\u00e9neaux libres.<\/p>\n","protected":false},"excerpt":{"rendered":"<p>Je donne des cours \u00e0 des \u00e9l\u00e8ves de tous niveaux, l&rsquo;essentiel \u00e9tant qu&rsquo;ils soient enthousiastes et d\u00e9termin\u00e9s \u00e0 travailler r\u00e9guli\u00e8rement. Lors d&rsquo;un premier cours, je commence par une analyse de parties r\u00e9centes de l&rsquo;\u00e9l\u00e8ve, deux ou trois parties jou\u00e9es contre des adversaires d&rsquo;un niveau proche. \u00c7a permet de rep\u00e9rer les forces et faiblesses de l&rsquo;\u00e9l\u00e8ve,&hellip; <a class=\"more-link\" href=\"https:\/\/progresser-aux-echecs.com\/?page_id=15\">Poursuivre la lecture <span class=\"screen-reader-text\">Cours particuliers<\/span><\/a><\/p>\n","protected":false},"author":1,"featured_media":0,"parent":0,"menu_order":0,"comment_status":"closed","ping_status":"closed","template":"","meta":{"footnotes":""},"class_list":["post-15","page","type-page","status-publish","hentry","entry"],"_links":{"self":[{"href":"https:\/\/progresser-aux-echecs.com\/index.php?rest_route=\/wp\/v2\/pages\/15","targetHints":{"allow":["GET"]}}],"collection":[{"href":"https:\/\/progresser-aux-echecs.com\/index.php?rest_route=\/wp\/v2\/pages"}],"about":[{"href":"https:\/\/progresser-aux-echecs.com\/index.php?rest_route=\/wp\/v2\/types\/page"}],"author":[{"embeddable":true,"href":"https:\/\/progresser-aux-echecs.com\/index.php?rest_route=\/wp\/v2\/users\/1"}],"replies":[{"embeddable":true,"href":"https:\/\/progresser-aux-echecs.com\/index.php?rest_route=%2Fwp%2Fv2%2Fcomments&post=15"}],"version-history":[{"count":29,"href":"https:\/\/progresser-aux-echecs.com\/index.php?rest_route=\/wp\/v2\/pages\/15\/revisions"}],"predecessor-version":[{"id":3977,"href":"https:\/\/progresser-aux-echecs.com\/index.php?rest_route=\/wp\/v2\/pages\/15\/revisions\/3977"}],"wp:attachment":[{"href":"https:\/\/progresser-aux-echecs.com\/index.php?rest_route=%2Fwp%2Fv2%2Fmedia&parent=15"}],"curies":[{"name":"wp","href":"https:\/\/api.w.org\/{rel}","templated":true}]}}