{"id":1296,"date":"2016-07-05T18:20:03","date_gmt":"2016-07-05T16:20:03","guid":{"rendered":"http:\/\/www.progresser-aux-echecs.com\/?page_id=1296"},"modified":"2024-11-15T10:30:48","modified_gmt":"2024-11-15T09:30:48","slug":"stage-diffe","status":"publish","type":"page","link":"https:\/\/progresser-aux-echecs.com\/?page_id=1296","title":{"rendered":"Stages DIFFE, DAFFE et DEFFE"},"content":{"rendered":"\n<figure class=\"wp-block-image size-full\"><a href=\"https:\/\/progresser-aux-echecs.com\/wp-content\/uploads\/2024\/11\/atelier_1b_Tours_2024.jpg\"><img loading=\"lazy\" decoding=\"async\" width=\"700\" height=\"525\" src=\"https:\/\/progresser-aux-echecs.com\/wp-content\/uploads\/2024\/11\/atelier_1b_Tours_2024.jpg\" alt=\"\" class=\"wp-image-4162\" srcset=\"https:\/\/progresser-aux-echecs.com\/wp-content\/uploads\/2024\/11\/atelier_1b_Tours_2024.jpg 700w, https:\/\/progresser-aux-echecs.com\/wp-content\/uploads\/2024\/11\/atelier_1b_Tours_2024-300x225.jpg 300w\" sizes=\"auto, (max-width: 700px) 100vw, 700px\" \/><\/a><figcaption class=\"wp-element-caption\">Stage DEFFE 1 de Tours &#8211; octobre 2024 &#8211; Atelier de r\u00e9daction du cours d&rsquo;oral blanc<\/figcaption><\/figure>\n\n\n\n<p>Je suis <strong>formateur<\/strong> pour la F\u00e9d\u00e9ration Fran\u00e7aise des Echecs, avec deux sp\u00e9cialit\u00e9s :<br>&#8211; <strong>Professeur<\/strong>, c&rsquo;est-\u00e0-dire titulaire du <strong>DAFFE 3<\/strong>, le dipl\u00f4me d&rsquo;Animateur 3e degr\u00e9 de la FFE<br>&#8211; <strong>Ma\u00eetre-entra\u00eeneur<\/strong>, c&rsquo;est-\u00e0-dire titulaire du <strong>DEFFE 3<\/strong>, le dipl\u00f4me d&rsquo;Entra\u00eeneur 3e degr\u00e9 de la FFE<\/p>\n\n\n\n<figure class=\"wp-block-image size-medium\"><a href=\"https:\/\/progresser-aux-echecs.com\/wp-content\/uploads\/2014\/01\/deffe.jpg\"><img loading=\"lazy\" decoding=\"async\" width=\"300\" height=\"213\" src=\"https:\/\/progresser-aux-echecs.com\/wp-content\/uploads\/2014\/01\/deffe-300x213.jpg\" alt=\"\" class=\"wp-image-553\" srcset=\"https:\/\/progresser-aux-echecs.com\/wp-content\/uploads\/2014\/01\/deffe-300x213.jpg 300w, https:\/\/progresser-aux-echecs.com\/wp-content\/uploads\/2014\/01\/deffe.jpg 420w\" sizes=\"auto, (max-width: 300px) 100vw, 300px\" \/><\/a><\/figure>\n\n\n\n<p>Ces dipl\u00f4mes me qualifient pour former des <strong>Initiateurs<\/strong>, des <strong>Animateurs<\/strong> et des <strong>Entra\u00eeneurs <\/strong>avec pour objectif qu&rsquo;ils obtiennent le dipl\u00f4me <strong>DIFFE<\/strong>, <strong>DAFFE<\/strong> (1, 2 ou 3) ou <strong>DEFFE<\/strong> (1, 2 ou 3).<\/p>\n\n\n\n<figure class=\"wp-block-image size-large is-resized\"><img decoding=\"async\" src=\"https:\/\/progresser-aux-echecs.com\/wp-content\/uploads\/2024\/02\/atelier_la-rochelle_2024.jpg\" alt=\"\" style=\"width:706px;height:auto\"\/><figcaption class=\"wp-element-caption\">Stage DIFFE de La Rochelle &#8211; f\u00e9vrier 2024 &#8211; Atelier de construction d&rsquo;un cours d&rsquo;initiation<\/figcaption><\/figure>\n\n\n\n<p>Les stages d&rsquo;Initiateur se font g\u00e9n\u00e9ralement sur deux jours, <br>les formations d&rsquo;Animateur sur quatre jours et celles d&rsquo;Entra\u00eeneur durent cinq jours.<\/p>\n\n\n\n<figure class=\"wp-block-image size-full\"><a href=\"https:\/\/progresser-aux-echecs.com\/wp-content\/uploads\/2024\/09\/Montpellier-2024-etudes.jpg\"><img loading=\"lazy\" decoding=\"async\" width=\"700\" height=\"525\" src=\"https:\/\/progresser-aux-echecs.com\/wp-content\/uploads\/2024\/09\/Montpellier-2024-etudes.jpg\" alt=\"\" class=\"wp-image-4125\" srcset=\"https:\/\/progresser-aux-echecs.com\/wp-content\/uploads\/2024\/09\/Montpellier-2024-etudes.jpg 700w, https:\/\/progresser-aux-echecs.com\/wp-content\/uploads\/2024\/09\/Montpellier-2024-etudes-300x225.jpg 300w\" sizes=\"auto, (max-width: 700px) 100vw, 700px\" \/><\/a><figcaption class=\"wp-element-caption\">Stage DEFFE 1 de Montpellier &#8211; ao\u00fbt 2024 &#8211; Atelier de r\u00e9solution d&rsquo;\u00e9tudes en bin\u00f4mes<\/figcaption><\/figure>\n\n\n\n<p><strong>Les examens<\/strong> \u00e9crit et oral ont lieu lors du dernier jour du stage.<\/p>\n\n\n\n<figure class=\"wp-block-image size-full\"><a href=\"https:\/\/progresser-aux-echecs.com\/wp-content\/uploads\/2024\/06\/stage_deffe1_Bordeaux-2024_ecrit.jpg\"><img loading=\"lazy\" decoding=\"async\" width=\"700\" height=\"525\" src=\"https:\/\/progresser-aux-echecs.com\/wp-content\/uploads\/2024\/06\/stage_deffe1_Bordeaux-2024_ecrit.jpg\" alt=\"\" class=\"wp-image-4083\" srcset=\"https:\/\/progresser-aux-echecs.com\/wp-content\/uploads\/2024\/06\/stage_deffe1_Bordeaux-2024_ecrit.jpg 700w, https:\/\/progresser-aux-echecs.com\/wp-content\/uploads\/2024\/06\/stage_deffe1_Bordeaux-2024_ecrit-300x225.jpg 300w\" sizes=\"auto, (max-width: 700px) 100vw, 700px\" \/><\/a><figcaption class=\"wp-element-caption\">Stage DEFFE 1 de Bordeaux &#8211; avril 2024 &#8211; L&rsquo;\u00e9preuve \u00e9crite<\/figcaption><\/figure>\n\n\n\n<p><a href=\"http:\/\/www.echecs.asso.fr\/Actus\/2873\/DIFFE_2021.pdf\">Le r\u00e8glement du DIFFE<\/a><\/p>\n\n\n\n<p><a href=\"http:\/\/www.echecs.asso.fr\/Actus\/2873\/DAFFE1_2024.pdf\">Le r\u00e8glement du DAFFE 1<\/a><\/p>\n\n\n\n<p><a href=\"http:\/\/www.echecs.asso.fr\/Actus\/2873\/DEFFE1_2024.pdf\">Le r\u00e8glement du DEFFE 1<\/a><\/p>\n\n\n\n<figure class=\"wp-block-image size-large\"><a href=\"https:\/\/progresser-aux-echecs.com\/wp-content\/uploads\/2021\/05\/limoges-daffe-avril2021-atelier-lichess-zoom-2.jpg\"><img loading=\"lazy\" decoding=\"async\" width=\"1024\" height=\"548\" src=\"http:\/\/www.progresser-aux-echecs.com\/wp-content\/uploads\/2021\/05\/limoges-daffe-avril2021-atelier-lichess-zoom-2-1024x548.jpg\" alt=\"\" class=\"wp-image-2786\" srcset=\"https:\/\/progresser-aux-echecs.com\/wp-content\/uploads\/2021\/05\/limoges-daffe-avril2021-atelier-lichess-zoom-2-1024x548.jpg 1024w, https:\/\/progresser-aux-echecs.com\/wp-content\/uploads\/2021\/05\/limoges-daffe-avril2021-atelier-lichess-zoom-2-300x160.jpg 300w, https:\/\/progresser-aux-echecs.com\/wp-content\/uploads\/2021\/05\/limoges-daffe-avril2021-atelier-lichess-zoom-2-768x411.jpg 768w, https:\/\/progresser-aux-echecs.com\/wp-content\/uploads\/2021\/05\/limoges-daffe-avril2021-atelier-lichess-zoom-2.jpg 1092w\" sizes=\"auto, (max-width: 1024px) 100vw, 1024px\" \/><\/a><figcaption class=\"wp-element-caption\">Stage DAFFE 1 de l&rsquo;Echiquier Limousin &#8211; avril 2021 &#8211; Atelier de cr\u00e9ation d&rsquo;un cours \u00e0 distance, avec zoom et lichess<\/figcaption><\/figure>\n\n\n\n<p>Si vous \u00eates dirigeant de ligue, de comit\u00e9 d\u00e9partemental ou de club et que vous souhaitez que je forme vos intervenants : <a href=\"http:\/\/www.progresser-aux-echecs.com\/?page_id=35\">contactez-moi<\/a> pour conna\u00eetre mes disponibilit\u00e9s et obtenir un devis.<\/p>\n\n\n\n<p><a href=\"http:\/\/www.echecs.asso.fr\/Actus\/2875\/Cahier_des_Charges_Formation_FFE-2024.pdf\">Le cahier des charges<\/a> pour l&rsquo;organisation des stages FFE<\/p>\n\n\n\n<figure class=\"wp-block-image size-large\"><a href=\"https:\/\/progresser-aux-echecs.com\/wp-content\/uploads\/2019\/12\/niort-diffe-b.jpg\"><img loading=\"lazy\" decoding=\"async\" width=\"800\" height=\"600\" src=\"http:\/\/www.progresser-aux-echecs.com\/wp-content\/uploads\/2019\/12\/niort-diffe-b.jpg\" alt=\"\" class=\"wp-image-2294\" srcset=\"https:\/\/progresser-aux-echecs.com\/wp-content\/uploads\/2019\/12\/niort-diffe-b.jpg 800w, https:\/\/progresser-aux-echecs.com\/wp-content\/uploads\/2019\/12\/niort-diffe-b-300x225.jpg 300w, https:\/\/progresser-aux-echecs.com\/wp-content\/uploads\/2019\/12\/niort-diffe-b-768x576.jpg 768w\" sizes=\"auto, (max-width: 800px) 100vw, 800px\" \/><\/a><figcaption class=\"wp-element-caption\">Stage DIFFE \u00e0 Niort &#8211; d\u00e9cembre 2019<\/figcaption><\/figure>\n\n\n\n<p><\/p>\n","protected":false},"excerpt":{"rendered":"<p>Je suis formateur pour la F\u00e9d\u00e9ration Fran\u00e7aise des Echecs, avec deux sp\u00e9cialit\u00e9s :&#8211; Professeur, c&rsquo;est-\u00e0-dire titulaire du DAFFE 3, le dipl\u00f4me d&rsquo;Animateur 3e degr\u00e9 de la FFE&#8211; Ma\u00eetre-entra\u00eeneur, c&rsquo;est-\u00e0-dire titulaire du DEFFE 3, le dipl\u00f4me d&rsquo;Entra\u00eeneur 3e degr\u00e9 de la FFE Ces dipl\u00f4mes me qualifient pour former des Initiateurs, des Animateurs et des Entra\u00eeneurs avec&hellip; <a class=\"more-link\" href=\"https:\/\/progresser-aux-echecs.com\/?page_id=1296\">Poursuivre la lecture <span class=\"screen-reader-text\">Stages DIFFE, DAFFE et DEFFE<\/span><\/a><\/p>\n","protected":false},"author":1,"featured_media":0,"parent":2,"menu_order":0,"comment_status":"closed","ping_status":"closed","template":"","meta":{"footnotes":""},"class_list":["post-1296","page","type-page","status-publish","hentry","entry"],"_links":{"self":[{"href":"https:\/\/progresser-aux-echecs.com\/index.php?rest_route=\/wp\/v2\/pages\/1296","targetHints":{"allow":["GET"]}}],"collection":[{"href":"https:\/\/progresser-aux-echecs.com\/index.php?rest_route=\/wp\/v2\/pages"}],"about":[{"href":"https:\/\/progresser-aux-echecs.com\/index.php?rest_route=\/wp\/v2\/types\/page"}],"author":[{"embeddable":true,"href":"https:\/\/progresser-aux-echecs.com\/index.php?rest_route=\/wp\/v2\/users\/1"}],"replies":[{"embeddable":true,"href":"https:\/\/progresser-aux-echecs.com\/index.php?rest_route=%2Fwp%2Fv2%2Fcomments&post=1296"}],"version-history":[{"count":18,"href":"https:\/\/progresser-aux-echecs.com\/index.php?rest_route=\/wp\/v2\/pages\/1296\/revisions"}],"predecessor-version":[{"id":4171,"href":"https:\/\/progresser-aux-echecs.com\/index.php?rest_route=\/wp\/v2\/pages\/1296\/revisions\/4171"}],"up":[{"embeddable":true,"href":"https:\/\/progresser-aux-echecs.com\/index.php?rest_route=\/wp\/v2\/pages\/2"}],"wp:attachment":[{"href":"https:\/\/progresser-aux-echecs.com\/index.php?rest_route=%2Fwp%2Fv2%2Fmedia&parent=1296"}],"curies":[{"name":"wp","href":"https:\/\/api.w.org\/{rel}","templated":true}]}}