{"id":1125,"date":"2015-11-28T14:45:17","date_gmt":"2015-11-28T13:45:17","guid":{"rendered":"http:\/\/www.progresser-aux-echecs.com\/?page_id=1125"},"modified":"2022-07-27T12:01:25","modified_gmt":"2022-07-27T10:01:25","slug":"simultanee","status":"publish","type":"page","link":"https:\/\/progresser-aux-echecs.com\/?page_id=1125","title":{"rendered":"Simultan\u00e9e"},"content":{"rendered":"<p style=\"text-align: justify;\">Une partie simultan\u00e9e consiste \u00e0 jouer <strong>plusieurs parties \u00e0 la fois<\/strong> contre diff\u00e9rents adversaires sur des \u00e9chiquiers s\u00e9par\u00e9s.<\/p>\n<figure id=\"attachment_2137\" aria-describedby=\"caption-attachment-2137\" style=\"width: 474px\" class=\"wp-caption aligncenter\"><a href=\"https:\/\/www.progresser-aux-echecs.com\/wp-content\/uploads\/2018\/11\/IMG_20181124_150447.jpg\"><img loading=\"lazy\" decoding=\"async\" class=\"size-large wp-image-2137\" src=\"http:\/\/www.progresser-aux-echecs.com\/wp-content\/uploads\/2018\/11\/IMG_20181124_150447-1024x768.jpg\" alt=\"\" width=\"474\" height=\"356\" srcset=\"https:\/\/progresser-aux-echecs.com\/wp-content\/uploads\/2018\/11\/IMG_20181124_150447-1024x768.jpg 1024w, https:\/\/progresser-aux-echecs.com\/wp-content\/uploads\/2018\/11\/IMG_20181124_150447-300x225.jpg 300w, https:\/\/progresser-aux-echecs.com\/wp-content\/uploads\/2018\/11\/IMG_20181124_150447-768x576.jpg 768w, https:\/\/progresser-aux-echecs.com\/wp-content\/uploads\/2018\/11\/IMG_20181124_150447.jpg 1600w\" sizes=\"auto, (max-width: 474px) 100vw, 474px\" \/><\/a><figcaption id=\"caption-attachment-2137\" class=\"wp-caption-text\">Simultan\u00e9e \u00e0 Saintes en novembre 2018 contre 18 joueurs de club. R\u00e9sultat : 18 victoires<\/figcaption><\/figure>\n<p style=\"text-align: justify;\">C&rsquo;est une d\u00e9monstration tr\u00e8s impressionnante aussi bien pour les novices que pour les joueurs de club, id\u00e9ale pour <strong>faire la promotion des \u00e9checs<\/strong>.<\/p>\n<figure id=\"attachment_2096\" aria-describedby=\"caption-attachment-2096\" style=\"width: 600px\" class=\"wp-caption aligncenter\"><a href=\"https:\/\/www.progresser-aux-echecs.com\/wp-content\/uploads\/2018\/08\/simul-isaac-2018.jpg\"><img loading=\"lazy\" decoding=\"async\" class=\"size-full wp-image-2096\" src=\"http:\/\/www.progresser-aux-echecs.com\/wp-content\/uploads\/2018\/08\/simul-isaac-2018.jpg\" alt=\"\" width=\"600\" height=\"400\" srcset=\"https:\/\/progresser-aux-echecs.com\/wp-content\/uploads\/2018\/08\/simul-isaac-2018.jpg 600w, https:\/\/progresser-aux-echecs.com\/wp-content\/uploads\/2018\/08\/simul-isaac-2018-300x200.jpg 300w\" sizes=\"auto, (max-width: 600px) 100vw, 600px\" \/><\/a><figcaption id=\"caption-attachment-2096\" class=\"wp-caption-text\">Simultan\u00e9e \u00e0 Poitiers au lyc\u00e9e Isaac de l&rsquo;\u00e9toile contre 14 adversaires en juin 2018. R\u00e9sultat : 14 victoires<\/figcaption><\/figure>\n<p style=\"text-align: justify;\"><strong>Fonctionnement :<\/strong> On dispose les tables en carr\u00e9, et je prend les blancs sur tous les \u00e9chiquiers. Je commence par jouer mon coup sur l&rsquo;\u00e9chiquier 1, et mon adversaire 1 r\u00e9fl\u00e9chit \u00e0 sa r\u00e9ponse. Pendant ce temps je joue un coup sur chacun des \u00e9chiquiers suivants, et c&rsquo;est seulement quand j&rsquo;ai fait tout le tour et que je suis de retour \u00e0 l&rsquo;\u00e9chiquier 1 que mon adversaire 1 joue sa r\u00e9ponse. Je joue le coup suivant et c&rsquo;est reparti pour un tour !<\/p>\n<figure id=\"attachment_1099\" aria-describedby=\"caption-attachment-1099\" style=\"width: 800px\" class=\"wp-caption aligncenter\"><a href=\"https:\/\/www.progresser-aux-echecs.com\/wp-content\/uploads\/2015\/10\/Fontenay2015-simul-b.jpg\"><img loading=\"lazy\" decoding=\"async\" class=\"wp-image-1099 size-full\" src=\"http:\/\/www.progresser-aux-echecs.com\/wp-content\/uploads\/2015\/10\/Fontenay2015-simul-b.jpg\" alt=\"R\u00e9sultat final : 13 victoires et une nulle\" width=\"800\" height=\"450\" srcset=\"https:\/\/progresser-aux-echecs.com\/wp-content\/uploads\/2015\/10\/Fontenay2015-simul-b.jpg 800w, https:\/\/progresser-aux-echecs.com\/wp-content\/uploads\/2015\/10\/Fontenay2015-simul-b-300x169.jpg 300w\" sizes=\"auto, (max-width: 800px) 100vw, 800px\" \/><\/a><figcaption id=\"caption-attachment-1099\" class=\"wp-caption-text\">Simultan\u00e9e au club d&rsquo;\u00e9checs de Fontenay-le-Comte contre 14 adversaires en octobre 2015. R\u00e9sultat : 13 victoires et une nulle<\/figcaption><\/figure>\n<p style=\"text-align: justify;\"><strong>Dur\u00e9e :<\/strong> \u00c7a d\u00e9pend du niveau des joueurs, mais disons 1h pour 10 joueurs de club, 1h30 pour 15 joueurs et 2h30 pour 20 joueurs.<\/p>\n<p style=\"text-align: justify;\">Vous souhaitez organiser une simultan\u00e9e ?<br \/>\n<a href=\"https:\/\/www.progresser-aux-echecs.com\/?page_id=35\">Contactez-moi<\/a> pour conna\u00eetre mes disponibilit\u00e9s et obtenir un devis.<\/p>\n<figure id=\"attachment_2098\" aria-describedby=\"caption-attachment-2098\" style=\"width: 600px\" class=\"wp-caption aligncenter\"><a href=\"https:\/\/www.progresser-aux-echecs.com\/wp-content\/uploads\/2018\/08\/simul-marennes-2018-b.jpg\"><img loading=\"lazy\" decoding=\"async\" class=\"wp-image-2098 size-full\" src=\"http:\/\/www.progresser-aux-echecs.com\/wp-content\/uploads\/2018\/08\/simul-marennes-2018-b.jpg\" alt=\"\" width=\"600\" height=\"401\" srcset=\"https:\/\/progresser-aux-echecs.com\/wp-content\/uploads\/2018\/08\/simul-marennes-2018-b.jpg 600w, https:\/\/progresser-aux-echecs.com\/wp-content\/uploads\/2018\/08\/simul-marennes-2018-b-300x201.jpg 300w\" sizes=\"auto, (max-width: 600px) 100vw, 600px\" \/><\/a><figcaption id=\"caption-attachment-2098\" class=\"wp-caption-text\">Simultan\u00e9e au march\u00e9 de Marennes en mai 2018<\/figcaption><\/figure>\n","protected":false},"excerpt":{"rendered":"<p>Une partie simultan\u00e9e consiste \u00e0 jouer plusieurs parties \u00e0 la fois contre diff\u00e9rents adversaires sur des \u00e9chiquiers s\u00e9par\u00e9s. C&rsquo;est une d\u00e9monstration tr\u00e8s impressionnante aussi bien pour les novices que pour les joueurs de club, id\u00e9ale pour faire la promotion des \u00e9checs. Fonctionnement : On dispose les tables en carr\u00e9, et je prend les blancs sur&hellip; <a class=\"more-link\" href=\"https:\/\/progresser-aux-echecs.com\/?page_id=1125\">Poursuivre la lecture <span class=\"screen-reader-text\">Simultan\u00e9e<\/span><\/a><\/p>\n","protected":false},"author":1,"featured_media":0,"parent":2,"menu_order":0,"comment_status":"closed","ping_status":"closed","template":"","meta":{"footnotes":""},"class_list":["post-1125","page","type-page","status-publish","hentry","entry"],"_links":{"self":[{"href":"https:\/\/progresser-aux-echecs.com\/index.php?rest_route=\/wp\/v2\/pages\/1125","targetHints":{"allow":["GET"]}}],"collection":[{"href":"https:\/\/progresser-aux-echecs.com\/index.php?rest_route=\/wp\/v2\/pages"}],"about":[{"href":"https:\/\/progresser-aux-echecs.com\/index.php?rest_route=\/wp\/v2\/types\/page"}],"author":[{"embeddable":true,"href":"https:\/\/progresser-aux-echecs.com\/index.php?rest_route=\/wp\/v2\/users\/1"}],"replies":[{"embeddable":true,"href":"https:\/\/progresser-aux-echecs.com\/index.php?rest_route=%2Fwp%2Fv2%2Fcomments&post=1125"}],"version-history":[{"count":13,"href":"https:\/\/progresser-aux-echecs.com\/index.php?rest_route=\/wp\/v2\/pages\/1125\/revisions"}],"predecessor-version":[{"id":3294,"href":"https:\/\/progresser-aux-echecs.com\/index.php?rest_route=\/wp\/v2\/pages\/1125\/revisions\/3294"}],"up":[{"embeddable":true,"href":"https:\/\/progresser-aux-echecs.com\/index.php?rest_route=\/wp\/v2\/pages\/2"}],"wp:attachment":[{"href":"https:\/\/progresser-aux-echecs.com\/index.php?rest_route=%2Fwp%2Fv2%2Fmedia&parent=1125"}],"curies":[{"name":"wp","href":"https:\/\/api.w.org\/{rel}","templated":true}]}}